{"id":395,"date":"2021-08-27T12:11:46","date_gmt":"2021-08-27T12:11:46","guid":{"rendered":"http:\/\/dummy.xtemos.com\/woodmart2\/elementor\/?post_type=product&#038;p=395"},"modified":"2026-02-22T19:06:46","modified_gmt":"2026-02-22T19:06:46","slug":"ornare-auctor","status":"publish","type":"product","link":"http:\/\/www.bursaprofil.tr\/?product=ornare-auctor","title":{"rendered":"T\u00dcM PROF\u0130L \u00c7E\u015e\u0130TLER\u0130"},"content":{"rendered":"<p>FARKLI \u00d6L\u00c7\u00dc VE KALINLIKTA PROF\u0130\u0130L \u00c7E\u015e\u0130TLER\u0130<\/p>\n","protected":false},"excerpt":{"rendered":"<p>FARKLI \u00d6L\u00c7\u00dc VE KALINLIKTA PROF\u0130\u0130L \u00c7E\u015e\u0130TLER\u0130<\/p>\n","protected":false},"featured_media":15581,"template":"","meta":[],"product_cat":[20],"product_tag":[1604,1581,1580,1582,1584,1516,1583,1601,1585,1588,1586,1587,1595,1596,1599,1600,1597,1598,1589,1592,1590,1591,1602,1603,1593,1594],"class_list":{"0":"post-395","1":"product","2":"type-product","3":"status-publish","4":"has-post-thumbnail","6":"product_cat-kutuprofil","7":"product_tag-bursa-kucuk-sanayi-cati-malzemeleri","8":"product_tag-bursa-organize-sanayi-cati-malzemeleri","9":"product_tag-bursa-osb-cati-malzemeleri","10":"product_tag-bursa-osb-cati-paneli","11":"product_tag-bursa-osb-kutu-profil","12":"product_tag-bursa-osb-sandvic-panel","13":"product_tag-bursa-osb-trapez-sac","14":"product_tag-bursa-teknosab-cati-malzemeleri","15":"product_tag-demirtas-osb-cati-malzemeleri","16":"product_tag-demirtas-osb-kutu-profil","17":"product_tag-demirtas-osb-sandvic-panel","18":"product_tag-demirtas-osb-trapez-sac","19":"product_tag-hasanaga-osb-cati-malzemeleri","20":"product_tag-hasanaga-osb-sandvic-panel","21":"product_tag-inegol-osb-cati-malzemeleri","22":"product_tag-inegol-osb-sandvic-panel","23":"product_tag-kayapa-osb-cati-malzemeleri","24":"product_tag-kayapa-osb-trapez-sac","25":"product_tag-nosab-cati-malzemeleri","26":"product_tag-nosab-kutu-profil","27":"product_tag-nosab-sandvic-panel","28":"product_tag-nosab-trapez-sac","29":"product_tag-teknosab-sandvic-panel","30":"product_tag-teknosab-trapez-sac","31":"product_tag-ulutek-osb-cati-malzemeleri","32":"product_tag-ulutek-osb-sandvic-panel","34":"first","35":"instock","36":"shipping-taxable","37":"product-type-simple"},"yoast_head":"<!-- This site is optimized with the Yoast SEO plugin v25.9 - https:\/\/yoast.com\/wordpress\/plugins\/seo\/ -->\n<title>T\u00dcM PROF\u0130L \u00c7E\u015e\u0130TLER\u0130 - BURSA PROF\u0130L<\/title>\n<meta name=\"robots\" content=\"index, follow, max-snippet:-1, max-image-preview:large, max-video-preview:-1\" \/>\n<link rel=\"canonical\" href=\"http:\/\/www.bursaprofil.tr\/?product=ornare-auctor\" \/>\n<meta property=\"og:locale\" content=\"tr_TR\" \/>\n<meta property=\"og:type\" content=\"article\" \/>\n<meta property=\"og:title\" content=\"T\u00dcM PROF\u0130L \u00c7E\u015e\u0130TLER\u0130 - BURSA PROF\u0130L\" \/>\n<meta property=\"og:description\" content=\"FARKLI \u00d6L\u00c7\u00dc VE KALINLIKTA PROF\u0130\u0130L \u00c7E\u015e\u0130TLER\u0130\" \/>\n<meta property=\"og:url\" content=\"http:\/\/www.bursaprofil.tr\/?product=ornare-auctor\" \/>\n<meta property=\"og:site_name\" content=\"BURSA PROF\u0130L\" \/>\n<meta property=\"article:modified_time\" content=\"2026-02-22T19:06:46+00:00\" \/>\n<meta property=\"og:image\" content=\"http:\/\/www.bursaprofil.tr\/wp-content\/uploads\/2024\/10\/dikdortgen-kutu-profil-agirlik-tablosu.jpg\" \/>\n\t<meta property=\"og:image:width\" content=\"500\" \/>\n\t<meta property=\"og:image:height\" content=\"331\" \/>\n\t<meta property=\"og:image:type\" content=\"image\/jpeg\" \/>\n<meta name=\"twitter:card\" content=\"summary_large_image\" \/>\n<meta name=\"twitter:label1\" content=\"Tahmini okuma s\u00fcresi\" \/>\n\t<meta name=\"twitter:data1\" content=\"1 dakika\" \/>\n<script type=\"application\/ld+json\" class=\"yoast-schema-graph\">{\"@context\":\"https:\/\/schema.org\",\"@graph\":[{\"@type\":\"WebPage\",\"@id\":\"http:\/\/www.bursaprofil.tr\/?product=ornare-auctor\",\"url\":\"http:\/\/www.bursaprofil.tr\/?product=ornare-auctor\",\"name\":\"T\u00dcM PROF\u0130L \u00c7E\u015e\u0130TLER\u0130 - BURSA PROF\u0130L\",\"isPartOf\":{\"@id\":\"http:\/\/www.bursaprofil.tr\/#website\"},\"primaryImageOfPage\":{\"@id\":\"http:\/\/www.bursaprofil.tr\/?product=ornare-auctor#primaryimage\"},\"image\":{\"@id\":\"http:\/\/www.bursaprofil.tr\/?product=ornare-auctor#primaryimage\"},\"thumbnailUrl\":\"http:\/\/www.bursaprofil.tr\/wp-content\/uploads\/2024\/10\/dikdortgen-kutu-profil-agirlik-tablosu.jpg\",\"datePublished\":\"2021-08-27T12:11:46+00:00\",\"dateModified\":\"2026-02-22T19:06:46+00:00\",\"breadcrumb\":{\"@id\":\"http:\/\/www.bursaprofil.tr\/?product=ornare-auctor#breadcrumb\"},\"inLanguage\":\"tr\",\"potentialAction\":[{\"@type\":\"ReadAction\",\"target\":[\"http:\/\/www.bursaprofil.tr\/?product=ornare-auctor\"]}]},{\"@type\":\"ImageObject\",\"inLanguage\":\"tr\",\"@id\":\"http:\/\/www.bursaprofil.tr\/?product=ornare-auctor#primaryimage\",\"url\":\"http:\/\/www.bursaprofil.tr\/wp-content\/uploads\/2024\/10\/dikdortgen-kutu-profil-agirlik-tablosu.jpg\",\"contentUrl\":\"http:\/\/www.bursaprofil.tr\/wp-content\/uploads\/2024\/10\/dikdortgen-kutu-profil-agirlik-tablosu.jpg\",\"width\":500,\"height\":331},{\"@type\":\"BreadcrumbList\",\"@id\":\"http:\/\/www.bursaprofil.tr\/?product=ornare-auctor#breadcrumb\",\"itemListElement\":[{\"@type\":\"ListItem\",\"position\":1,\"name\":\"Home\",\"item\":\"http:\/\/www.bursaprofil.tr\/\"},{\"@type\":\"ListItem\",\"position\":2,\"name\":\"BURSAPROF\u0130L\u00ae Online Ma\u011faza\",\"item\":\"http:\/\/www.bursaprofil.tr\/?page_id=47\"},{\"@type\":\"ListItem\",\"position\":3,\"name\":\"T\u00dcM PROF\u0130L \u00c7E\u015e\u0130TLER\u0130\"}]},{\"@type\":\"WebSite\",\"@id\":\"http:\/\/www.bursaprofil.tr\/#website\",\"url\":\"http:\/\/www.bursaprofil.tr\/\",\"name\":\"BURSA PROF\u0130L\",\"description\":\"TOPTAN VE PERAKENDE PROF\u0130L SATI\u015eI\",\"publisher\":{\"@id\":\"http:\/\/www.bursaprofil.tr\/#organization\"},\"potentialAction\":[{\"@type\":\"SearchAction\",\"target\":{\"@type\":\"EntryPoint\",\"urlTemplate\":\"http:\/\/www.bursaprofil.tr\/?s={search_term_string}\"},\"query-input\":{\"@type\":\"PropertyValueSpecification\",\"valueRequired\":true,\"valueName\":\"search_term_string\"}}],\"inLanguage\":\"tr\"},{\"@type\":\"Organization\",\"@id\":\"http:\/\/www.bursaprofil.tr\/#organization\",\"name\":\"BURSA PROF\u0130L\",\"url\":\"http:\/\/www.bursaprofil.tr\/\",\"logo\":{\"@type\":\"ImageObject\",\"inLanguage\":\"tr\",\"@id\":\"http:\/\/www.bursaprofil.tr\/#\/schema\/logo\/image\/\",\"url\":\"http:\/\/www.bursaprofil.tr\/wp-content\/uploads\/2024\/10\/dikdortgen-kutu-profil-agirlik-tablosu.jpg\",\"contentUrl\":\"http:\/\/www.bursaprofil.tr\/wp-content\/uploads\/2024\/10\/dikdortgen-kutu-profil-agirlik-tablosu.jpg\",\"width\":500,\"height\":331,\"caption\":\"BURSA PROF\u0130L\"},\"image\":{\"@id\":\"http:\/\/www.bursaprofil.tr\/#\/schema\/logo\/image\/\"}}]}<\/script>\n<!-- \/ Yoast SEO plugin. -->","yoast_head_json":{"title":"T\u00dcM PROF\u0130L \u00c7E\u015e\u0130TLER\u0130 - BURSA PROF\u0130L","robots":{"index":"index","follow":"follow","max-snippet":"max-snippet:-1","max-image-preview":"max-image-preview:large","max-video-preview":"max-video-preview:-1"},"canonical":"http:\/\/www.bursaprofil.tr\/?product=ornare-auctor","og_locale":"tr_TR","og_type":"article","og_title":"T\u00dcM PROF\u0130L \u00c7E\u015e\u0130TLER\u0130 - BURSA PROF\u0130L","og_description":"FARKLI \u00d6L\u00c7\u00dc VE KALINLIKTA PROF\u0130\u0130L \u00c7E\u015e\u0130TLER\u0130","og_url":"http:\/\/www.bursaprofil.tr\/?product=ornare-auctor","og_site_name":"BURSA PROF\u0130L","article_modified_time":"2026-02-22T19:06:46+00:00","og_image":[{"width":500,"height":331,"url":"http:\/\/www.bursaprofil.tr\/wp-content\/uploads\/2024\/10\/dikdortgen-kutu-profil-agirlik-tablosu.jpg","type":"image\/jpeg"}],"twitter_card":"summary_large_image","twitter_misc":{"Tahmini okuma s\u00fcresi":"1 dakika"},"schema":{"@context":"https:\/\/schema.org","@graph":[{"@type":"WebPage","@id":"http:\/\/www.bursaprofil.tr\/?product=ornare-auctor","url":"http:\/\/www.bursaprofil.tr\/?product=ornare-auctor","name":"T\u00dcM PROF\u0130L \u00c7E\u015e\u0130TLER\u0130 - BURSA PROF\u0130L","isPartOf":{"@id":"http:\/\/www.bursaprofil.tr\/#website"},"primaryImageOfPage":{"@id":"http:\/\/www.bursaprofil.tr\/?product=ornare-auctor#primaryimage"},"image":{"@id":"http:\/\/www.bursaprofil.tr\/?product=ornare-auctor#primaryimage"},"thumbnailUrl":"http:\/\/www.bursaprofil.tr\/wp-content\/uploads\/2024\/10\/dikdortgen-kutu-profil-agirlik-tablosu.jpg","datePublished":"2021-08-27T12:11:46+00:00","dateModified":"2026-02-22T19:06:46+00:00","breadcrumb":{"@id":"http:\/\/www.bursaprofil.tr\/?product=ornare-auctor#breadcrumb"},"inLanguage":"tr","potentialAction":[{"@type":"ReadAction","target":["http:\/\/www.bursaprofil.tr\/?product=ornare-auctor"]}]},{"@type":"ImageObject","inLanguage":"tr","@id":"http:\/\/www.bursaprofil.tr\/?product=ornare-auctor#primaryimage","url":"http:\/\/www.bursaprofil.tr\/wp-content\/uploads\/2024\/10\/dikdortgen-kutu-profil-agirlik-tablosu.jpg","contentUrl":"http:\/\/www.bursaprofil.tr\/wp-content\/uploads\/2024\/10\/dikdortgen-kutu-profil-agirlik-tablosu.jpg","width":500,"height":331},{"@type":"BreadcrumbList","@id":"http:\/\/www.bursaprofil.tr\/?product=ornare-auctor#breadcrumb","itemListElement":[{"@type":"ListItem","position":1,"name":"Home","item":"http:\/\/www.bursaprofil.tr\/"},{"@type":"ListItem","position":2,"name":"BURSAPROF\u0130L\u00ae Online Ma\u011faza","item":"http:\/\/www.bursaprofil.tr\/?page_id=47"},{"@type":"ListItem","position":3,"name":"T\u00dcM PROF\u0130L \u00c7E\u015e\u0130TLER\u0130"}]},{"@type":"WebSite","@id":"http:\/\/www.bursaprofil.tr\/#website","url":"http:\/\/www.bursaprofil.tr\/","name":"BURSA PROF\u0130L","description":"TOPTAN VE PERAKENDE PROF\u0130L SATI\u015eI","publisher":{"@id":"http:\/\/www.bursaprofil.tr\/#organization"},"potentialAction":[{"@type":"SearchAction","target":{"@type":"EntryPoint","urlTemplate":"http:\/\/www.bursaprofil.tr\/?s={search_term_string}"},"query-input":{"@type":"PropertyValueSpecification","valueRequired":true,"valueName":"search_term_string"}}],"inLanguage":"tr"},{"@type":"Organization","@id":"http:\/\/www.bursaprofil.tr\/#organization","name":"BURSA PROF\u0130L","url":"http:\/\/www.bursaprofil.tr\/","logo":{"@type":"ImageObject","inLanguage":"tr","@id":"http:\/\/www.bursaprofil.tr\/#\/schema\/logo\/image\/","url":"http:\/\/www.bursaprofil.tr\/wp-content\/uploads\/2024\/10\/dikdortgen-kutu-profil-agirlik-tablosu.jpg","contentUrl":"http:\/\/www.bursaprofil.tr\/wp-content\/uploads\/2024\/10\/dikdortgen-kutu-profil-agirlik-tablosu.jpg","width":500,"height":331,"caption":"BURSA PROF\u0130L"},"image":{"@id":"http:\/\/www.bursaprofil.tr\/#\/schema\/logo\/image\/"}}]}},"_links":{"self":[{"href":"http:\/\/www.bursaprofil.tr\/index.php?rest_route=\/wp\/v2\/product\/395","targetHints":{"allow":["GET"]}}],"collection":[{"href":"http:\/\/www.bursaprofil.tr\/index.php?rest_route=\/wp\/v2\/product"}],"about":[{"href":"http:\/\/www.bursaprofil.tr\/index.php?rest_route=\/wp\/v2\/types\/product"}],"version-history":[{"count":4,"href":"http:\/\/www.bursaprofil.tr\/index.php?rest_route=\/wp\/v2\/product\/395\/revisions"}],"predecessor-version":[{"id":15810,"href":"http:\/\/www.bursaprofil.tr\/index.php?rest_route=\/wp\/v2\/product\/395\/revisions\/15810"}],"wp:featuredmedia":[{"embeddable":true,"href":"http:\/\/www.bursaprofil.tr\/index.php?rest_route=\/wp\/v2\/media\/15581"}],"wp:attachment":[{"href":"http:\/\/www.bursaprofil.tr\/index.php?rest_route=%2Fwp%2Fv2%2Fmedia&parent=395"}],"wp:term":[{"taxonomy":"product_cat","embeddable":true,"href":"http:\/\/www.bursaprofil.tr\/index.php?rest_route=%2Fwp%2Fv2%2Fproduct_cat&post=395"},{"taxonomy":"product_tag","embeddable":true,"href":"http:\/\/www.bursaprofil.tr\/index.php?rest_route=%2Fwp%2Fv2%2Fproduct_tag&post=395"}],"curies":[{"name":"wp","href":"https:\/\/api.w.org\/{rel}","templated":true}]}}