{"id":372,"date":"2021-08-27T11:59:19","date_gmt":"2021-08-27T11:59:19","guid":{"rendered":"http:\/\/dummy.xtemos.com\/woodmart2\/elementor\/?post_type=product&#038;p=372"},"modified":"2025-08-13T14:55:51","modified_gmt":"2025-08-13T14:55:51","slug":"beyaz-trapez-sac-1-kapatir","status":"publish","type":"product","link":"http:\/\/www.bursaprofil.tr\/?product=beyaz-trapez-sac-1-kapatir","title":{"rendered":"BEYAZ TRAPEZ SAC- 1 KAPATIR"},"content":{"rendered":"\t\t<div data-elementor-type=\"wp-post\" data-elementor-id=\"372\" class=\"elementor elementor-372\">\n\t\t\t\t<div class=\"wd-negative-gap elementor-element elementor-element-53eea44 e-flex e-con-boxed e-con e-parent\" data-id=\"53eea44\" data-element_type=\"container\">\n\t\t\t\t\t<div class=\"e-con-inner\">\n\t\t<div class=\"elementor-element elementor-element-cc8e042 e-con-full e-flex e-con e-child\" data-id=\"cc8e042\" data-element_type=\"container\">\n\t\t\t\t<div class=\"elementor-element elementor-element-4a8a87a elementor-widget elementor-widget-wd_text_block\" data-id=\"4a8a87a\" data-element_type=\"widget\" data-widget_type=\"wd_text_block.default\">\n\t\t\t\t<div class=\"elementor-widget-container\">\n\t\t\t\t\t\t\t\t<link rel=\"stylesheet\" id=\"wd-text-block-css\" href=\"http:\/\/www.bursaprofil.tr\/wp-content\/themes\/woodmart\/css\/parts\/el-text-block.min.css?ver=7.6.0\" type=\"text\/css\" media=\"all\" \/> \t\t\t\t\t<div class=\"wd-text-block reset-last-child text-left\">\n\t\t\t\n\t\t\t<h3>VESTIBULUM TEMPUS METUS<\/h3><ul class=\"unordered-list\"><li>Lorem ipsum dolor sit amet, conse.<\/li><li>Aliquam tincidunt mauris eu risus.<\/li><li>Vestibulum <strong><a href=\"#\">auctor dapibus<\/a><\/strong> neque.<\/li><li>Nunc dignissim risus id metus.<\/li><li>Cras ornare tristique elit.<\/li><li>Vivamus vestibulum nulla nec ante.<\/li><li>Praesent placerat risus quis eros.<\/li><li>Fusce pellentesque suscipit nibh.<\/li><\/ul><p>Commodo parturient tincidunt condim entum vestibulum <a href=\"#\"><strong>dolor laoreet<\/strong><\/a> eros suspen disse magna torquent ac condi mentum arcu <a href=\"#\"><strong>parturient<\/strong><\/a> nec disse magna torquent ac condi mentum arcu parturient nec.<\/p>\n\t\t\t\t\t<\/div>\n\t\t\t\t\t\t<\/div>\n\t\t\t\t<\/div>\n\t\t\t\t<\/div>\n\t\t<div class=\"elementor-element elementor-element-2136194 e-con-full e-flex e-con e-child\" data-id=\"2136194\" data-element_type=\"container\">\n\t\t\t\t<div class=\"elementor-element elementor-element-e17d3f0 elementor-widget elementor-widget-wd_image_or_svg\" data-id=\"e17d3f0\" data-element_type=\"widget\" data-widget_type=\"wd_image_or_svg.default\">\n\t\t\t\t<div class=\"elementor-widget-container\">\n\t\t\t\t\t\n\t\t<div class=\"wd-image text-left\">\n\t\t\t\t\t\t\t\t<img fetchpriority=\"high\" decoding=\"async\" width=\"700\" height=\"800\" src=\"http:\/\/www.bursaprofil.tr\/wp-content\/uploads\/2021\/08\/variable-product-example-1.jpg\" class=\"attachment-full size-full\" alt=\"\" \/>\t\t\t\t\t<\/div>\n\n\t\t\t\t\t\t<\/div>\n\t\t\t\t<\/div>\n\t\t\t\t<\/div>\n\t\t<div class=\"elementor-element elementor-element-738f371 e-con-full e-flex e-con e-child\" data-id=\"738f371\" data-element_type=\"container\">\n\t\t\t\t<div class=\"elementor-element elementor-element-5586eab elementor-widget elementor-widget-wd_image_or_svg\" data-id=\"5586eab\" data-element_type=\"widget\" data-widget_type=\"wd_image_or_svg.default\">\n\t\t\t\t<div class=\"elementor-widget-container\">\n\t\t\t\t\t\n\t\t<div class=\"wd-image text-left\">\n\t\t\t\t\t\t\t\t<img decoding=\"async\" width=\"700\" height=\"800\" data-src=\"http:\/\/www.bursaprofil.tr\/wp-content\/uploads\/2021\/08\/variable-product-example-2.jpg\" class=\"attachment-full size-full lazyload\" alt=\"\" src=\"data:image\/svg+xml;base64,PHN2ZyB3aWR0aD0iMSIgaGVpZ2h0PSIxIiB4bWxucz0iaHR0cDovL3d3dy53My5vcmcvMjAwMC9zdmciPjwvc3ZnPg==\" style=\"--smush-placeholder-width: 700px; --smush-placeholder-aspect-ratio: 700\/800;\" \/>\t\t\t\t\t<\/div>\n\n\t\t\t\t\t\t<\/div>\n\t\t\t\t<\/div>\n\t\t\t\t<\/div>\n\t\t\t\t\t<\/div>\n\t\t\t\t<\/div>\n\t\t\t\t<\/div>\n\t\t","protected":false},"excerpt":{"rendered":"<h3 data-start=\"44\" data-end=\"80\"><\/h3>\n<p data-start=\"82\" data-end=\"157\"><span class=\"relative -mx-px my-[-0.2rem] rounded px-px py-[0.2rem] transition-colors duration-100 ease-in-out\">\u00c7at\u0131 ve cephe kaplamalar\u0131nda hem estetik hem i\u015flevsel \u00e7\u00f6z\u00fcm sunan <strong data-start=\"66\" data-end=\"80\">Trapez Sac<\/strong>, dayan\u0131kl\u0131 galvanzli \u00e7elik levhalardan \u00fcretilir; oluklu formuyla suyun ak\u0131\u015f\u0131n\u0131 h\u0131zland\u0131r\u0131r, korozyona kar\u015f\u0131 y\u00fcksek diren\u00e7 sa\u011flar.<\/span><\/p>\n<p data-start=\"82\" data-end=\"157\">\n<h3 data-start=\"555\" data-end=\"573\"><strong data-start=\"559\" data-end=\"573\">\u00d6zet Tablo<\/strong><\/h3>\n<div class=\"_tableContainer_1rjym_1\">\n<div class=\"_tableWrapper_1rjym_13 group flex w-fit flex-col-reverse\" tabindex=\"-1\">\n<table class=\"w-fit min-w-(--thread-content-width)\" data-start=\"575\" data-end=\"1005\">\n<thead data-start=\"575\" data-end=\"645\">\n<tr data-start=\"575\" data-end=\"645\">\n<th data-start=\"575\" data-end=\"595\" data-col-size=\"sm\"><strong data-start=\"577\" data-end=\"588\">\u00d6zellik<\/strong><\/th>\n<th data-start=\"595\" data-end=\"645\" data-col-size=\"md\"><strong data-start=\"597\" data-end=\"606\">Yarar<\/strong><\/th>\n<\/tr>\n<\/thead>\n<tbody data-start=\"717\" data-end=\"1005\">\n<tr data-start=\"717\" data-end=\"788\">\n<td data-start=\"717\" data-end=\"737\" data-col-size=\"sm\">Dayan\u0131kl\u0131 yap\u0131<\/td>\n<td data-col-size=\"md\" data-start=\"737\" data-end=\"788\">Galvaniz kaplama ile uzun \u00f6m\u00fcr<\/td>\n<\/tr>\n<tr data-start=\"789\" data-end=\"860\">\n<td data-start=\"789\" data-end=\"809\" data-col-size=\"sm\">Montaj kolayl\u0131\u011f\u0131<\/td>\n<td data-start=\"809\" data-end=\"860\" data-col-size=\"md\">Hafif, pratik ve h\u0131zl\u0131 uygulama<\/td>\n<\/tr>\n<tr data-start=\"861\" data-end=\"933\">\n<td data-start=\"861\" data-end=\"881\" data-col-size=\"sm\">Estetik se\u00e7enek<\/td>\n<td data-start=\"881\" data-end=\"933\" data-col-size=\"md\">Renk ve form \u00e7e\u015fitlili\u011fiyle g\u00f6rsel zenginlik<\/td>\n<\/tr>\n<tr data-start=\"934\" data-end=\"1005\">\n<td data-start=\"934\" data-end=\"954\" data-col-size=\"sm\">Geni\u015f kullan\u0131m<\/td>\n<td data-start=\"954\" data-end=\"1005\" data-col-size=\"md\">\u00c7at\u0131, cephe, depo, tar\u0131m alanlar\u0131 vb.<\/td>\n<\/tr>\n<\/tbody>\n<\/table>\n<div class=\"sticky end-(--thread-content-margin) h-0 self-end select-none\">\n<div class=\"absolute end-0 flex items-end\"><\/div>\n<\/div>\n<\/div>\n<\/div>\n<hr data-start=\"1007\" data-end=\"1010\" \/>\n<p data-start=\"1012\" data-end=\"1058\">\n<ul data-start=\"1060\" data-end=\"1256\">\n<li data-start=\"1060\" data-end=\"1122\">\n<p data-start=\"1062\" data-end=\"1122\"><em data-start=\"1062\" data-end=\"1120\">\u201cDayan\u0131kl\u0131l\u0131k ve estetik, ekonomik maliyetle bulu\u015fuyor.\u201d<\/em><\/p>\n<\/li>\n<li data-start=\"1123\" data-end=\"1194\">\n<p data-start=\"1125\" data-end=\"1194\"><em data-start=\"1125\" data-end=\"1192\">\u201cKolay montaj\u0131yla, zamandan ve i\u015f\u00e7ilik maliyetlerinden tasarruf.\u201d<\/em><\/p>\n<\/li>\n<li data-start=\"1195\" data-end=\"1256\">\n<p data-start=\"1197\" data-end=\"1256\"><em data-start=\"1197\" data-end=\"1256\">\u201c\u00c7at\u0131 ve cephede fonksiyonun yan\u0131nda estetik performans.\u201d<\/em><\/p>\n<\/li>\n<\/ul>\n","protected":false},"featured_media":15627,"template":"","meta":[],"product_cat":[29],"product_tag":[81,76,813,814,82,815,75,74,73,70],"class_list":{"0":"post-372","1":"product","2":"type-product","3":"status-publish","4":"has-post-thumbnail","6":"product_cat-trapezsac","7":"product_tag-80-cm-kapar-beyaz-trapez-sac","8":"product_tag-beyaz-renk-trapez-sac","9":"product_tag-bursa-sac-cesitleri","10":"product_tag-bursa-trapez","11":"product_tag-bursa-trapez-sac","12":"product_tag-bursada-trapez-sac-satisi","13":"product_tag-cati-saci","14":"product_tag-oluklu-cati-saci","15":"product_tag-sac","16":"product_tag-trapez-sac","18":"first","19":"instock","20":"shipping-taxable","21":"purchasable","22":"product-type-simple"},"yoast_head":"<!-- This site is optimized with the Yoast SEO plugin v25.9 - https:\/\/yoast.com\/wordpress\/plugins\/seo\/ -->\n<title>BEYAZ TRAPEZ SAC- 1 KAPATIR - BURSA PROF\u0130L<\/title>\n<meta name=\"robots\" content=\"index, follow, max-snippet:-1, max-image-preview:large, max-video-preview:-1\" \/>\n<link rel=\"canonical\" href=\"http:\/\/www.bursaprofil.tr\/?product=beyaz-trapez-sac-1-kapatir\" \/>\n<meta property=\"og:locale\" content=\"tr_TR\" \/>\n<meta property=\"og:type\" content=\"article\" \/>\n<meta property=\"og:title\" content=\"BEYAZ TRAPEZ SAC- 1 KAPATIR - BURSA PROF\u0130L\" \/>\n<meta property=\"og:description\" content=\"\u00c7at\u0131 ve cephe kaplamalar\u0131nda hem estetik hem i\u015flevsel \u00e7\u00f6z\u00fcm sunan Trapez Sac, dayan\u0131kl\u0131 galvanzli \u00e7elik levhalardan \u00fcretilir; oluklu formuyla suyun ak\u0131\u015f\u0131n\u0131 h\u0131zland\u0131r\u0131r, korozyona kar\u015f\u0131 y\u00fcksek diren\u00e7 sa\u011flar.   \u00d6zet Tablo      \u00d6zellik Yarar     Dayan\u0131kl\u0131 yap\u0131 Galvaniz kaplama ile uzun \u00f6m\u00fcr   Montaj kolayl\u0131\u011f\u0131 Hafif, pratik ve h\u0131zl\u0131 uygulama   Estetik se\u00e7enek Renk ve form \u00e7e\u015fitlili\u011fiyle g\u00f6rsel zenginlik   Geni\u015f kullan\u0131m \u00c7at\u0131, cephe, depo, tar\u0131m alanlar\u0131 vb.                \u201cDayan\u0131kl\u0131l\u0131k ve estetik, ekonomik maliyetle bulu\u015fuyor.\u201d    \u201cKolay montaj\u0131yla, zamandan ve i\u015f\u00e7ilik maliyetlerinden tasarruf.\u201d    \u201c\u00c7at\u0131 ve cephede fonksiyonun yan\u0131nda estetik performans.\u201d\" \/>\n<meta property=\"og:url\" content=\"http:\/\/www.bursaprofil.tr\/?product=beyaz-trapez-sac-1-kapatir\" \/>\n<meta property=\"og:site_name\" content=\"BURSA PROF\u0130L\" \/>\n<meta property=\"article:modified_time\" content=\"2025-08-13T14:55:51+00:00\" \/>\n<meta property=\"og:image\" content=\"http:\/\/www.bursaprofil.tr\/wp-content\/uploads\/2024\/10\/BEYAZTRAPEZ.png\" \/>\n\t<meta property=\"og:image:width\" content=\"546\" \/>\n\t<meta property=\"og:image:height\" content=\"272\" \/>\n\t<meta property=\"og:image:type\" content=\"image\/png\" \/>\n<meta name=\"twitter:card\" content=\"summary_large_image\" \/>\n<script type=\"application\/ld+json\" class=\"yoast-schema-graph\">{\"@context\":\"https:\/\/schema.org\",\"@graph\":[{\"@type\":\"WebPage\",\"@id\":\"http:\/\/www.bursaprofil.tr\/?product=beyaz-trapez-sac-1-kapatir\",\"url\":\"http:\/\/www.bursaprofil.tr\/?product=beyaz-trapez-sac-1-kapatir\",\"name\":\"BEYAZ TRAPEZ SAC- 1 KAPATIR - BURSA PROF\u0130L\",\"isPartOf\":{\"@id\":\"http:\/\/www.bursaprofil.tr\/#website\"},\"primaryImageOfPage\":{\"@id\":\"http:\/\/www.bursaprofil.tr\/?product=beyaz-trapez-sac-1-kapatir#primaryimage\"},\"image\":{\"@id\":\"http:\/\/www.bursaprofil.tr\/?product=beyaz-trapez-sac-1-kapatir#primaryimage\"},\"thumbnailUrl\":\"http:\/\/www.bursaprofil.tr\/wp-content\/uploads\/2024\/10\/BEYAZTRAPEZ.png\",\"datePublished\":\"2021-08-27T11:59:19+00:00\",\"dateModified\":\"2025-08-13T14:55:51+00:00\",\"breadcrumb\":{\"@id\":\"http:\/\/www.bursaprofil.tr\/?product=beyaz-trapez-sac-1-kapatir#breadcrumb\"},\"inLanguage\":\"tr\",\"potentialAction\":[{\"@type\":\"ReadAction\",\"target\":[\"http:\/\/www.bursaprofil.tr\/?product=beyaz-trapez-sac-1-kapatir\"]}]},{\"@type\":\"ImageObject\",\"inLanguage\":\"tr\",\"@id\":\"http:\/\/www.bursaprofil.tr\/?product=beyaz-trapez-sac-1-kapatir#primaryimage\",\"url\":\"http:\/\/www.bursaprofil.tr\/wp-content\/uploads\/2024\/10\/BEYAZTRAPEZ.png\",\"contentUrl\":\"http:\/\/www.bursaprofil.tr\/wp-content\/uploads\/2024\/10\/BEYAZTRAPEZ.png\",\"width\":546,\"height\":272},{\"@type\":\"BreadcrumbList\",\"@id\":\"http:\/\/www.bursaprofil.tr\/?product=beyaz-trapez-sac-1-kapatir#breadcrumb\",\"itemListElement\":[{\"@type\":\"ListItem\",\"position\":1,\"name\":\"Home\",\"item\":\"http:\/\/www.bursaprofil.tr\/\"},{\"@type\":\"ListItem\",\"position\":2,\"name\":\"BURSAPROF\u0130L\u00ae Online Ma\u011faza\",\"item\":\"http:\/\/www.bursaprofil.tr\/?page_id=47\"},{\"@type\":\"ListItem\",\"position\":3,\"name\":\"BEYAZ TRAPEZ SAC- 1 KAPATIR\"}]},{\"@type\":\"WebSite\",\"@id\":\"http:\/\/www.bursaprofil.tr\/#website\",\"url\":\"http:\/\/www.bursaprofil.tr\/\",\"name\":\"BURSA PROF\u0130L\",\"description\":\"TOPTAN VE PERAKENDE PROF\u0130L SATI\u015eI\",\"publisher\":{\"@id\":\"http:\/\/www.bursaprofil.tr\/#organization\"},\"potentialAction\":[{\"@type\":\"SearchAction\",\"target\":{\"@type\":\"EntryPoint\",\"urlTemplate\":\"http:\/\/www.bursaprofil.tr\/?s={search_term_string}\"},\"query-input\":{\"@type\":\"PropertyValueSpecification\",\"valueRequired\":true,\"valueName\":\"search_term_string\"}}],\"inLanguage\":\"tr\"},{\"@type\":\"Organization\",\"@id\":\"http:\/\/www.bursaprofil.tr\/#organization\",\"name\":\"BURSA PROF\u0130L\",\"url\":\"http:\/\/www.bursaprofil.tr\/\",\"logo\":{\"@type\":\"ImageObject\",\"inLanguage\":\"tr\",\"@id\":\"http:\/\/www.bursaprofil.tr\/#\/schema\/logo\/image\/\",\"url\":\"http:\/\/www.bursaprofil.tr\/wp-content\/uploads\/2024\/10\/dikdortgen-kutu-profil-agirlik-tablosu.jpg\",\"contentUrl\":\"http:\/\/www.bursaprofil.tr\/wp-content\/uploads\/2024\/10\/dikdortgen-kutu-profil-agirlik-tablosu.jpg\",\"width\":500,\"height\":331,\"caption\":\"BURSA PROF\u0130L\"},\"image\":{\"@id\":\"http:\/\/www.bursaprofil.tr\/#\/schema\/logo\/image\/\"}}]}<\/script>\n<!-- \/ Yoast SEO plugin. -->","yoast_head_json":{"title":"BEYAZ TRAPEZ SAC- 1 KAPATIR - BURSA PROF\u0130L","robots":{"index":"index","follow":"follow","max-snippet":"max-snippet:-1","max-image-preview":"max-image-preview:large","max-video-preview":"max-video-preview:-1"},"canonical":"http:\/\/www.bursaprofil.tr\/?product=beyaz-trapez-sac-1-kapatir","og_locale":"tr_TR","og_type":"article","og_title":"BEYAZ TRAPEZ SAC- 1 KAPATIR - BURSA PROF\u0130L","og_description":"\u00c7at\u0131 ve cephe kaplamalar\u0131nda hem estetik hem i\u015flevsel \u00e7\u00f6z\u00fcm sunan Trapez Sac, dayan\u0131kl\u0131 galvanzli \u00e7elik levhalardan \u00fcretilir; oluklu formuyla suyun ak\u0131\u015f\u0131n\u0131 h\u0131zland\u0131r\u0131r, korozyona kar\u015f\u0131 y\u00fcksek diren\u00e7 sa\u011flar.   \u00d6zet Tablo      \u00d6zellik Yarar     Dayan\u0131kl\u0131 yap\u0131 Galvaniz kaplama ile uzun \u00f6m\u00fcr   Montaj kolayl\u0131\u011f\u0131 Hafif, pratik ve h\u0131zl\u0131 uygulama   Estetik se\u00e7enek Renk ve form \u00e7e\u015fitlili\u011fiyle g\u00f6rsel zenginlik   Geni\u015f kullan\u0131m \u00c7at\u0131, cephe, depo, tar\u0131m alanlar\u0131 vb.                \u201cDayan\u0131kl\u0131l\u0131k ve estetik, ekonomik maliyetle bulu\u015fuyor.\u201d    \u201cKolay montaj\u0131yla, zamandan ve i\u015f\u00e7ilik maliyetlerinden tasarruf.\u201d    \u201c\u00c7at\u0131 ve cephede fonksiyonun yan\u0131nda estetik performans.\u201d","og_url":"http:\/\/www.bursaprofil.tr\/?product=beyaz-trapez-sac-1-kapatir","og_site_name":"BURSA PROF\u0130L","article_modified_time":"2025-08-13T14:55:51+00:00","og_image":[{"width":546,"height":272,"url":"http:\/\/www.bursaprofil.tr\/wp-content\/uploads\/2024\/10\/BEYAZTRAPEZ.png","type":"image\/png"}],"twitter_card":"summary_large_image","schema":{"@context":"https:\/\/schema.org","@graph":[{"@type":"WebPage","@id":"http:\/\/www.bursaprofil.tr\/?product=beyaz-trapez-sac-1-kapatir","url":"http:\/\/www.bursaprofil.tr\/?product=beyaz-trapez-sac-1-kapatir","name":"BEYAZ TRAPEZ SAC- 1 KAPATIR - BURSA PROF\u0130L","isPartOf":{"@id":"http:\/\/www.bursaprofil.tr\/#website"},"primaryImageOfPage":{"@id":"http:\/\/www.bursaprofil.tr\/?product=beyaz-trapez-sac-1-kapatir#primaryimage"},"image":{"@id":"http:\/\/www.bursaprofil.tr\/?product=beyaz-trapez-sac-1-kapatir#primaryimage"},"thumbnailUrl":"http:\/\/www.bursaprofil.tr\/wp-content\/uploads\/2024\/10\/BEYAZTRAPEZ.png","datePublished":"2021-08-27T11:59:19+00:00","dateModified":"2025-08-13T14:55:51+00:00","breadcrumb":{"@id":"http:\/\/www.bursaprofil.tr\/?product=beyaz-trapez-sac-1-kapatir#breadcrumb"},"inLanguage":"tr","potentialAction":[{"@type":"ReadAction","target":["http:\/\/www.bursaprofil.tr\/?product=beyaz-trapez-sac-1-kapatir"]}]},{"@type":"ImageObject","inLanguage":"tr","@id":"http:\/\/www.bursaprofil.tr\/?product=beyaz-trapez-sac-1-kapatir#primaryimage","url":"http:\/\/www.bursaprofil.tr\/wp-content\/uploads\/2024\/10\/BEYAZTRAPEZ.png","contentUrl":"http:\/\/www.bursaprofil.tr\/wp-content\/uploads\/2024\/10\/BEYAZTRAPEZ.png","width":546,"height":272},{"@type":"BreadcrumbList","@id":"http:\/\/www.bursaprofil.tr\/?product=beyaz-trapez-sac-1-kapatir#breadcrumb","itemListElement":[{"@type":"ListItem","position":1,"name":"Home","item":"http:\/\/www.bursaprofil.tr\/"},{"@type":"ListItem","position":2,"name":"BURSAPROF\u0130L\u00ae Online Ma\u011faza","item":"http:\/\/www.bursaprofil.tr\/?page_id=47"},{"@type":"ListItem","position":3,"name":"BEYAZ TRAPEZ SAC- 1 KAPATIR"}]},{"@type":"WebSite","@id":"http:\/\/www.bursaprofil.tr\/#website","url":"http:\/\/www.bursaprofil.tr\/","name":"BURSA PROF\u0130L","description":"TOPTAN VE PERAKENDE PROF\u0130L SATI\u015eI","publisher":{"@id":"http:\/\/www.bursaprofil.tr\/#organization"},"potentialAction":[{"@type":"SearchAction","target":{"@type":"EntryPoint","urlTemplate":"http:\/\/www.bursaprofil.tr\/?s={search_term_string}"},"query-input":{"@type":"PropertyValueSpecification","valueRequired":true,"valueName":"search_term_string"}}],"inLanguage":"tr"},{"@type":"Organization","@id":"http:\/\/www.bursaprofil.tr\/#organization","name":"BURSA PROF\u0130L","url":"http:\/\/www.bursaprofil.tr\/","logo":{"@type":"ImageObject","inLanguage":"tr","@id":"http:\/\/www.bursaprofil.tr\/#\/schema\/logo\/image\/","url":"http:\/\/www.bursaprofil.tr\/wp-content\/uploads\/2024\/10\/dikdortgen-kutu-profil-agirlik-tablosu.jpg","contentUrl":"http:\/\/www.bursaprofil.tr\/wp-content\/uploads\/2024\/10\/dikdortgen-kutu-profil-agirlik-tablosu.jpg","width":500,"height":331,"caption":"BURSA PROF\u0130L"},"image":{"@id":"http:\/\/www.bursaprofil.tr\/#\/schema\/logo\/image\/"}}]}},"_links":{"self":[{"href":"http:\/\/www.bursaprofil.tr\/index.php?rest_route=\/wp\/v2\/product\/372","targetHints":{"allow":["GET"]}}],"collection":[{"href":"http:\/\/www.bursaprofil.tr\/index.php?rest_route=\/wp\/v2\/product"}],"about":[{"href":"http:\/\/www.bursaprofil.tr\/index.php?rest_route=\/wp\/v2\/types\/product"}],"version-history":[{"count":2,"href":"http:\/\/www.bursaprofil.tr\/index.php?rest_route=\/wp\/v2\/product\/372\/revisions"}],"predecessor-version":[{"id":16084,"href":"http:\/\/www.bursaprofil.tr\/index.php?rest_route=\/wp\/v2\/product\/372\/revisions\/16084"}],"wp:featuredmedia":[{"embeddable":true,"href":"http:\/\/www.bursaprofil.tr\/index.php?rest_route=\/wp\/v2\/media\/15627"}],"wp:attachment":[{"href":"http:\/\/www.bursaprofil.tr\/index.php?rest_route=%2Fwp%2Fv2%2Fmedia&parent=372"}],"wp:term":[{"taxonomy":"product_cat","embeddable":true,"href":"http:\/\/www.bursaprofil.tr\/index.php?rest_route=%2Fwp%2Fv2%2Fproduct_cat&post=372"},{"taxonomy":"product_tag","embeddable":true,"href":"http:\/\/www.bursaprofil.tr\/index.php?rest_route=%2Fwp%2Fv2%2Fproduct_tag&post=372"}],"curies":[{"name":"wp","href":"https:\/\/api.w.org\/{rel}","templated":true}]}}