{"id":16315,"date":"2026-01-07T21:17:05","date_gmt":"2026-01-07T21:17:05","guid":{"rendered":"http:\/\/www.bursaprofil.tr\/?post_type=product&#038;p=16315"},"modified":"2026-01-07T21:19:35","modified_gmt":"2026-01-07T21:19:35","slug":"metrelerine-gore-sandvic-panel-2026-guncel-fiyatlari","status":"publish","type":"product","link":"http:\/\/www.bursaprofil.tr\/?product=metrelerine-gore-sandvic-panel-2026-guncel-fiyatlari","title":{"rendered":"METRELER\u0130NE G\u00d6RE SANDV\u0130\u00c7 PANEL &#8211; 2026 G\u00dcNCEL F\u0130YATLARI"},"content":{"rendered":"<p>Sandvi\u00e7 panel F\u0130YATLARI, en boy \u00f6l\u00e7\u00fcleri ve kal\u0131nl\u0131\u011f\u0131na g\u00f6re , sac kal\u0131nl\u0131\u011f\u0131 , pol\u00fcretan yo\u011funlu\u011fu ve markaya g\u00f6re de\u011fi\u015fiklik g\u00f6stermektedir.<\/p>\n<p>&nbsp;<\/p>\n<p>F\u0130YAT B\u0130LG\u0130S\u0130 \u0130\u00c7\u0130N B\u0130ZLER\u0130 ARAYINIZ<\/p>\n","protected":false},"excerpt":{"rendered":"<p>Sandvi\u00e7 panel F\u0130YATLARI, en boy \u00f6l\u00e7\u00fcleri ve kal\u0131nl\u0131\u011f\u0131na g\u00f6re , sac kal\u0131nl\u0131\u011f\u0131 , pol\u00fcretan yo\u011funlu\u011fu ve markaya g\u00f6re de\u011fi\u015fiklik g\u00f6stermektedir.<\/p>\n<p>&nbsp;<\/p>\n<p>F\u0130YAT B\u0130LG\u0130S\u0130 \u0130\u00c7\u0130N B\u0130ZLER\u0130 ARAYINIZ<\/p>\n","protected":false},"featured_media":15879,"template":"","meta":[],"product_cat":[28],"product_tag":[1497,99,1532,1495,1510,1518,1498,104,1533,1496,1499,1534,1506,1509,1517,1511,1507,1513,1538,1515,1516,1491,1505,1504,1500,1514,225,1494,1483,1484,1536,1480,1493,1537,1482,1486,1481,1540,1479,1492,1487,1535,1485,1531,110,1512,1508,1501,1503,1490,1489,1488,1502,1525,1524,1522,1530,1527,1523,1526,1528,1519,1529,1520,1539,1521],"class_list":{"0":"post-16315","1":"product","2":"type-product","3":"status-publish","4":"has-post-thumbnail","6":"product_cat-sandvicpanel","7":"product_tag-bursa-cati-panel-satisi","8":"product_tag-bursa-cati-paneli","9":"product_tag-bursa-cati-paneli-yakinimda","10":"product_tag-bursa-cati-sandvic-panel","11":"product_tag-bursa-depo-cati-paneli","12":"product_tag-bursa-depo-paneli","13":"product_tag-bursa-duvar-panel-satisi","14":"product_tag-bursa-duvar-paneli","15":"product_tag-bursa-duvar-paneli-yakinimda","16":"product_tag-bursa-duvar-sandvic-panel","17":"product_tag-bursa-endustriyel-panel","18":"product_tag-bursa-endustriyel-panel-yakinimda","19":"product_tag-bursa-eps-sandvic-panel","20":"product_tag-bursa-fabrika-cati-paneli","21":"product_tag-bursa-fabrika-paneli","22":"product_tag-bursa-hangar-paneli","23":"product_tag-bursa-isi-yalitimli-panel","24":"product_tag-bursa-lojistik-depo-paneli","25":"product_tag-bursa-online-sandvic-panel-satisi","26":"product_tag-bursa-organize-sanayi-sandvic-panel","27":"product_tag-bursa-osb-sandvic-panel","28":"product_tag-bursa-perakende-sandvic-panel","29":"product_tag-bursa-pir-sandvic-panel","30":"product_tag-bursa-poliuretan-sandvic-panel","31":"product_tag-bursa-prefabrik-panel","32":"product_tag-bursa-sanayi-cati-paneli","33":"product_tag-bursa-sandvic-panel","34":"product_tag-bursa-sandvic-panel-ayni-gun-teslim","35":"product_tag-bursa-sandvic-panel-bayi","36":"product_tag-bursa-sandvic-panel-fabrikasi","37":"product_tag-bursa-sandvic-panel-fiyat-al","38":"product_tag-bursa-sandvic-panel-fiyatlari","39":"product_tag-bursa-sandvic-panel-hemen-teslim","40":"product_tag-bursa-sandvic-panel-hesaplama","41":"product_tag-bursa-sandvic-panel-m2-fiyati","42":"product_tag-bursa-sandvic-panel-magazasi","43":"product_tag-bursa-sandvic-panel-metrekare-fiyati","44":"product_tag-bursa-sandvic-panel-resmi-site","45":"product_tag-bursa-sandvic-panel-satisi","46":"product_tag-bursa-sandvic-panel-stok","47":"product_tag-bursa-sandvic-panel-tedarikcisi","48":"product_tag-bursa-sandvic-panel-teklif-al","49":"product_tag-bursa-sandvic-panel-ureticisi","50":"product_tag-bursa-sandvic-panel-yakinimda","51":"product_tag-bursa-sandvicpanel","52":"product_tag-bursa-santiye-paneli","53":"product_tag-bursa-ses-yalitimli-panel","54":"product_tag-bursa-soguk-oda-paneli","55":"product_tag-bursa-tasyunu-sandvic-panel","56":"product_tag-bursa-toptan-sandvic-panel","57":"product_tag-bursa-ucuz-sandvic-panel","58":"product_tag-bursa-uygun-sandvic-panel","59":"product_tag-bursa-yangina-dayanikli-sandvic-panel","60":"product_tag-gemlik-sandvic-panel","61":"product_tag-gursu-sandvic-panel","62":"product_tag-inegol-sandvic-panel","63":"product_tag-iznik-sandvic-panel","64":"product_tag-karacabey-sandvic-panel","65":"product_tag-kestel-sandvic-panel","66":"product_tag-mudanya-sandvic-panel","67":"product_tag-mustafakemalpasa-sandvic-panel","68":"product_tag-nilufer-sandvic-panel","69":"product_tag-orhangazi-sandvic-panel","70":"product_tag-osmangazi-sandvic-panel","71":"product_tag-sandvicpanel-tr-bursa","72":"product_tag-yildirim-sandvic-panel","74":"first","75":"instock","76":"shipping-taxable","77":"product-type-simple"},"yoast_head":"<!-- This site is optimized with the Yoast SEO plugin v25.9 - https:\/\/yoast.com\/wordpress\/plugins\/seo\/ -->\n<title>METRELER\u0130NE G\u00d6RE SANDV\u0130\u00c7 PANEL - 2026 G\u00dcNCEL F\u0130YATLARI - BURSA PROF\u0130L<\/title>\n<meta name=\"description\" content=\"Sandvi\u00e7 panel F\u0130YATLARI, en boy \u00f6l\u00e7\u00fcleri ve kal\u0131nl\u0131\u011f\u0131na g\u00f6re , sac kal\u0131nl\u0131\u011f\u0131 , pol\u00fcretan yo\u011funlu\u011fu ve markaya g\u00f6re de\u011fi\u015fiklik g\u00f6stermektedir.\" \/>\n<meta name=\"robots\" content=\"index, follow, max-snippet:-1, max-image-preview:large, max-video-preview:-1\" \/>\n<link rel=\"canonical\" href=\"http:\/\/www.bursaprofil.tr\/?product=metrelerine-gore-sandvic-panel-2026-guncel-fiyatlari\" \/>\n<meta property=\"og:locale\" content=\"tr_TR\" \/>\n<meta property=\"og:type\" content=\"article\" \/>\n<meta property=\"og:title\" content=\"METRELER\u0130NE G\u00d6RE SANDV\u0130\u00c7 PANEL - 2026 G\u00dcNCEL F\u0130YATLARI - BURSA PROF\u0130L\" \/>\n<meta property=\"og:description\" content=\"Sandvi\u00e7 panel F\u0130YATLARI, en boy \u00f6l\u00e7\u00fcleri ve kal\u0131nl\u0131\u011f\u0131na g\u00f6re , sac kal\u0131nl\u0131\u011f\u0131 , pol\u00fcretan yo\u011funlu\u011fu ve markaya g\u00f6re de\u011fi\u015fiklik g\u00f6stermektedir.\" \/>\n<meta property=\"og:url\" content=\"http:\/\/www.bursaprofil.tr\/?product=metrelerine-gore-sandvic-panel-2026-guncel-fiyatlari\" \/>\n<meta property=\"og:site_name\" content=\"BURSA PROF\u0130L\" \/>\n<meta property=\"article:modified_time\" content=\"2026-01-07T21:19:35+00:00\" \/>\n<meta property=\"og:image\" content=\"http:\/\/www.bursaprofil.tr\/wp-content\/uploads\/2024\/11\/panel.png\" \/>\n\t<meta property=\"og:image:width\" content=\"786\" \/>\n\t<meta property=\"og:image:height\" content=\"587\" \/>\n\t<meta property=\"og:image:type\" content=\"image\/png\" \/>\n<meta name=\"twitter:card\" content=\"summary_large_image\" \/>\n<meta name=\"twitter:label1\" content=\"Tahmini okuma s\u00fcresi\" \/>\n\t<meta name=\"twitter:data1\" content=\"1 dakika\" \/>\n<script type=\"application\/ld+json\" class=\"yoast-schema-graph\">{\"@context\":\"https:\/\/schema.org\",\"@graph\":[{\"@type\":\"WebPage\",\"@id\":\"http:\/\/www.bursaprofil.tr\/?product=metrelerine-gore-sandvic-panel-2026-guncel-fiyatlari\",\"url\":\"http:\/\/www.bursaprofil.tr\/?product=metrelerine-gore-sandvic-panel-2026-guncel-fiyatlari\",\"name\":\"METRELER\u0130NE G\u00d6RE SANDV\u0130\u00c7 PANEL - 2026 G\u00dcNCEL F\u0130YATLARI - BURSA PROF\u0130L\",\"isPartOf\":{\"@id\":\"http:\/\/www.bursaprofil.tr\/#website\"},\"primaryImageOfPage\":{\"@id\":\"http:\/\/www.bursaprofil.tr\/?product=metrelerine-gore-sandvic-panel-2026-guncel-fiyatlari#primaryimage\"},\"image\":{\"@id\":\"http:\/\/www.bursaprofil.tr\/?product=metrelerine-gore-sandvic-panel-2026-guncel-fiyatlari#primaryimage\"},\"thumbnailUrl\":\"http:\/\/www.bursaprofil.tr\/wp-content\/uploads\/2024\/11\/panel.png\",\"datePublished\":\"2026-01-07T21:17:05+00:00\",\"dateModified\":\"2026-01-07T21:19:35+00:00\",\"description\":\"Sandvi\u00e7 panel F\u0130YATLARI, en boy \u00f6l\u00e7\u00fcleri ve kal\u0131nl\u0131\u011f\u0131na g\u00f6re , sac kal\u0131nl\u0131\u011f\u0131 , pol\u00fcretan yo\u011funlu\u011fu ve markaya g\u00f6re de\u011fi\u015fiklik g\u00f6stermektedir.\",\"breadcrumb\":{\"@id\":\"http:\/\/www.bursaprofil.tr\/?product=metrelerine-gore-sandvic-panel-2026-guncel-fiyatlari#breadcrumb\"},\"inLanguage\":\"tr\",\"potentialAction\":[{\"@type\":\"ReadAction\",\"target\":[\"http:\/\/www.bursaprofil.tr\/?product=metrelerine-gore-sandvic-panel-2026-guncel-fiyatlari\"]}]},{\"@type\":\"ImageObject\",\"inLanguage\":\"tr\",\"@id\":\"http:\/\/www.bursaprofil.tr\/?product=metrelerine-gore-sandvic-panel-2026-guncel-fiyatlari#primaryimage\",\"url\":\"http:\/\/www.bursaprofil.tr\/wp-content\/uploads\/2024\/11\/panel.png\",\"contentUrl\":\"http:\/\/www.bursaprofil.tr\/wp-content\/uploads\/2024\/11\/panel.png\",\"width\":786,\"height\":587},{\"@type\":\"BreadcrumbList\",\"@id\":\"http:\/\/www.bursaprofil.tr\/?product=metrelerine-gore-sandvic-panel-2026-guncel-fiyatlari#breadcrumb\",\"itemListElement\":[{\"@type\":\"ListItem\",\"position\":1,\"name\":\"Home\",\"item\":\"http:\/\/www.bursaprofil.tr\/\"},{\"@type\":\"ListItem\",\"position\":2,\"name\":\"BURSAPROF\u0130L\u00ae Online Ma\u011faza\",\"item\":\"http:\/\/www.bursaprofil.tr\/?page_id=47\"},{\"@type\":\"ListItem\",\"position\":3,\"name\":\"METRELER\u0130NE G\u00d6RE SANDV\u0130\u00c7 PANEL &#8211; 2026 G\u00dcNCEL F\u0130YATLARI\"}]},{\"@type\":\"WebSite\",\"@id\":\"http:\/\/www.bursaprofil.tr\/#website\",\"url\":\"http:\/\/www.bursaprofil.tr\/\",\"name\":\"BURSA PROF\u0130L\",\"description\":\"TOPTAN VE PERAKENDE PROF\u0130L SATI\u015eI\",\"publisher\":{\"@id\":\"http:\/\/www.bursaprofil.tr\/#organization\"},\"potentialAction\":[{\"@type\":\"SearchAction\",\"target\":{\"@type\":\"EntryPoint\",\"urlTemplate\":\"http:\/\/www.bursaprofil.tr\/?s={search_term_string}\"},\"query-input\":{\"@type\":\"PropertyValueSpecification\",\"valueRequired\":true,\"valueName\":\"search_term_string\"}}],\"inLanguage\":\"tr\"},{\"@type\":\"Organization\",\"@id\":\"http:\/\/www.bursaprofil.tr\/#organization\",\"name\":\"BURSA PROF\u0130L\",\"url\":\"http:\/\/www.bursaprofil.tr\/\",\"logo\":{\"@type\":\"ImageObject\",\"inLanguage\":\"tr\",\"@id\":\"http:\/\/www.bursaprofil.tr\/#\/schema\/logo\/image\/\",\"url\":\"http:\/\/www.bursaprofil.tr\/wp-content\/uploads\/2024\/10\/dikdortgen-kutu-profil-agirlik-tablosu.jpg\",\"contentUrl\":\"http:\/\/www.bursaprofil.tr\/wp-content\/uploads\/2024\/10\/dikdortgen-kutu-profil-agirlik-tablosu.jpg\",\"width\":500,\"height\":331,\"caption\":\"BURSA PROF\u0130L\"},\"image\":{\"@id\":\"http:\/\/www.bursaprofil.tr\/#\/schema\/logo\/image\/\"}}]}<\/script>\n<!-- \/ Yoast SEO plugin. -->","yoast_head_json":{"title":"METRELER\u0130NE G\u00d6RE SANDV\u0130\u00c7 PANEL - 2026 G\u00dcNCEL F\u0130YATLARI - BURSA PROF\u0130L","description":"Sandvi\u00e7 panel F\u0130YATLARI, en boy \u00f6l\u00e7\u00fcleri ve kal\u0131nl\u0131\u011f\u0131na g\u00f6re , sac kal\u0131nl\u0131\u011f\u0131 , pol\u00fcretan yo\u011funlu\u011fu ve markaya g\u00f6re de\u011fi\u015fiklik g\u00f6stermektedir.","robots":{"index":"index","follow":"follow","max-snippet":"max-snippet:-1","max-image-preview":"max-image-preview:large","max-video-preview":"max-video-preview:-1"},"canonical":"http:\/\/www.bursaprofil.tr\/?product=metrelerine-gore-sandvic-panel-2026-guncel-fiyatlari","og_locale":"tr_TR","og_type":"article","og_title":"METRELER\u0130NE G\u00d6RE SANDV\u0130\u00c7 PANEL - 2026 G\u00dcNCEL F\u0130YATLARI - BURSA PROF\u0130L","og_description":"Sandvi\u00e7 panel F\u0130YATLARI, en boy \u00f6l\u00e7\u00fcleri ve kal\u0131nl\u0131\u011f\u0131na g\u00f6re , sac kal\u0131nl\u0131\u011f\u0131 , pol\u00fcretan yo\u011funlu\u011fu ve markaya g\u00f6re de\u011fi\u015fiklik g\u00f6stermektedir.","og_url":"http:\/\/www.bursaprofil.tr\/?product=metrelerine-gore-sandvic-panel-2026-guncel-fiyatlari","og_site_name":"BURSA PROF\u0130L","article_modified_time":"2026-01-07T21:19:35+00:00","og_image":[{"width":786,"height":587,"url":"http:\/\/www.bursaprofil.tr\/wp-content\/uploads\/2024\/11\/panel.png","type":"image\/png"}],"twitter_card":"summary_large_image","twitter_misc":{"Tahmini okuma s\u00fcresi":"1 dakika"},"schema":{"@context":"https:\/\/schema.org","@graph":[{"@type":"WebPage","@id":"http:\/\/www.bursaprofil.tr\/?product=metrelerine-gore-sandvic-panel-2026-guncel-fiyatlari","url":"http:\/\/www.bursaprofil.tr\/?product=metrelerine-gore-sandvic-panel-2026-guncel-fiyatlari","name":"METRELER\u0130NE G\u00d6RE SANDV\u0130\u00c7 PANEL - 2026 G\u00dcNCEL F\u0130YATLARI - BURSA PROF\u0130L","isPartOf":{"@id":"http:\/\/www.bursaprofil.tr\/#website"},"primaryImageOfPage":{"@id":"http:\/\/www.bursaprofil.tr\/?product=metrelerine-gore-sandvic-panel-2026-guncel-fiyatlari#primaryimage"},"image":{"@id":"http:\/\/www.bursaprofil.tr\/?product=metrelerine-gore-sandvic-panel-2026-guncel-fiyatlari#primaryimage"},"thumbnailUrl":"http:\/\/www.bursaprofil.tr\/wp-content\/uploads\/2024\/11\/panel.png","datePublished":"2026-01-07T21:17:05+00:00","dateModified":"2026-01-07T21:19:35+00:00","description":"Sandvi\u00e7 panel F\u0130YATLARI, en boy \u00f6l\u00e7\u00fcleri ve kal\u0131nl\u0131\u011f\u0131na g\u00f6re , sac kal\u0131nl\u0131\u011f\u0131 , pol\u00fcretan yo\u011funlu\u011fu ve markaya g\u00f6re de\u011fi\u015fiklik g\u00f6stermektedir.","breadcrumb":{"@id":"http:\/\/www.bursaprofil.tr\/?product=metrelerine-gore-sandvic-panel-2026-guncel-fiyatlari#breadcrumb"},"inLanguage":"tr","potentialAction":[{"@type":"ReadAction","target":["http:\/\/www.bursaprofil.tr\/?product=metrelerine-gore-sandvic-panel-2026-guncel-fiyatlari"]}]},{"@type":"ImageObject","inLanguage":"tr","@id":"http:\/\/www.bursaprofil.tr\/?product=metrelerine-gore-sandvic-panel-2026-guncel-fiyatlari#primaryimage","url":"http:\/\/www.bursaprofil.tr\/wp-content\/uploads\/2024\/11\/panel.png","contentUrl":"http:\/\/www.bursaprofil.tr\/wp-content\/uploads\/2024\/11\/panel.png","width":786,"height":587},{"@type":"BreadcrumbList","@id":"http:\/\/www.bursaprofil.tr\/?product=metrelerine-gore-sandvic-panel-2026-guncel-fiyatlari#breadcrumb","itemListElement":[{"@type":"ListItem","position":1,"name":"Home","item":"http:\/\/www.bursaprofil.tr\/"},{"@type":"ListItem","position":2,"name":"BURSAPROF\u0130L\u00ae Online Ma\u011faza","item":"http:\/\/www.bursaprofil.tr\/?page_id=47"},{"@type":"ListItem","position":3,"name":"METRELER\u0130NE G\u00d6RE SANDV\u0130\u00c7 PANEL &#8211; 2026 G\u00dcNCEL F\u0130YATLARI"}]},{"@type":"WebSite","@id":"http:\/\/www.bursaprofil.tr\/#website","url":"http:\/\/www.bursaprofil.tr\/","name":"BURSA PROF\u0130L","description":"TOPTAN VE PERAKENDE PROF\u0130L SATI\u015eI","publisher":{"@id":"http:\/\/www.bursaprofil.tr\/#organization"},"potentialAction":[{"@type":"SearchAction","target":{"@type":"EntryPoint","urlTemplate":"http:\/\/www.bursaprofil.tr\/?s={search_term_string}"},"query-input":{"@type":"PropertyValueSpecification","valueRequired":true,"valueName":"search_term_string"}}],"inLanguage":"tr"},{"@type":"Organization","@id":"http:\/\/www.bursaprofil.tr\/#organization","name":"BURSA PROF\u0130L","url":"http:\/\/www.bursaprofil.tr\/","logo":{"@type":"ImageObject","inLanguage":"tr","@id":"http:\/\/www.bursaprofil.tr\/#\/schema\/logo\/image\/","url":"http:\/\/www.bursaprofil.tr\/wp-content\/uploads\/2024\/10\/dikdortgen-kutu-profil-agirlik-tablosu.jpg","contentUrl":"http:\/\/www.bursaprofil.tr\/wp-content\/uploads\/2024\/10\/dikdortgen-kutu-profil-agirlik-tablosu.jpg","width":500,"height":331,"caption":"BURSA PROF\u0130L"},"image":{"@id":"http:\/\/www.bursaprofil.tr\/#\/schema\/logo\/image\/"}}]}},"_links":{"self":[{"href":"http:\/\/www.bursaprofil.tr\/index.php?rest_route=\/wp\/v2\/product\/16315","targetHints":{"allow":["GET"]}}],"collection":[{"href":"http:\/\/www.bursaprofil.tr\/index.php?rest_route=\/wp\/v2\/product"}],"about":[{"href":"http:\/\/www.bursaprofil.tr\/index.php?rest_route=\/wp\/v2\/types\/product"}],"version-history":[{"count":1,"href":"http:\/\/www.bursaprofil.tr\/index.php?rest_route=\/wp\/v2\/product\/16315\/revisions"}],"predecessor-version":[{"id":16316,"href":"http:\/\/www.bursaprofil.tr\/index.php?rest_route=\/wp\/v2\/product\/16315\/revisions\/16316"}],"wp:featuredmedia":[{"embeddable":true,"href":"http:\/\/www.bursaprofil.tr\/index.php?rest_route=\/wp\/v2\/media\/15879"}],"wp:attachment":[{"href":"http:\/\/www.bursaprofil.tr\/index.php?rest_route=%2Fwp%2Fv2%2Fmedia&parent=16315"}],"wp:term":[{"taxonomy":"product_cat","embeddable":true,"href":"http:\/\/www.bursaprofil.tr\/index.php?rest_route=%2Fwp%2Fv2%2Fproduct_cat&post=16315"},{"taxonomy":"product_tag","embeddable":true,"href":"http:\/\/www.bursaprofil.tr\/index.php?rest_route=%2Fwp%2Fv2%2Fproduct_tag&post=16315"}],"curies":[{"name":"wp","href":"https:\/\/api.w.org\/{rel}","templated":true}]}}