{"id":16307,"date":"2025-12-21T11:00:25","date_gmt":"2025-12-21T11:00:25","guid":{"rendered":"http:\/\/www.bursaprofil.tr\/?post_type=product&#038;p=16307"},"modified":"2025-12-21T11:00:26","modified_gmt":"2025-12-21T11:00:26","slug":"camyunu-bursa-en-iyi-fiyatlarla","status":"publish","type":"product","link":"http:\/\/www.bursaprofil.tr\/?product=camyunu-bursa-en-iyi-fiyatlarla","title":{"rendered":"CAMY\u00dcN\u00dc \/ BURSA- EN \u0130Y\u0130 F\u0130YATLARLA"},"content":{"rendered":"<div data-hveid=\"CGMQAQ\" data-ved=\"2ahUKEwjvp9P6ws6RAxU0_rsIHfyGB3IQj7gIegQIYxAB\">\n<div class=\"dnXCYb\" tabindex=\"0\" role=\"button\" aria-controls=\"_vNJHae_ZHrT87_UP_I2ekAc_125\" aria-expanded=\"true\">\n<div class=\"JlqpRe\"><span class=\"JCzEY tNxQIb\"><span class=\"CSkcDe\">Cam y\u00fcn\u00fc nedir ne i\u015fe yarar?<\/span><\/span><\/div>\n<div class=\"p8Jhnd\">\n<div class=\"aj35ze\"><\/div>\n<\/div>\n<div class=\"L3Ezfd\" data-ved=\"2ahUKEwjvp9P6ws6RAxU0_rsIHfyGB3IQuk56BAhjEAI\"><\/div>\n<\/div>\n<\/div>\n<div id=\"_vNJHae_ZHrT87_UP_I2ekAc_125\" class=\"bCOlv\" data-ved=\"2ahUKEwjvp9P6ws6RAxU0_rsIHfyGB3IQ7NUEegQIYxAE\">\n<div class=\"IZE3Td\">\n<div class=\"r2fjmd t0bRye Sbgr0\" data-hveid=\"CGMQBQ\" data-ved=\"2ahUKEwjvp9P6ws6RAxU0_rsIHfyGB3IQu04oAHoECGMQBQ\">\n<div id=\"vNJHae_ZHrT87_UP_I2ekAc__78\">\n<div class=\"wDYxhc NFQFxe oHglmf xzPb7d\" data-md=\"32\" data-hveid=\"CGAQAA\" data-ved=\"2ahUKEwjvp9P6ws6RAxU0_rsIHfyGB3IQ4dMGKAB6BAhgEAA\">\n<div id=\"media_result_group\" class=\"H8O85d kno-mrg-si kno-mrg kno-swp\" data-hveid=\"CGAQAQ\">\n<div class=\"iKjSFe aUc9Gd\">\n<div data-count=\"1\" data-hveid=\"CFMQAA\">\n<div data-ivep=\"true\" data-vpload=\"\">\n<div class=\"RYdNQb cakeVe\" data-h=\"130\" data-nr=\"1\" data-ved=\"2ahUKEwjvp9P6ws6RAxU0_rsIHfyGB3IQyQ0oAHoECFMQAg\">\n<div class=\"eA0Zlc PZPZlf WghbWd FnEtTd ivg-i img-kc-m GMCzAd\" aria-hidden=\"true\" data-attrid=\"image\" data-docid=\"D_W-xn6Nu4N1PM\" data-ivep=\"true\" data-lpage=\"https:\/\/www.yapikatalogu.com\/blog\/cam-yunu-nedir_578\" data-ni=\"1\" data-ref-docid=\"_TiQEfm1SQ_ckM\" data-hveid=\"CEoQAA\" data-ved=\"2ahUKEwjvp9P6ws6RAxU0_rsIHfyGB3IQzkx6BAhKEAA\">\n<div class=\"XOEbc\" tabindex=\"0\" role=\"button\">\n<div class=\"uhHOwf BYbUcd\" data-bla=\"\"><\/div>\n<\/div>\n<div class=\"BfmEZb\"><\/div>\n<\/div>\n<\/div>\n<\/div>\n<\/div>\n<\/div>\n<\/div>\n<\/div>\n<\/div>\n<div id=\"vNJHae_ZHrT87_UP_I2ekAc__81\">\n<div class=\"wDYxhc\" data-md=\"61\">\n<div class=\"LGOjhe\" data-attrid=\"wa:\/description\" data-hveid=\"CFYQAA\"><span class=\"BxUVEf ILfuVd\" lang=\"tr\"><span class=\"hgKElc pOOWX\">Cam y\u00fcn\u00fc, y\u00fcksek s\u0131cakl\u0131kta (yakla\u015f\u0131k 1250\u00b0C) eritilmi\u015f cam ve silis kumundan elde edilen inorganik elyaflar\u0131n birle\u015fiminden olu\u015fan bir yal\u0131t\u0131m malzemesidir. Sar\u0131 lifli g\u00f6r\u00fcn\u00fcme sahip olan bu malzeme, \u00e7\u00f6z\u00fclmez bir yap\u0131ya sahiptir ve temel olarak\u00a0<b>\u0131s\u0131 yal\u0131t\u0131m\u0131, ses izolasyonu ve yang\u0131n g\u00fcvenli\u011fi ama\u00e7lar\u0131yla kullan\u0131l\u0131r<\/b>.<\/span><\/span><\/div>\n<\/div>\n<\/div>\n<\/div>\n<\/div>\n<\/div>\n","protected":false},"excerpt":{"rendered":"<p>Cam y\u00fcn\u00fc nedir ne i\u015fe yarar? Cam y\u00fcn\u00fc, y\u00fcksek s\u0131cakl\u0131kta (yakla\u015f\u0131k 1250\u00b0C) eritilmi\u015f cam ve silis kumundan elde edilen inorganik<\/p>\n","protected":false},"featured_media":15902,"template":"","meta":[],"product_cat":[20],"product_tag":[1469,1470,1471,1468],"class_list":{"0":"post-16307","1":"product","2":"type-product","3":"status-publish","4":"has-post-thumbnail","6":"product_cat-kutuprofil","7":"product_tag-bursa-cam-yunu-fiyatlari","8":"product_tag-bursa-camyunu","9":"product_tag-bursa-izolasyon","10":"product_tag-camyunu-bursa","12":"first","13":"instock","14":"shipping-taxable","15":"product-type-simple"},"yoast_head":"<!-- This site is optimized with the Yoast SEO plugin v25.9 - https:\/\/yoast.com\/wordpress\/plugins\/seo\/ -->\n<title>CAMY\u00dcN\u00dc \/ BURSA- EN \u0130Y\u0130 F\u0130YATLARLA - BURSA PROF\u0130L<\/title>\n<meta name=\"description\" content=\"BURSA CAM Y\u00dcN\u00dc SATI\u015eI\" \/>\n<meta name=\"robots\" content=\"index, follow, max-snippet:-1, max-image-preview:large, max-video-preview:-1\" \/>\n<link rel=\"canonical\" href=\"http:\/\/www.bursaprofil.tr\/?product=camyunu-bursa-en-iyi-fiyatlarla\" \/>\n<meta property=\"og:locale\" content=\"tr_TR\" \/>\n<meta property=\"og:type\" content=\"article\" \/>\n<meta property=\"og:title\" content=\"CAMY\u00dcN\u00dc \/ BURSA- EN \u0130Y\u0130 F\u0130YATLARLA - BURSA PROF\u0130L\" \/>\n<meta property=\"og:description\" content=\"BURSA CAM Y\u00dcN\u00dc SATI\u015eI\" \/>\n<meta property=\"og:url\" content=\"http:\/\/www.bursaprofil.tr\/?product=camyunu-bursa-en-iyi-fiyatlarla\" \/>\n<meta property=\"og:site_name\" content=\"BURSA PROF\u0130L\" \/>\n<meta property=\"article:modified_time\" content=\"2025-12-21T11:00:26+00:00\" \/>\n<meta property=\"og:image\" content=\"http:\/\/www.bursaprofil.tr\/wp-content\/uploads\/2024\/11\/yeni-tasyunu17748-Photoroom.png\" \/>\n\t<meta property=\"og:image:width\" content=\"690\" \/>\n\t<meta property=\"og:image:height\" content=\"388\" \/>\n\t<meta property=\"og:image:type\" content=\"image\/png\" \/>\n<meta name=\"twitter:card\" content=\"summary_large_image\" \/>\n<meta name=\"twitter:label1\" content=\"Tahmini okuma s\u00fcresi\" \/>\n\t<meta name=\"twitter:data1\" content=\"1 dakika\" \/>\n<script type=\"application\/ld+json\" class=\"yoast-schema-graph\">{\"@context\":\"https:\/\/schema.org\",\"@graph\":[{\"@type\":\"WebPage\",\"@id\":\"http:\/\/www.bursaprofil.tr\/?product=camyunu-bursa-en-iyi-fiyatlarla\",\"url\":\"http:\/\/www.bursaprofil.tr\/?product=camyunu-bursa-en-iyi-fiyatlarla\",\"name\":\"CAMY\u00dcN\u00dc \/ BURSA- EN \u0130Y\u0130 F\u0130YATLARLA - BURSA PROF\u0130L\",\"isPartOf\":{\"@id\":\"http:\/\/www.bursaprofil.tr\/#website\"},\"primaryImageOfPage\":{\"@id\":\"http:\/\/www.bursaprofil.tr\/?product=camyunu-bursa-en-iyi-fiyatlarla#primaryimage\"},\"image\":{\"@id\":\"http:\/\/www.bursaprofil.tr\/?product=camyunu-bursa-en-iyi-fiyatlarla#primaryimage\"},\"thumbnailUrl\":\"http:\/\/www.bursaprofil.tr\/wp-content\/uploads\/2024\/11\/yeni-tasyunu17748-Photoroom.png\",\"datePublished\":\"2025-12-21T11:00:25+00:00\",\"dateModified\":\"2025-12-21T11:00:26+00:00\",\"description\":\"BURSA CAM Y\u00dcN\u00dc SATI\u015eI\",\"breadcrumb\":{\"@id\":\"http:\/\/www.bursaprofil.tr\/?product=camyunu-bursa-en-iyi-fiyatlarla#breadcrumb\"},\"inLanguage\":\"tr\",\"potentialAction\":[{\"@type\":\"ReadAction\",\"target\":[\"http:\/\/www.bursaprofil.tr\/?product=camyunu-bursa-en-iyi-fiyatlarla\"]}]},{\"@type\":\"ImageObject\",\"inLanguage\":\"tr\",\"@id\":\"http:\/\/www.bursaprofil.tr\/?product=camyunu-bursa-en-iyi-fiyatlarla#primaryimage\",\"url\":\"http:\/\/www.bursaprofil.tr\/wp-content\/uploads\/2024\/11\/yeni-tasyunu17748-Photoroom.png\",\"contentUrl\":\"http:\/\/www.bursaprofil.tr\/wp-content\/uploads\/2024\/11\/yeni-tasyunu17748-Photoroom.png\",\"width\":690,\"height\":388},{\"@type\":\"BreadcrumbList\",\"@id\":\"http:\/\/www.bursaprofil.tr\/?product=camyunu-bursa-en-iyi-fiyatlarla#breadcrumb\",\"itemListElement\":[{\"@type\":\"ListItem\",\"position\":1,\"name\":\"Home\",\"item\":\"http:\/\/www.bursaprofil.tr\/\"},{\"@type\":\"ListItem\",\"position\":2,\"name\":\"BURSAPROF\u0130L\u00ae Online Ma\u011faza\",\"item\":\"http:\/\/www.bursaprofil.tr\/?page_id=47\"},{\"@type\":\"ListItem\",\"position\":3,\"name\":\"CAMY\u00dcN\u00dc \/ BURSA- EN \u0130Y\u0130 F\u0130YATLARLA\"}]},{\"@type\":\"WebSite\",\"@id\":\"http:\/\/www.bursaprofil.tr\/#website\",\"url\":\"http:\/\/www.bursaprofil.tr\/\",\"name\":\"BURSA PROF\u0130L\",\"description\":\"TOPTAN VE PERAKENDE PROF\u0130L SATI\u015eI\",\"publisher\":{\"@id\":\"http:\/\/www.bursaprofil.tr\/#organization\"},\"potentialAction\":[{\"@type\":\"SearchAction\",\"target\":{\"@type\":\"EntryPoint\",\"urlTemplate\":\"http:\/\/www.bursaprofil.tr\/?s={search_term_string}\"},\"query-input\":{\"@type\":\"PropertyValueSpecification\",\"valueRequired\":true,\"valueName\":\"search_term_string\"}}],\"inLanguage\":\"tr\"},{\"@type\":\"Organization\",\"@id\":\"http:\/\/www.bursaprofil.tr\/#organization\",\"name\":\"BURSA PROF\u0130L\",\"url\":\"http:\/\/www.bursaprofil.tr\/\",\"logo\":{\"@type\":\"ImageObject\",\"inLanguage\":\"tr\",\"@id\":\"http:\/\/www.bursaprofil.tr\/#\/schema\/logo\/image\/\",\"url\":\"http:\/\/www.bursaprofil.tr\/wp-content\/uploads\/2024\/10\/dikdortgen-kutu-profil-agirlik-tablosu.jpg\",\"contentUrl\":\"http:\/\/www.bursaprofil.tr\/wp-content\/uploads\/2024\/10\/dikdortgen-kutu-profil-agirlik-tablosu.jpg\",\"width\":500,\"height\":331,\"caption\":\"BURSA PROF\u0130L\"},\"image\":{\"@id\":\"http:\/\/www.bursaprofil.tr\/#\/schema\/logo\/image\/\"}}]}<\/script>\n<!-- \/ Yoast SEO plugin. -->","yoast_head_json":{"title":"CAMY\u00dcN\u00dc \/ BURSA- EN \u0130Y\u0130 F\u0130YATLARLA - BURSA PROF\u0130L","description":"BURSA CAM Y\u00dcN\u00dc SATI\u015eI","robots":{"index":"index","follow":"follow","max-snippet":"max-snippet:-1","max-image-preview":"max-image-preview:large","max-video-preview":"max-video-preview:-1"},"canonical":"http:\/\/www.bursaprofil.tr\/?product=camyunu-bursa-en-iyi-fiyatlarla","og_locale":"tr_TR","og_type":"article","og_title":"CAMY\u00dcN\u00dc \/ BURSA- EN \u0130Y\u0130 F\u0130YATLARLA - BURSA PROF\u0130L","og_description":"BURSA CAM Y\u00dcN\u00dc SATI\u015eI","og_url":"http:\/\/www.bursaprofil.tr\/?product=camyunu-bursa-en-iyi-fiyatlarla","og_site_name":"BURSA PROF\u0130L","article_modified_time":"2025-12-21T11:00:26+00:00","og_image":[{"width":690,"height":388,"url":"http:\/\/www.bursaprofil.tr\/wp-content\/uploads\/2024\/11\/yeni-tasyunu17748-Photoroom.png","type":"image\/png"}],"twitter_card":"summary_large_image","twitter_misc":{"Tahmini okuma s\u00fcresi":"1 dakika"},"schema":{"@context":"https:\/\/schema.org","@graph":[{"@type":"WebPage","@id":"http:\/\/www.bursaprofil.tr\/?product=camyunu-bursa-en-iyi-fiyatlarla","url":"http:\/\/www.bursaprofil.tr\/?product=camyunu-bursa-en-iyi-fiyatlarla","name":"CAMY\u00dcN\u00dc \/ BURSA- EN \u0130Y\u0130 F\u0130YATLARLA - BURSA PROF\u0130L","isPartOf":{"@id":"http:\/\/www.bursaprofil.tr\/#website"},"primaryImageOfPage":{"@id":"http:\/\/www.bursaprofil.tr\/?product=camyunu-bursa-en-iyi-fiyatlarla#primaryimage"},"image":{"@id":"http:\/\/www.bursaprofil.tr\/?product=camyunu-bursa-en-iyi-fiyatlarla#primaryimage"},"thumbnailUrl":"http:\/\/www.bursaprofil.tr\/wp-content\/uploads\/2024\/11\/yeni-tasyunu17748-Photoroom.png","datePublished":"2025-12-21T11:00:25+00:00","dateModified":"2025-12-21T11:00:26+00:00","description":"BURSA CAM Y\u00dcN\u00dc SATI\u015eI","breadcrumb":{"@id":"http:\/\/www.bursaprofil.tr\/?product=camyunu-bursa-en-iyi-fiyatlarla#breadcrumb"},"inLanguage":"tr","potentialAction":[{"@type":"ReadAction","target":["http:\/\/www.bursaprofil.tr\/?product=camyunu-bursa-en-iyi-fiyatlarla"]}]},{"@type":"ImageObject","inLanguage":"tr","@id":"http:\/\/www.bursaprofil.tr\/?product=camyunu-bursa-en-iyi-fiyatlarla#primaryimage","url":"http:\/\/www.bursaprofil.tr\/wp-content\/uploads\/2024\/11\/yeni-tasyunu17748-Photoroom.png","contentUrl":"http:\/\/www.bursaprofil.tr\/wp-content\/uploads\/2024\/11\/yeni-tasyunu17748-Photoroom.png","width":690,"height":388},{"@type":"BreadcrumbList","@id":"http:\/\/www.bursaprofil.tr\/?product=camyunu-bursa-en-iyi-fiyatlarla#breadcrumb","itemListElement":[{"@type":"ListItem","position":1,"name":"Home","item":"http:\/\/www.bursaprofil.tr\/"},{"@type":"ListItem","position":2,"name":"BURSAPROF\u0130L\u00ae Online Ma\u011faza","item":"http:\/\/www.bursaprofil.tr\/?page_id=47"},{"@type":"ListItem","position":3,"name":"CAMY\u00dcN\u00dc \/ BURSA- EN \u0130Y\u0130 F\u0130YATLARLA"}]},{"@type":"WebSite","@id":"http:\/\/www.bursaprofil.tr\/#website","url":"http:\/\/www.bursaprofil.tr\/","name":"BURSA PROF\u0130L","description":"TOPTAN VE PERAKENDE PROF\u0130L SATI\u015eI","publisher":{"@id":"http:\/\/www.bursaprofil.tr\/#organization"},"potentialAction":[{"@type":"SearchAction","target":{"@type":"EntryPoint","urlTemplate":"http:\/\/www.bursaprofil.tr\/?s={search_term_string}"},"query-input":{"@type":"PropertyValueSpecification","valueRequired":true,"valueName":"search_term_string"}}],"inLanguage":"tr"},{"@type":"Organization","@id":"http:\/\/www.bursaprofil.tr\/#organization","name":"BURSA PROF\u0130L","url":"http:\/\/www.bursaprofil.tr\/","logo":{"@type":"ImageObject","inLanguage":"tr","@id":"http:\/\/www.bursaprofil.tr\/#\/schema\/logo\/image\/","url":"http:\/\/www.bursaprofil.tr\/wp-content\/uploads\/2024\/10\/dikdortgen-kutu-profil-agirlik-tablosu.jpg","contentUrl":"http:\/\/www.bursaprofil.tr\/wp-content\/uploads\/2024\/10\/dikdortgen-kutu-profil-agirlik-tablosu.jpg","width":500,"height":331,"caption":"BURSA PROF\u0130L"},"image":{"@id":"http:\/\/www.bursaprofil.tr\/#\/schema\/logo\/image\/"}}]}},"_links":{"self":[{"href":"http:\/\/www.bursaprofil.tr\/index.php?rest_route=\/wp\/v2\/product\/16307","targetHints":{"allow":["GET"]}}],"collection":[{"href":"http:\/\/www.bursaprofil.tr\/index.php?rest_route=\/wp\/v2\/product"}],"about":[{"href":"http:\/\/www.bursaprofil.tr\/index.php?rest_route=\/wp\/v2\/types\/product"}],"version-history":[{"count":1,"href":"http:\/\/www.bursaprofil.tr\/index.php?rest_route=\/wp\/v2\/product\/16307\/revisions"}],"predecessor-version":[{"id":16308,"href":"http:\/\/www.bursaprofil.tr\/index.php?rest_route=\/wp\/v2\/product\/16307\/revisions\/16308"}],"wp:featuredmedia":[{"embeddable":true,"href":"http:\/\/www.bursaprofil.tr\/index.php?rest_route=\/wp\/v2\/media\/15902"}],"wp:attachment":[{"href":"http:\/\/www.bursaprofil.tr\/index.php?rest_route=%2Fwp%2Fv2%2Fmedia&parent=16307"}],"wp:term":[{"taxonomy":"product_cat","embeddable":true,"href":"http:\/\/www.bursaprofil.tr\/index.php?rest_route=%2Fwp%2Fv2%2Fproduct_cat&post=16307"},{"taxonomy":"product_tag","embeddable":true,"href":"http:\/\/www.bursaprofil.tr\/index.php?rest_route=%2Fwp%2Fv2%2Fproduct_tag&post=16307"}],"curies":[{"name":"wp","href":"https:\/\/api.w.org\/{rel}","templated":true}]}}