{"id":16279,"date":"2025-10-28T18:35:28","date_gmt":"2025-10-28T18:35:28","guid":{"rendered":"http:\/\/www.bursaprofil.tr\/?post_type=product&#038;p=16279"},"modified":"2025-10-28T18:38:30","modified_gmt":"2025-10-28T18:38:30","slug":"metrelerine-gore-sandvic-panel-fiyatlari-guncel-fiyat","status":"publish","type":"product","link":"http:\/\/www.bursaprofil.tr\/?product=metrelerine-gore-sandvic-panel-fiyatlari-guncel-fiyat","title":{"rendered":"METRELER\u0130NE G\u00d6RE SANDV\u0130\u00c7 PANEL F\u0130YATLARI &#8211; G\u00dcNCEL F\u0130YAT"},"content":{"rendered":"<p>Sandvi\u00e7 panel F\u0130YATLARI, en boy \u00f6l\u00e7\u00fcleri ve kal\u0131nl\u0131\u011f\u0131na g\u00f6re , sac kal\u0131nl\u0131\u011f\u0131 , pol\u00fcretan yo\u011funlu\u011fu ve markaya g\u00f6re de\u011fi\u015fiklik g\u00f6stermektedir.<\/p>\n<p>&nbsp;<\/p>\n<p>F\u0130YAT B\u0130LG\u0130S\u0130 \u0130\u00c7\u0130N B\u0130ZLER\u0130 ARAYINIZ<\/p>\n","protected":false},"excerpt":{"rendered":"<p>Sandvi\u00e7 panel F\u0130YATLARI, en boy \u00f6l\u00e7\u00fcleri ve kal\u0131nl\u0131\u011f\u0131na g\u00f6re , sac kal\u0131nl\u0131\u011f\u0131 , pol\u00fcretan yo\u011funlu\u011fu ve markaya g\u00f6re de\u011fi\u015fiklik g\u00f6stermektedir.<\/p>\n<p>&nbsp;<\/p>\n<p>F\u0130YAT B\u0130LG\u0130S\u0130 \u0130\u00c7\u0130N B\u0130ZLER\u0130 ARAYINIZ<\/p>\n","protected":false},"featured_media":15879,"template":"","meta":[],"product_cat":[1077],"product_tag":[1093,1078,1102,1087,1103,1088,1104,1089,1105,1090,1106,1091,1107,1092,1094,1079,1095,1080,1096,1081,1097,1082,1098,1083,1099,1084,1100,1085,1101,1086],"class_list":{"0":"post-16279","1":"product","2":"type-product","3":"status-publish","4":"has-post-thumbnail","6":"product_cat-cesitli-urunler","7":"product_tag-1-mt-cati-paneli-fiyati-guncel-fiyat","8":"product_tag-1-mt-sandvic-panel-fiyati-guncel-fiyat","9":"product_tag-10-mt-cati-paneli-fiyati-guncel-fiyat","10":"product_tag-10-mt-sandvic-panel-fiyati-guncel-fiyat","11":"product_tag-11-mt-cati-paneli-fiyati-guncel-fiyat","12":"product_tag-11-mt-sandvic-panel-fiyati-guncel-fiyat","13":"product_tag-12-mt-cati-paneli-fiyati-guncel-fiyat","14":"product_tag-12-mt-sandvic-panel-fiyati-guncel-fiyat","15":"product_tag-13-mt-cati-paneli-fiyati-guncel-fiyat","16":"product_tag-13-mt-sandvic-panel-fiyati-guncel-fiyat","17":"product_tag-14-mt-cati-paneli-fiyati-guncel-fiyat","18":"product_tag-14-mt-sandvic-panel-fiyati-guncel-fiyat","19":"product_tag-15-mt-cati-paneli-fiyati-guncel-fiyat","20":"product_tag-15-mt-sandvic-panel-fiyati-guncel-fiyat","21":"product_tag-2-mt-cati-paneli-fiyati-guncel-fiyat","22":"product_tag-2-mt-sandvic-panel-fiyati-guncel-fiyat","23":"product_tag-3-mt-cati-paneli-fiyati-guncel-fiyat","24":"product_tag-3-mt-sandvic-panel-fiyati-guncel-fiyat","25":"product_tag-4-mt-cati-paneli-fiyati-guncel-fiyat","26":"product_tag-4-mt-sandvic-panel-fiyati-guncel-fiyat","27":"product_tag-5-mt-cati-paneli-fiyati-guncel-fiyat","28":"product_tag-5-mt-sandvic-panel-fiyati-guncel-fiyat","29":"product_tag-6-mt-cati-paneli-fiyati-guncel-fiyat","30":"product_tag-6-mt-sandvic-panel-fiyati-guncel-fiyat","31":"product_tag-7-mt-cati-paneli-fiyati-guncel-fiyat","32":"product_tag-7-mt-sandvic-panel-fiyati-guncel-fiyat","33":"product_tag-8-mt-cati-paneli-fiyati-guncel-fiyat","34":"product_tag-8-mt-sandvic-panel-fiyati-guncel-fiyat","35":"product_tag-9-mt-cati-paneli-fiyati-guncel-fiyat","36":"product_tag-9-mt-sandvic-panel-fiyati-guncel-fiyat","38":"first","39":"instock","40":"shipping-taxable","41":"product-type-simple"},"yoast_head":"<!-- This site is optimized with the Yoast SEO plugin v25.9 - https:\/\/yoast.com\/wordpress\/plugins\/seo\/ -->\n<title>METRELER\u0130NE G\u00d6RE SANDV\u0130\u00c7 PANEL F\u0130YATLARI - G\u00dcNCEL F\u0130YAT - BURSA PROF\u0130L<\/title>\n<meta name=\"description\" content=\"Sandvi\u00e7 panel F\u0130YATLARI, en boy \u00f6l\u00e7\u00fcleri ve kal\u0131nl\u0131\u011f\u0131na g\u00f6re , sac kal\u0131nl\u0131\u011f\u0131 , pol\u00fcretan yo\u011funlu\u011fu ve markaya g\u00f6re de\u011fi\u015fiklik g\u00f6stermektedir.\" \/>\n<meta name=\"robots\" content=\"index, follow, max-snippet:-1, max-image-preview:large, max-video-preview:-1\" \/>\n<link rel=\"canonical\" href=\"http:\/\/www.bursaprofil.tr\/?product=metrelerine-gore-sandvic-panel-fiyatlari-guncel-fiyat\" \/>\n<meta property=\"og:locale\" content=\"tr_TR\" \/>\n<meta property=\"og:type\" content=\"article\" \/>\n<meta property=\"og:title\" content=\"METRELER\u0130NE G\u00d6RE SANDV\u0130\u00c7 PANEL F\u0130YATLARI - G\u00dcNCEL F\u0130YAT - BURSA PROF\u0130L\" \/>\n<meta property=\"og:description\" content=\"Sandvi\u00e7 panel F\u0130YATLARI, en boy \u00f6l\u00e7\u00fcleri ve kal\u0131nl\u0131\u011f\u0131na g\u00f6re , sac kal\u0131nl\u0131\u011f\u0131 , pol\u00fcretan yo\u011funlu\u011fu ve markaya g\u00f6re de\u011fi\u015fiklik g\u00f6stermektedir.\" \/>\n<meta property=\"og:url\" content=\"http:\/\/www.bursaprofil.tr\/?product=metrelerine-gore-sandvic-panel-fiyatlari-guncel-fiyat\" \/>\n<meta property=\"og:site_name\" content=\"BURSA PROF\u0130L\" \/>\n<meta property=\"article:modified_time\" content=\"2025-10-28T18:38:30+00:00\" \/>\n<meta property=\"og:image\" content=\"http:\/\/www.bursaprofil.tr\/wp-content\/uploads\/2024\/11\/panel.png\" \/>\n\t<meta property=\"og:image:width\" content=\"786\" \/>\n\t<meta property=\"og:image:height\" content=\"587\" \/>\n\t<meta property=\"og:image:type\" content=\"image\/png\" \/>\n<meta name=\"twitter:card\" content=\"summary_large_image\" \/>\n<meta name=\"twitter:label1\" content=\"Tahmini okuma s\u00fcresi\" \/>\n\t<meta name=\"twitter:data1\" content=\"1 dakika\" \/>\n<script type=\"application\/ld+json\" class=\"yoast-schema-graph\">{\"@context\":\"https:\/\/schema.org\",\"@graph\":[{\"@type\":\"WebPage\",\"@id\":\"http:\/\/www.bursaprofil.tr\/?product=metrelerine-gore-sandvic-panel-fiyatlari-guncel-fiyat\",\"url\":\"http:\/\/www.bursaprofil.tr\/?product=metrelerine-gore-sandvic-panel-fiyatlari-guncel-fiyat\",\"name\":\"METRELER\u0130NE G\u00d6RE SANDV\u0130\u00c7 PANEL F\u0130YATLARI - G\u00dcNCEL F\u0130YAT - BURSA PROF\u0130L\",\"isPartOf\":{\"@id\":\"http:\/\/www.bursaprofil.tr\/#website\"},\"primaryImageOfPage\":{\"@id\":\"http:\/\/www.bursaprofil.tr\/?product=metrelerine-gore-sandvic-panel-fiyatlari-guncel-fiyat#primaryimage\"},\"image\":{\"@id\":\"http:\/\/www.bursaprofil.tr\/?product=metrelerine-gore-sandvic-panel-fiyatlari-guncel-fiyat#primaryimage\"},\"thumbnailUrl\":\"http:\/\/www.bursaprofil.tr\/wp-content\/uploads\/2024\/11\/panel.png\",\"datePublished\":\"2025-10-28T18:35:28+00:00\",\"dateModified\":\"2025-10-28T18:38:30+00:00\",\"description\":\"Sandvi\u00e7 panel F\u0130YATLARI, en boy \u00f6l\u00e7\u00fcleri ve kal\u0131nl\u0131\u011f\u0131na g\u00f6re , sac kal\u0131nl\u0131\u011f\u0131 , pol\u00fcretan yo\u011funlu\u011fu ve markaya g\u00f6re de\u011fi\u015fiklik g\u00f6stermektedir.\",\"breadcrumb\":{\"@id\":\"http:\/\/www.bursaprofil.tr\/?product=metrelerine-gore-sandvic-panel-fiyatlari-guncel-fiyat#breadcrumb\"},\"inLanguage\":\"tr\",\"potentialAction\":[{\"@type\":\"ReadAction\",\"target\":[\"http:\/\/www.bursaprofil.tr\/?product=metrelerine-gore-sandvic-panel-fiyatlari-guncel-fiyat\"]}]},{\"@type\":\"ImageObject\",\"inLanguage\":\"tr\",\"@id\":\"http:\/\/www.bursaprofil.tr\/?product=metrelerine-gore-sandvic-panel-fiyatlari-guncel-fiyat#primaryimage\",\"url\":\"http:\/\/www.bursaprofil.tr\/wp-content\/uploads\/2024\/11\/panel.png\",\"contentUrl\":\"http:\/\/www.bursaprofil.tr\/wp-content\/uploads\/2024\/11\/panel.png\",\"width\":786,\"height\":587},{\"@type\":\"BreadcrumbList\",\"@id\":\"http:\/\/www.bursaprofil.tr\/?product=metrelerine-gore-sandvic-panel-fiyatlari-guncel-fiyat#breadcrumb\",\"itemListElement\":[{\"@type\":\"ListItem\",\"position\":1,\"name\":\"Home\",\"item\":\"http:\/\/www.bursaprofil.tr\/\"},{\"@type\":\"ListItem\",\"position\":2,\"name\":\"BURSAPROF\u0130L\u00ae Online Ma\u011faza\",\"item\":\"http:\/\/www.bursaprofil.tr\/?page_id=47\"},{\"@type\":\"ListItem\",\"position\":3,\"name\":\"METRELER\u0130NE G\u00d6RE SANDV\u0130\u00c7 PANEL F\u0130YATLARI &#8211; G\u00dcNCEL F\u0130YAT\"}]},{\"@type\":\"WebSite\",\"@id\":\"http:\/\/www.bursaprofil.tr\/#website\",\"url\":\"http:\/\/www.bursaprofil.tr\/\",\"name\":\"BURSA PROF\u0130L\",\"description\":\"TOPTAN VE PERAKENDE PROF\u0130L SATI\u015eI\",\"publisher\":{\"@id\":\"http:\/\/www.bursaprofil.tr\/#organization\"},\"potentialAction\":[{\"@type\":\"SearchAction\",\"target\":{\"@type\":\"EntryPoint\",\"urlTemplate\":\"http:\/\/www.bursaprofil.tr\/?s={search_term_string}\"},\"query-input\":{\"@type\":\"PropertyValueSpecification\",\"valueRequired\":true,\"valueName\":\"search_term_string\"}}],\"inLanguage\":\"tr\"},{\"@type\":\"Organization\",\"@id\":\"http:\/\/www.bursaprofil.tr\/#organization\",\"name\":\"BURSA PROF\u0130L\",\"url\":\"http:\/\/www.bursaprofil.tr\/\",\"logo\":{\"@type\":\"ImageObject\",\"inLanguage\":\"tr\",\"@id\":\"http:\/\/www.bursaprofil.tr\/#\/schema\/logo\/image\/\",\"url\":\"http:\/\/www.bursaprofil.tr\/wp-content\/uploads\/2024\/10\/dikdortgen-kutu-profil-agirlik-tablosu.jpg\",\"contentUrl\":\"http:\/\/www.bursaprofil.tr\/wp-content\/uploads\/2024\/10\/dikdortgen-kutu-profil-agirlik-tablosu.jpg\",\"width\":500,\"height\":331,\"caption\":\"BURSA PROF\u0130L\"},\"image\":{\"@id\":\"http:\/\/www.bursaprofil.tr\/#\/schema\/logo\/image\/\"}}]}<\/script>\n<!-- \/ Yoast SEO plugin. -->","yoast_head_json":{"title":"METRELER\u0130NE G\u00d6RE SANDV\u0130\u00c7 PANEL F\u0130YATLARI - G\u00dcNCEL F\u0130YAT - BURSA PROF\u0130L","description":"Sandvi\u00e7 panel F\u0130YATLARI, en boy \u00f6l\u00e7\u00fcleri ve kal\u0131nl\u0131\u011f\u0131na g\u00f6re , sac kal\u0131nl\u0131\u011f\u0131 , pol\u00fcretan yo\u011funlu\u011fu ve markaya g\u00f6re de\u011fi\u015fiklik g\u00f6stermektedir.","robots":{"index":"index","follow":"follow","max-snippet":"max-snippet:-1","max-image-preview":"max-image-preview:large","max-video-preview":"max-video-preview:-1"},"canonical":"http:\/\/www.bursaprofil.tr\/?product=metrelerine-gore-sandvic-panel-fiyatlari-guncel-fiyat","og_locale":"tr_TR","og_type":"article","og_title":"METRELER\u0130NE G\u00d6RE SANDV\u0130\u00c7 PANEL F\u0130YATLARI - G\u00dcNCEL F\u0130YAT - BURSA PROF\u0130L","og_description":"Sandvi\u00e7 panel F\u0130YATLARI, en boy \u00f6l\u00e7\u00fcleri ve kal\u0131nl\u0131\u011f\u0131na g\u00f6re , sac kal\u0131nl\u0131\u011f\u0131 , pol\u00fcretan yo\u011funlu\u011fu ve markaya g\u00f6re de\u011fi\u015fiklik g\u00f6stermektedir.","og_url":"http:\/\/www.bursaprofil.tr\/?product=metrelerine-gore-sandvic-panel-fiyatlari-guncel-fiyat","og_site_name":"BURSA PROF\u0130L","article_modified_time":"2025-10-28T18:38:30+00:00","og_image":[{"width":786,"height":587,"url":"http:\/\/www.bursaprofil.tr\/wp-content\/uploads\/2024\/11\/panel.png","type":"image\/png"}],"twitter_card":"summary_large_image","twitter_misc":{"Tahmini okuma s\u00fcresi":"1 dakika"},"schema":{"@context":"https:\/\/schema.org","@graph":[{"@type":"WebPage","@id":"http:\/\/www.bursaprofil.tr\/?product=metrelerine-gore-sandvic-panel-fiyatlari-guncel-fiyat","url":"http:\/\/www.bursaprofil.tr\/?product=metrelerine-gore-sandvic-panel-fiyatlari-guncel-fiyat","name":"METRELER\u0130NE G\u00d6RE SANDV\u0130\u00c7 PANEL F\u0130YATLARI - G\u00dcNCEL F\u0130YAT - BURSA PROF\u0130L","isPartOf":{"@id":"http:\/\/www.bursaprofil.tr\/#website"},"primaryImageOfPage":{"@id":"http:\/\/www.bursaprofil.tr\/?product=metrelerine-gore-sandvic-panel-fiyatlari-guncel-fiyat#primaryimage"},"image":{"@id":"http:\/\/www.bursaprofil.tr\/?product=metrelerine-gore-sandvic-panel-fiyatlari-guncel-fiyat#primaryimage"},"thumbnailUrl":"http:\/\/www.bursaprofil.tr\/wp-content\/uploads\/2024\/11\/panel.png","datePublished":"2025-10-28T18:35:28+00:00","dateModified":"2025-10-28T18:38:30+00:00","description":"Sandvi\u00e7 panel F\u0130YATLARI, en boy \u00f6l\u00e7\u00fcleri ve kal\u0131nl\u0131\u011f\u0131na g\u00f6re , sac kal\u0131nl\u0131\u011f\u0131 , pol\u00fcretan yo\u011funlu\u011fu ve markaya g\u00f6re de\u011fi\u015fiklik g\u00f6stermektedir.","breadcrumb":{"@id":"http:\/\/www.bursaprofil.tr\/?product=metrelerine-gore-sandvic-panel-fiyatlari-guncel-fiyat#breadcrumb"},"inLanguage":"tr","potentialAction":[{"@type":"ReadAction","target":["http:\/\/www.bursaprofil.tr\/?product=metrelerine-gore-sandvic-panel-fiyatlari-guncel-fiyat"]}]},{"@type":"ImageObject","inLanguage":"tr","@id":"http:\/\/www.bursaprofil.tr\/?product=metrelerine-gore-sandvic-panel-fiyatlari-guncel-fiyat#primaryimage","url":"http:\/\/www.bursaprofil.tr\/wp-content\/uploads\/2024\/11\/panel.png","contentUrl":"http:\/\/www.bursaprofil.tr\/wp-content\/uploads\/2024\/11\/panel.png","width":786,"height":587},{"@type":"BreadcrumbList","@id":"http:\/\/www.bursaprofil.tr\/?product=metrelerine-gore-sandvic-panel-fiyatlari-guncel-fiyat#breadcrumb","itemListElement":[{"@type":"ListItem","position":1,"name":"Home","item":"http:\/\/www.bursaprofil.tr\/"},{"@type":"ListItem","position":2,"name":"BURSAPROF\u0130L\u00ae Online Ma\u011faza","item":"http:\/\/www.bursaprofil.tr\/?page_id=47"},{"@type":"ListItem","position":3,"name":"METRELER\u0130NE G\u00d6RE SANDV\u0130\u00c7 PANEL F\u0130YATLARI &#8211; G\u00dcNCEL F\u0130YAT"}]},{"@type":"WebSite","@id":"http:\/\/www.bursaprofil.tr\/#website","url":"http:\/\/www.bursaprofil.tr\/","name":"BURSA PROF\u0130L","description":"TOPTAN VE PERAKENDE PROF\u0130L SATI\u015eI","publisher":{"@id":"http:\/\/www.bursaprofil.tr\/#organization"},"potentialAction":[{"@type":"SearchAction","target":{"@type":"EntryPoint","urlTemplate":"http:\/\/www.bursaprofil.tr\/?s={search_term_string}"},"query-input":{"@type":"PropertyValueSpecification","valueRequired":true,"valueName":"search_term_string"}}],"inLanguage":"tr"},{"@type":"Organization","@id":"http:\/\/www.bursaprofil.tr\/#organization","name":"BURSA PROF\u0130L","url":"http:\/\/www.bursaprofil.tr\/","logo":{"@type":"ImageObject","inLanguage":"tr","@id":"http:\/\/www.bursaprofil.tr\/#\/schema\/logo\/image\/","url":"http:\/\/www.bursaprofil.tr\/wp-content\/uploads\/2024\/10\/dikdortgen-kutu-profil-agirlik-tablosu.jpg","contentUrl":"http:\/\/www.bursaprofil.tr\/wp-content\/uploads\/2024\/10\/dikdortgen-kutu-profil-agirlik-tablosu.jpg","width":500,"height":331,"caption":"BURSA PROF\u0130L"},"image":{"@id":"http:\/\/www.bursaprofil.tr\/#\/schema\/logo\/image\/"}}]}},"_links":{"self":[{"href":"http:\/\/www.bursaprofil.tr\/index.php?rest_route=\/wp\/v2\/product\/16279","targetHints":{"allow":["GET"]}}],"collection":[{"href":"http:\/\/www.bursaprofil.tr\/index.php?rest_route=\/wp\/v2\/product"}],"about":[{"href":"http:\/\/www.bursaprofil.tr\/index.php?rest_route=\/wp\/v2\/types\/product"}],"version-history":[{"count":1,"href":"http:\/\/www.bursaprofil.tr\/index.php?rest_route=\/wp\/v2\/product\/16279\/revisions"}],"predecessor-version":[{"id":16280,"href":"http:\/\/www.bursaprofil.tr\/index.php?rest_route=\/wp\/v2\/product\/16279\/revisions\/16280"}],"wp:featuredmedia":[{"embeddable":true,"href":"http:\/\/www.bursaprofil.tr\/index.php?rest_route=\/wp\/v2\/media\/15879"}],"wp:attachment":[{"href":"http:\/\/www.bursaprofil.tr\/index.php?rest_route=%2Fwp%2Fv2%2Fmedia&parent=16279"}],"wp:term":[{"taxonomy":"product_cat","embeddable":true,"href":"http:\/\/www.bursaprofil.tr\/index.php?rest_route=%2Fwp%2Fv2%2Fproduct_cat&post=16279"},{"taxonomy":"product_tag","embeddable":true,"href":"http:\/\/www.bursaprofil.tr\/index.php?rest_route=%2Fwp%2Fv2%2Fproduct_tag&post=16279"}],"curies":[{"name":"wp","href":"https:\/\/api.w.org\/{rel}","templated":true}]}}