{"id":16220,"date":"2025-09-21T09:07:07","date_gmt":"2025-09-21T09:07:07","guid":{"rendered":"http:\/\/www.bursaprofil.tr\/?post_type=product&#038;p=16220"},"modified":"2025-09-21T09:13:19","modified_gmt":"2025-09-21T09:13:19","slug":"hadde-demir-50-200-mm-arasi-satisi-bursa","status":"publish","type":"product","link":"http:\/\/www.bursaprofil.tr\/?product=hadde-demir-50-200-mm-arasi-satisi-bursa","title":{"rendered":"HADDE DEM\u0130R 50-200 MM ARASI SATI\u015eI &#8211; BURSA"},"content":{"rendered":"<p>\u00dcR\u00dcNLER HAKKINDA F\u0130YAT B\u0130LG\u0130S\u0130 \u0130\u00c7\u0130N TELEFON HATTIMIZDAN B\u0130ZLERE ULA\u015eAB\u0130L\u0130RS\u0130N\u0130Z.<\/p>\n<p>&nbsp;<\/p>\n<p>NPU profil demir, \u00e7elik konstr\u00fcksiyonlar\u0131n i\u00e7inde kullan\u0131ld\u0131\u011f\u0131 gibi \u00e7e\u015fitli alanlarda da g\u00f6r\u00fclen, her t\u00fcrl\u00fc bina yap\u0131m\u0131nda kullan\u0131lan demir \u00e7e\u015fitlerinden biridir. Bununla beraber bir\u00e7ok alana dair kullan\u0131m\u0131 da mevcut olmaktad\u0131r. Fakat buna kar\u015f\u0131l\u0131k NP\u0130 demir daha yayg\u0131n kullan\u0131m\u0131 olan, \u00e7ift tarafl\u0131s\u0131 olarak bilinen demir t\u00fcrleridir<\/p>\n","protected":false},"excerpt":{"rendered":"<p>\u00dcR\u00dcNLER HAKKINDA F\u0130YAT B\u0130LG\u0130S\u0130 \u0130\u00c7\u0130N TELEFON HATTIMIZDAN B\u0130ZLERE ULA\u015eAB\u0130L\u0130RS\u0130N\u0130Z. &nbsp; NPU profil demir, \u00e7elik konstr\u00fcksiyonlar\u0131n i\u00e7inde kullan\u0131ld\u0131\u011f\u0131 gibi \u00e7e\u015fitli alanlarda<\/p>\n","protected":false},"featured_media":16213,"template":"","meta":[],"product_cat":[42],"product_tag":[],"class_list":{"0":"post-16220","1":"product","2":"type-product","3":"status-publish","4":"has-post-thumbnail","6":"product_cat-insaatmalzemeleri","8":"first","9":"instock","10":"shipping-taxable","11":"product-type-simple"},"yoast_head":"<!-- This site is optimized with the Yoast SEO plugin v25.9 - https:\/\/yoast.com\/wordpress\/plugins\/seo\/ -->\n<title>HADDE DEM\u0130R 50-200 MM ARASI SATI\u015eI - BURSA - BURSA PROF\u0130L<\/title>\n<meta name=\"description\" content=\"NPU profil demir, \u00e7elik konstr\u00fcksiyonlar\u0131n i\u00e7inde kullan\u0131ld\u0131\u011f\u0131 gibi \u00e7e\u015fitli alanlarda da g\u00f6r\u00fclen, her t\u00fcrl\u00fc bina yap\u0131m\u0131nda kullan\u0131lan demir \u00e7e\u015fitlerinden biridir. Bununla beraber bir\u00e7ok alana dair kullan\u0131m\u0131 da mevcut olmaktad\u0131r. Fakat buna kar\u015f\u0131l\u0131k NP\u0130 demir daha yayg\u0131n kullan\u0131m\u0131 olan, \u00e7ift tarafl\u0131s\u0131 olarak bilinen demir t\u00fcrleridi\" \/>\n<meta name=\"robots\" content=\"index, follow, max-snippet:-1, max-image-preview:large, max-video-preview:-1\" \/>\n<link rel=\"canonical\" href=\"http:\/\/www.bursaprofil.tr\/?product=hadde-demir-50-200-mm-arasi-satisi-bursa\" \/>\n<meta property=\"og:locale\" content=\"tr_TR\" \/>\n<meta property=\"og:type\" content=\"article\" \/>\n<meta property=\"og:title\" content=\"HADDE DEM\u0130R 50-200 MM ARASI SATI\u015eI - BURSA - BURSA PROF\u0130L\" \/>\n<meta property=\"og:description\" content=\"NPU profil demir, \u00e7elik konstr\u00fcksiyonlar\u0131n i\u00e7inde kullan\u0131ld\u0131\u011f\u0131 gibi \u00e7e\u015fitli alanlarda da g\u00f6r\u00fclen, her t\u00fcrl\u00fc bina yap\u0131m\u0131nda kullan\u0131lan demir \u00e7e\u015fitlerinden biridir. Bununla beraber bir\u00e7ok alana dair kullan\u0131m\u0131 da mevcut olmaktad\u0131r. Fakat buna kar\u015f\u0131l\u0131k NP\u0130 demir daha yayg\u0131n kullan\u0131m\u0131 olan, \u00e7ift tarafl\u0131s\u0131 olarak bilinen demir t\u00fcrleridi\" \/>\n<meta property=\"og:url\" content=\"http:\/\/www.bursaprofil.tr\/?product=hadde-demir-50-200-mm-arasi-satisi-bursa\" \/>\n<meta property=\"og:site_name\" content=\"BURSA PROF\u0130L\" \/>\n<meta property=\"article:modified_time\" content=\"2025-09-21T09:13:19+00:00\" \/>\n<meta property=\"og:image\" content=\"http:\/\/www.bursaprofil.tr\/wp-content\/uploads\/2025\/09\/NPU-Demir-Profil-Fiyatlari.jpg\" \/>\n\t<meta property=\"og:image:width\" content=\"418\" \/>\n\t<meta property=\"og:image:height\" content=\"312\" \/>\n\t<meta property=\"og:image:type\" content=\"image\/jpeg\" \/>\n<meta name=\"twitter:card\" content=\"summary_large_image\" \/>\n<meta name=\"twitter:label1\" content=\"Tahmini okuma s\u00fcresi\" \/>\n\t<meta name=\"twitter:data1\" content=\"1 dakika\" \/>\n<script type=\"application\/ld+json\" class=\"yoast-schema-graph\">{\"@context\":\"https:\/\/schema.org\",\"@graph\":[{\"@type\":\"WebPage\",\"@id\":\"http:\/\/www.bursaprofil.tr\/?product=hadde-demir-50-200-mm-arasi-satisi-bursa\",\"url\":\"http:\/\/www.bursaprofil.tr\/?product=hadde-demir-50-200-mm-arasi-satisi-bursa\",\"name\":\"HADDE DEM\u0130R 50-200 MM ARASI SATI\u015eI - BURSA - BURSA PROF\u0130L\",\"isPartOf\":{\"@id\":\"http:\/\/www.bursaprofil.tr\/#website\"},\"primaryImageOfPage\":{\"@id\":\"http:\/\/www.bursaprofil.tr\/?product=hadde-demir-50-200-mm-arasi-satisi-bursa#primaryimage\"},\"image\":{\"@id\":\"http:\/\/www.bursaprofil.tr\/?product=hadde-demir-50-200-mm-arasi-satisi-bursa#primaryimage\"},\"thumbnailUrl\":\"http:\/\/www.bursaprofil.tr\/wp-content\/uploads\/2025\/09\/NPU-Demir-Profil-Fiyatlari.jpg\",\"datePublished\":\"2025-09-21T09:07:07+00:00\",\"dateModified\":\"2025-09-21T09:13:19+00:00\",\"description\":\"NPU profil demir, \u00e7elik konstr\u00fcksiyonlar\u0131n i\u00e7inde kullan\u0131ld\u0131\u011f\u0131 gibi \u00e7e\u015fitli alanlarda da g\u00f6r\u00fclen, her t\u00fcrl\u00fc bina yap\u0131m\u0131nda kullan\u0131lan demir \u00e7e\u015fitlerinden biridir. Bununla beraber bir\u00e7ok alana dair kullan\u0131m\u0131 da mevcut olmaktad\u0131r. Fakat buna kar\u015f\u0131l\u0131k NP\u0130 demir daha yayg\u0131n kullan\u0131m\u0131 olan, \u00e7ift tarafl\u0131s\u0131 olarak bilinen demir t\u00fcrleridi\",\"breadcrumb\":{\"@id\":\"http:\/\/www.bursaprofil.tr\/?product=hadde-demir-50-200-mm-arasi-satisi-bursa#breadcrumb\"},\"inLanguage\":\"tr\",\"potentialAction\":[{\"@type\":\"ReadAction\",\"target\":[\"http:\/\/www.bursaprofil.tr\/?product=hadde-demir-50-200-mm-arasi-satisi-bursa\"]}]},{\"@type\":\"ImageObject\",\"inLanguage\":\"tr\",\"@id\":\"http:\/\/www.bursaprofil.tr\/?product=hadde-demir-50-200-mm-arasi-satisi-bursa#primaryimage\",\"url\":\"http:\/\/www.bursaprofil.tr\/wp-content\/uploads\/2025\/09\/NPU-Demir-Profil-Fiyatlari.jpg\",\"contentUrl\":\"http:\/\/www.bursaprofil.tr\/wp-content\/uploads\/2025\/09\/NPU-Demir-Profil-Fiyatlari.jpg\",\"width\":418,\"height\":312},{\"@type\":\"BreadcrumbList\",\"@id\":\"http:\/\/www.bursaprofil.tr\/?product=hadde-demir-50-200-mm-arasi-satisi-bursa#breadcrumb\",\"itemListElement\":[{\"@type\":\"ListItem\",\"position\":1,\"name\":\"Home\",\"item\":\"http:\/\/www.bursaprofil.tr\/\"},{\"@type\":\"ListItem\",\"position\":2,\"name\":\"BURSAPROF\u0130L\u00ae Online Ma\u011faza\",\"item\":\"http:\/\/www.bursaprofil.tr\/?page_id=47\"},{\"@type\":\"ListItem\",\"position\":3,\"name\":\"HADDE DEM\u0130R 50-200 MM ARASI SATI\u015eI &#8211; BURSA\"}]},{\"@type\":\"WebSite\",\"@id\":\"http:\/\/www.bursaprofil.tr\/#website\",\"url\":\"http:\/\/www.bursaprofil.tr\/\",\"name\":\"BURSA PROF\u0130L\",\"description\":\"TOPTAN VE PERAKENDE PROF\u0130L SATI\u015eI\",\"publisher\":{\"@id\":\"http:\/\/www.bursaprofil.tr\/#organization\"},\"potentialAction\":[{\"@type\":\"SearchAction\",\"target\":{\"@type\":\"EntryPoint\",\"urlTemplate\":\"http:\/\/www.bursaprofil.tr\/?s={search_term_string}\"},\"query-input\":{\"@type\":\"PropertyValueSpecification\",\"valueRequired\":true,\"valueName\":\"search_term_string\"}}],\"inLanguage\":\"tr\"},{\"@type\":\"Organization\",\"@id\":\"http:\/\/www.bursaprofil.tr\/#organization\",\"name\":\"BURSA PROF\u0130L\",\"url\":\"http:\/\/www.bursaprofil.tr\/\",\"logo\":{\"@type\":\"ImageObject\",\"inLanguage\":\"tr\",\"@id\":\"http:\/\/www.bursaprofil.tr\/#\/schema\/logo\/image\/\",\"url\":\"http:\/\/www.bursaprofil.tr\/wp-content\/uploads\/2024\/10\/dikdortgen-kutu-profil-agirlik-tablosu.jpg\",\"contentUrl\":\"http:\/\/www.bursaprofil.tr\/wp-content\/uploads\/2024\/10\/dikdortgen-kutu-profil-agirlik-tablosu.jpg\",\"width\":500,\"height\":331,\"caption\":\"BURSA PROF\u0130L\"},\"image\":{\"@id\":\"http:\/\/www.bursaprofil.tr\/#\/schema\/logo\/image\/\"}}]}<\/script>\n<!-- \/ Yoast SEO plugin. -->","yoast_head_json":{"title":"HADDE DEM\u0130R 50-200 MM ARASI SATI\u015eI - BURSA - BURSA PROF\u0130L","description":"NPU profil demir, \u00e7elik konstr\u00fcksiyonlar\u0131n i\u00e7inde kullan\u0131ld\u0131\u011f\u0131 gibi \u00e7e\u015fitli alanlarda da g\u00f6r\u00fclen, her t\u00fcrl\u00fc bina yap\u0131m\u0131nda kullan\u0131lan demir \u00e7e\u015fitlerinden biridir. Bununla beraber bir\u00e7ok alana dair kullan\u0131m\u0131 da mevcut olmaktad\u0131r. Fakat buna kar\u015f\u0131l\u0131k NP\u0130 demir daha yayg\u0131n kullan\u0131m\u0131 olan, \u00e7ift tarafl\u0131s\u0131 olarak bilinen demir t\u00fcrleridi","robots":{"index":"index","follow":"follow","max-snippet":"max-snippet:-1","max-image-preview":"max-image-preview:large","max-video-preview":"max-video-preview:-1"},"canonical":"http:\/\/www.bursaprofil.tr\/?product=hadde-demir-50-200-mm-arasi-satisi-bursa","og_locale":"tr_TR","og_type":"article","og_title":"HADDE DEM\u0130R 50-200 MM ARASI SATI\u015eI - BURSA - BURSA PROF\u0130L","og_description":"NPU profil demir, \u00e7elik konstr\u00fcksiyonlar\u0131n i\u00e7inde kullan\u0131ld\u0131\u011f\u0131 gibi \u00e7e\u015fitli alanlarda da g\u00f6r\u00fclen, her t\u00fcrl\u00fc bina yap\u0131m\u0131nda kullan\u0131lan demir \u00e7e\u015fitlerinden biridir. Bununla beraber bir\u00e7ok alana dair kullan\u0131m\u0131 da mevcut olmaktad\u0131r. Fakat buna kar\u015f\u0131l\u0131k NP\u0130 demir daha yayg\u0131n kullan\u0131m\u0131 olan, \u00e7ift tarafl\u0131s\u0131 olarak bilinen demir t\u00fcrleridi","og_url":"http:\/\/www.bursaprofil.tr\/?product=hadde-demir-50-200-mm-arasi-satisi-bursa","og_site_name":"BURSA PROF\u0130L","article_modified_time":"2025-09-21T09:13:19+00:00","og_image":[{"width":418,"height":312,"url":"http:\/\/www.bursaprofil.tr\/wp-content\/uploads\/2025\/09\/NPU-Demir-Profil-Fiyatlari.jpg","type":"image\/jpeg"}],"twitter_card":"summary_large_image","twitter_misc":{"Tahmini okuma s\u00fcresi":"1 dakika"},"schema":{"@context":"https:\/\/schema.org","@graph":[{"@type":"WebPage","@id":"http:\/\/www.bursaprofil.tr\/?product=hadde-demir-50-200-mm-arasi-satisi-bursa","url":"http:\/\/www.bursaprofil.tr\/?product=hadde-demir-50-200-mm-arasi-satisi-bursa","name":"HADDE DEM\u0130R 50-200 MM ARASI SATI\u015eI - BURSA - BURSA PROF\u0130L","isPartOf":{"@id":"http:\/\/www.bursaprofil.tr\/#website"},"primaryImageOfPage":{"@id":"http:\/\/www.bursaprofil.tr\/?product=hadde-demir-50-200-mm-arasi-satisi-bursa#primaryimage"},"image":{"@id":"http:\/\/www.bursaprofil.tr\/?product=hadde-demir-50-200-mm-arasi-satisi-bursa#primaryimage"},"thumbnailUrl":"http:\/\/www.bursaprofil.tr\/wp-content\/uploads\/2025\/09\/NPU-Demir-Profil-Fiyatlari.jpg","datePublished":"2025-09-21T09:07:07+00:00","dateModified":"2025-09-21T09:13:19+00:00","description":"NPU profil demir, \u00e7elik konstr\u00fcksiyonlar\u0131n i\u00e7inde kullan\u0131ld\u0131\u011f\u0131 gibi \u00e7e\u015fitli alanlarda da g\u00f6r\u00fclen, her t\u00fcrl\u00fc bina yap\u0131m\u0131nda kullan\u0131lan demir \u00e7e\u015fitlerinden biridir. Bununla beraber bir\u00e7ok alana dair kullan\u0131m\u0131 da mevcut olmaktad\u0131r. Fakat buna kar\u015f\u0131l\u0131k NP\u0130 demir daha yayg\u0131n kullan\u0131m\u0131 olan, \u00e7ift tarafl\u0131s\u0131 olarak bilinen demir t\u00fcrleridi","breadcrumb":{"@id":"http:\/\/www.bursaprofil.tr\/?product=hadde-demir-50-200-mm-arasi-satisi-bursa#breadcrumb"},"inLanguage":"tr","potentialAction":[{"@type":"ReadAction","target":["http:\/\/www.bursaprofil.tr\/?product=hadde-demir-50-200-mm-arasi-satisi-bursa"]}]},{"@type":"ImageObject","inLanguage":"tr","@id":"http:\/\/www.bursaprofil.tr\/?product=hadde-demir-50-200-mm-arasi-satisi-bursa#primaryimage","url":"http:\/\/www.bursaprofil.tr\/wp-content\/uploads\/2025\/09\/NPU-Demir-Profil-Fiyatlari.jpg","contentUrl":"http:\/\/www.bursaprofil.tr\/wp-content\/uploads\/2025\/09\/NPU-Demir-Profil-Fiyatlari.jpg","width":418,"height":312},{"@type":"BreadcrumbList","@id":"http:\/\/www.bursaprofil.tr\/?product=hadde-demir-50-200-mm-arasi-satisi-bursa#breadcrumb","itemListElement":[{"@type":"ListItem","position":1,"name":"Home","item":"http:\/\/www.bursaprofil.tr\/"},{"@type":"ListItem","position":2,"name":"BURSAPROF\u0130L\u00ae Online Ma\u011faza","item":"http:\/\/www.bursaprofil.tr\/?page_id=47"},{"@type":"ListItem","position":3,"name":"HADDE DEM\u0130R 50-200 MM ARASI SATI\u015eI &#8211; BURSA"}]},{"@type":"WebSite","@id":"http:\/\/www.bursaprofil.tr\/#website","url":"http:\/\/www.bursaprofil.tr\/","name":"BURSA PROF\u0130L","description":"TOPTAN VE PERAKENDE PROF\u0130L SATI\u015eI","publisher":{"@id":"http:\/\/www.bursaprofil.tr\/#organization"},"potentialAction":[{"@type":"SearchAction","target":{"@type":"EntryPoint","urlTemplate":"http:\/\/www.bursaprofil.tr\/?s={search_term_string}"},"query-input":{"@type":"PropertyValueSpecification","valueRequired":true,"valueName":"search_term_string"}}],"inLanguage":"tr"},{"@type":"Organization","@id":"http:\/\/www.bursaprofil.tr\/#organization","name":"BURSA PROF\u0130L","url":"http:\/\/www.bursaprofil.tr\/","logo":{"@type":"ImageObject","inLanguage":"tr","@id":"http:\/\/www.bursaprofil.tr\/#\/schema\/logo\/image\/","url":"http:\/\/www.bursaprofil.tr\/wp-content\/uploads\/2024\/10\/dikdortgen-kutu-profil-agirlik-tablosu.jpg","contentUrl":"http:\/\/www.bursaprofil.tr\/wp-content\/uploads\/2024\/10\/dikdortgen-kutu-profil-agirlik-tablosu.jpg","width":500,"height":331,"caption":"BURSA PROF\u0130L"},"image":{"@id":"http:\/\/www.bursaprofil.tr\/#\/schema\/logo\/image\/"}}]}},"_links":{"self":[{"href":"http:\/\/www.bursaprofil.tr\/index.php?rest_route=\/wp\/v2\/product\/16220","targetHints":{"allow":["GET"]}}],"collection":[{"href":"http:\/\/www.bursaprofil.tr\/index.php?rest_route=\/wp\/v2\/product"}],"about":[{"href":"http:\/\/www.bursaprofil.tr\/index.php?rest_route=\/wp\/v2\/types\/product"}],"version-history":[{"count":1,"href":"http:\/\/www.bursaprofil.tr\/index.php?rest_route=\/wp\/v2\/product\/16220\/revisions"}],"predecessor-version":[{"id":16221,"href":"http:\/\/www.bursaprofil.tr\/index.php?rest_route=\/wp\/v2\/product\/16220\/revisions\/16221"}],"wp:featuredmedia":[{"embeddable":true,"href":"http:\/\/www.bursaprofil.tr\/index.php?rest_route=\/wp\/v2\/media\/16213"}],"wp:attachment":[{"href":"http:\/\/www.bursaprofil.tr\/index.php?rest_route=%2Fwp%2Fv2%2Fmedia&parent=16220"}],"wp:term":[{"taxonomy":"product_cat","embeddable":true,"href":"http:\/\/www.bursaprofil.tr\/index.php?rest_route=%2Fwp%2Fv2%2Fproduct_cat&post=16220"},{"taxonomy":"product_tag","embeddable":true,"href":"http:\/\/www.bursaprofil.tr\/index.php?rest_route=%2Fwp%2Fv2%2Fproduct_tag&post=16220"}],"curies":[{"name":"wp","href":"https:\/\/api.w.org\/{rel}","templated":true}]}}