{"id":16171,"date":"2025-08-23T18:22:19","date_gmt":"2025-08-23T18:22:19","guid":{"rendered":"http:\/\/www.bursaprofil.tr\/?post_type=product&#038;p=16171"},"modified":"2025-08-23T18:22:19","modified_gmt":"2025-08-23T18:22:19","slug":"panel-cit-cesitleri-bursa","status":"publish","type":"product","link":"http:\/\/www.bursaprofil.tr\/?product=panel-cit-cesitleri-bursa","title":{"rendered":"PANEL \u00c7\u0130T \u00c7E\u015e\u0130TLER\u0130- BURSA"},"content":{"rendered":"<p><strong>F\u0130RMAMIZI ARAYARAK \u00dcR\u00dcN VE F\u0130YAT B\u0130LG\u0130S\u0130 ALAB\u0130L\u0130RS\u0130N\u0130Z.<\/strong><\/p>\n<p>Panel \u00e7itler, estetik kayg\u0131s\u0131 olan ki\u015filer i\u00e7in de en \u00e7ok tercih edilen \u00fcr\u00fcnd\u00fcr. \u0130stedi\u011finiz renk ve formda yapt\u0131rabilirsiniz. Ayr\u0131ca g\u00fcvenlik \u00f6nlemi almay\u0131 \u015fart\u00a0say\u0131yor fakat maliyetinden korkuyorsan\u0131z da panel \u00e7itler tam size g\u00f6re. Di\u011fer g\u00fcvenlik \u00f6nlemlerine g\u00f6re \u00e7ok daha d\u00fc\u015f\u00fck maliyetle tamamlan\u0131r ve aile b\u00fct\u00e7enizi yormaz.<\/p>\n","protected":false},"excerpt":{"rendered":"<p><strong>F\u0130RMAMIZI ARAYARAK \u00dcR\u00dcN VE F\u0130YAT B\u0130LG\u0130S\u0130 ALAB\u0130L\u0130RS\u0130N\u0130Z.<\/strong><\/p>\n<p>Panel \u00e7itler, estetik kayg\u0131s\u0131 olan ki\u015filer i\u00e7in de en \u00e7ok tercih edilen \u00fcr\u00fcnd\u00fcr. \u0130stedi\u011finiz renk ve formda yapt\u0131rabilirsiniz. Ayr\u0131ca g\u00fcvenlik \u00f6nlemi almay\u0131 \u015fart\u00a0say\u0131yor fakat maliyetinden korkuyorsan\u0131z da panel \u00e7itler tam size g\u00f6re. Di\u011fer g\u00fcvenlik \u00f6nlemlerine g\u00f6re \u00e7ok daha d\u00fc\u015f\u00fck maliyetle tamamlan\u0131r ve aile b\u00fct\u00e7enizi yormaz.<\/p>\n","protected":false},"featured_media":16172,"template":"","meta":[],"product_cat":[20],"product_tag":[],"class_list":{"0":"post-16171","1":"product","2":"type-product","3":"status-publish","4":"has-post-thumbnail","6":"product_cat-kutuprofil","8":"first","9":"instock","10":"shipping-taxable","11":"product-type-simple"},"yoast_head":"<!-- This site is optimized with the Yoast SEO plugin v25.9 - https:\/\/yoast.com\/wordpress\/plugins\/seo\/ -->\n<title>PANEL \u00c7\u0130T \u00c7E\u015e\u0130TLER\u0130- BURSA - BURSA PROF\u0130L<\/title>\n<meta name=\"robots\" content=\"index, follow, max-snippet:-1, max-image-preview:large, max-video-preview:-1\" \/>\n<link rel=\"canonical\" href=\"http:\/\/www.bursaprofil.tr\/?product=panel-cit-cesitleri-bursa\" \/>\n<meta property=\"og:locale\" content=\"tr_TR\" \/>\n<meta property=\"og:type\" content=\"article\" \/>\n<meta property=\"og:title\" content=\"PANEL \u00c7\u0130T \u00c7E\u015e\u0130TLER\u0130- BURSA - BURSA PROF\u0130L\" \/>\n<meta property=\"og:description\" content=\"F\u0130RMAMIZI ARAYARAK \u00dcR\u00dcN VE F\u0130YAT B\u0130LG\u0130S\u0130 ALAB\u0130L\u0130RS\u0130N\u0130Z.  Panel \u00e7itler, estetik kayg\u0131s\u0131 olan ki\u015filer i\u00e7in de en \u00e7ok tercih edilen \u00fcr\u00fcnd\u00fcr. \u0130stedi\u011finiz renk ve formda yapt\u0131rabilirsiniz. Ayr\u0131ca g\u00fcvenlik \u00f6nlemi almay\u0131 \u015fart\u00a0say\u0131yor fakat maliyetinden korkuyorsan\u0131z da panel \u00e7itler tam size g\u00f6re. Di\u011fer g\u00fcvenlik \u00f6nlemlerine g\u00f6re \u00e7ok daha d\u00fc\u015f\u00fck maliyetle tamamlan\u0131r ve aile b\u00fct\u00e7enizi yormaz.\" \/>\n<meta property=\"og:url\" content=\"http:\/\/www.bursaprofil.tr\/?product=panel-cit-cesitleri-bursa\" \/>\n<meta property=\"og:site_name\" content=\"BURSA PROF\u0130L\" \/>\n<meta property=\"og:image\" content=\"http:\/\/www.bursaprofil.tr\/wp-content\/uploads\/2025\/08\/PANEL-CIT.jpg\" \/>\n\t<meta property=\"og:image:width\" content=\"631\" \/>\n\t<meta property=\"og:image:height\" content=\"507\" \/>\n\t<meta property=\"og:image:type\" content=\"image\/jpeg\" \/>\n<meta name=\"twitter:card\" content=\"summary_large_image\" \/>\n<script type=\"application\/ld+json\" class=\"yoast-schema-graph\">{\"@context\":\"https:\/\/schema.org\",\"@graph\":[{\"@type\":\"WebPage\",\"@id\":\"http:\/\/www.bursaprofil.tr\/?product=panel-cit-cesitleri-bursa\",\"url\":\"http:\/\/www.bursaprofil.tr\/?product=panel-cit-cesitleri-bursa\",\"name\":\"PANEL \u00c7\u0130T \u00c7E\u015e\u0130TLER\u0130- BURSA - BURSA PROF\u0130L\",\"isPartOf\":{\"@id\":\"http:\/\/www.bursaprofil.tr\/#website\"},\"primaryImageOfPage\":{\"@id\":\"http:\/\/www.bursaprofil.tr\/?product=panel-cit-cesitleri-bursa#primaryimage\"},\"image\":{\"@id\":\"http:\/\/www.bursaprofil.tr\/?product=panel-cit-cesitleri-bursa#primaryimage\"},\"thumbnailUrl\":\"http:\/\/www.bursaprofil.tr\/wp-content\/uploads\/2025\/08\/PANEL-CIT.jpg\",\"datePublished\":\"2025-08-23T18:22:19+00:00\",\"breadcrumb\":{\"@id\":\"http:\/\/www.bursaprofil.tr\/?product=panel-cit-cesitleri-bursa#breadcrumb\"},\"inLanguage\":\"tr\",\"potentialAction\":[{\"@type\":\"ReadAction\",\"target\":[\"http:\/\/www.bursaprofil.tr\/?product=panel-cit-cesitleri-bursa\"]}]},{\"@type\":\"ImageObject\",\"inLanguage\":\"tr\",\"@id\":\"http:\/\/www.bursaprofil.tr\/?product=panel-cit-cesitleri-bursa#primaryimage\",\"url\":\"http:\/\/www.bursaprofil.tr\/wp-content\/uploads\/2025\/08\/PANEL-CIT.jpg\",\"contentUrl\":\"http:\/\/www.bursaprofil.tr\/wp-content\/uploads\/2025\/08\/PANEL-CIT.jpg\",\"width\":631,\"height\":507},{\"@type\":\"BreadcrumbList\",\"@id\":\"http:\/\/www.bursaprofil.tr\/?product=panel-cit-cesitleri-bursa#breadcrumb\",\"itemListElement\":[{\"@type\":\"ListItem\",\"position\":1,\"name\":\"Home\",\"item\":\"http:\/\/www.bursaprofil.tr\/\"},{\"@type\":\"ListItem\",\"position\":2,\"name\":\"BURSAPROF\u0130L\u00ae Online Ma\u011faza\",\"item\":\"http:\/\/www.bursaprofil.tr\/?page_id=47\"},{\"@type\":\"ListItem\",\"position\":3,\"name\":\"PANEL \u00c7\u0130T \u00c7E\u015e\u0130TLER\u0130- BURSA\"}]},{\"@type\":\"WebSite\",\"@id\":\"http:\/\/www.bursaprofil.tr\/#website\",\"url\":\"http:\/\/www.bursaprofil.tr\/\",\"name\":\"BURSA PROF\u0130L\",\"description\":\"TOPTAN VE PERAKENDE PROF\u0130L SATI\u015eI\",\"publisher\":{\"@id\":\"http:\/\/www.bursaprofil.tr\/#organization\"},\"potentialAction\":[{\"@type\":\"SearchAction\",\"target\":{\"@type\":\"EntryPoint\",\"urlTemplate\":\"http:\/\/www.bursaprofil.tr\/?s={search_term_string}\"},\"query-input\":{\"@type\":\"PropertyValueSpecification\",\"valueRequired\":true,\"valueName\":\"search_term_string\"}}],\"inLanguage\":\"tr\"},{\"@type\":\"Organization\",\"@id\":\"http:\/\/www.bursaprofil.tr\/#organization\",\"name\":\"BURSA PROF\u0130L\",\"url\":\"http:\/\/www.bursaprofil.tr\/\",\"logo\":{\"@type\":\"ImageObject\",\"inLanguage\":\"tr\",\"@id\":\"http:\/\/www.bursaprofil.tr\/#\/schema\/logo\/image\/\",\"url\":\"http:\/\/www.bursaprofil.tr\/wp-content\/uploads\/2024\/10\/dikdortgen-kutu-profil-agirlik-tablosu.jpg\",\"contentUrl\":\"http:\/\/www.bursaprofil.tr\/wp-content\/uploads\/2024\/10\/dikdortgen-kutu-profil-agirlik-tablosu.jpg\",\"width\":500,\"height\":331,\"caption\":\"BURSA PROF\u0130L\"},\"image\":{\"@id\":\"http:\/\/www.bursaprofil.tr\/#\/schema\/logo\/image\/\"}}]}<\/script>\n<!-- \/ Yoast SEO plugin. -->","yoast_head_json":{"title":"PANEL \u00c7\u0130T \u00c7E\u015e\u0130TLER\u0130- BURSA - BURSA PROF\u0130L","robots":{"index":"index","follow":"follow","max-snippet":"max-snippet:-1","max-image-preview":"max-image-preview:large","max-video-preview":"max-video-preview:-1"},"canonical":"http:\/\/www.bursaprofil.tr\/?product=panel-cit-cesitleri-bursa","og_locale":"tr_TR","og_type":"article","og_title":"PANEL \u00c7\u0130T \u00c7E\u015e\u0130TLER\u0130- BURSA - BURSA PROF\u0130L","og_description":"F\u0130RMAMIZI ARAYARAK \u00dcR\u00dcN VE F\u0130YAT B\u0130LG\u0130S\u0130 ALAB\u0130L\u0130RS\u0130N\u0130Z.  Panel \u00e7itler, estetik kayg\u0131s\u0131 olan ki\u015filer i\u00e7in de en \u00e7ok tercih edilen \u00fcr\u00fcnd\u00fcr. \u0130stedi\u011finiz renk ve formda yapt\u0131rabilirsiniz. Ayr\u0131ca g\u00fcvenlik \u00f6nlemi almay\u0131 \u015fart\u00a0say\u0131yor fakat maliyetinden korkuyorsan\u0131z da panel \u00e7itler tam size g\u00f6re. Di\u011fer g\u00fcvenlik \u00f6nlemlerine g\u00f6re \u00e7ok daha d\u00fc\u015f\u00fck maliyetle tamamlan\u0131r ve aile b\u00fct\u00e7enizi yormaz.","og_url":"http:\/\/www.bursaprofil.tr\/?product=panel-cit-cesitleri-bursa","og_site_name":"BURSA PROF\u0130L","og_image":[{"width":631,"height":507,"url":"http:\/\/www.bursaprofil.tr\/wp-content\/uploads\/2025\/08\/PANEL-CIT.jpg","type":"image\/jpeg"}],"twitter_card":"summary_large_image","schema":{"@context":"https:\/\/schema.org","@graph":[{"@type":"WebPage","@id":"http:\/\/www.bursaprofil.tr\/?product=panel-cit-cesitleri-bursa","url":"http:\/\/www.bursaprofil.tr\/?product=panel-cit-cesitleri-bursa","name":"PANEL \u00c7\u0130T \u00c7E\u015e\u0130TLER\u0130- BURSA - BURSA PROF\u0130L","isPartOf":{"@id":"http:\/\/www.bursaprofil.tr\/#website"},"primaryImageOfPage":{"@id":"http:\/\/www.bursaprofil.tr\/?product=panel-cit-cesitleri-bursa#primaryimage"},"image":{"@id":"http:\/\/www.bursaprofil.tr\/?product=panel-cit-cesitleri-bursa#primaryimage"},"thumbnailUrl":"http:\/\/www.bursaprofil.tr\/wp-content\/uploads\/2025\/08\/PANEL-CIT.jpg","datePublished":"2025-08-23T18:22:19+00:00","breadcrumb":{"@id":"http:\/\/www.bursaprofil.tr\/?product=panel-cit-cesitleri-bursa#breadcrumb"},"inLanguage":"tr","potentialAction":[{"@type":"ReadAction","target":["http:\/\/www.bursaprofil.tr\/?product=panel-cit-cesitleri-bursa"]}]},{"@type":"ImageObject","inLanguage":"tr","@id":"http:\/\/www.bursaprofil.tr\/?product=panel-cit-cesitleri-bursa#primaryimage","url":"http:\/\/www.bursaprofil.tr\/wp-content\/uploads\/2025\/08\/PANEL-CIT.jpg","contentUrl":"http:\/\/www.bursaprofil.tr\/wp-content\/uploads\/2025\/08\/PANEL-CIT.jpg","width":631,"height":507},{"@type":"BreadcrumbList","@id":"http:\/\/www.bursaprofil.tr\/?product=panel-cit-cesitleri-bursa#breadcrumb","itemListElement":[{"@type":"ListItem","position":1,"name":"Home","item":"http:\/\/www.bursaprofil.tr\/"},{"@type":"ListItem","position":2,"name":"BURSAPROF\u0130L\u00ae Online Ma\u011faza","item":"http:\/\/www.bursaprofil.tr\/?page_id=47"},{"@type":"ListItem","position":3,"name":"PANEL \u00c7\u0130T \u00c7E\u015e\u0130TLER\u0130- BURSA"}]},{"@type":"WebSite","@id":"http:\/\/www.bursaprofil.tr\/#website","url":"http:\/\/www.bursaprofil.tr\/","name":"BURSA PROF\u0130L","description":"TOPTAN VE PERAKENDE PROF\u0130L SATI\u015eI","publisher":{"@id":"http:\/\/www.bursaprofil.tr\/#organization"},"potentialAction":[{"@type":"SearchAction","target":{"@type":"EntryPoint","urlTemplate":"http:\/\/www.bursaprofil.tr\/?s={search_term_string}"},"query-input":{"@type":"PropertyValueSpecification","valueRequired":true,"valueName":"search_term_string"}}],"inLanguage":"tr"},{"@type":"Organization","@id":"http:\/\/www.bursaprofil.tr\/#organization","name":"BURSA PROF\u0130L","url":"http:\/\/www.bursaprofil.tr\/","logo":{"@type":"ImageObject","inLanguage":"tr","@id":"http:\/\/www.bursaprofil.tr\/#\/schema\/logo\/image\/","url":"http:\/\/www.bursaprofil.tr\/wp-content\/uploads\/2024\/10\/dikdortgen-kutu-profil-agirlik-tablosu.jpg","contentUrl":"http:\/\/www.bursaprofil.tr\/wp-content\/uploads\/2024\/10\/dikdortgen-kutu-profil-agirlik-tablosu.jpg","width":500,"height":331,"caption":"BURSA PROF\u0130L"},"image":{"@id":"http:\/\/www.bursaprofil.tr\/#\/schema\/logo\/image\/"}}]}},"_links":{"self":[{"href":"http:\/\/www.bursaprofil.tr\/index.php?rest_route=\/wp\/v2\/product\/16171","targetHints":{"allow":["GET"]}}],"collection":[{"href":"http:\/\/www.bursaprofil.tr\/index.php?rest_route=\/wp\/v2\/product"}],"about":[{"href":"http:\/\/www.bursaprofil.tr\/index.php?rest_route=\/wp\/v2\/types\/product"}],"version-history":[{"count":1,"href":"http:\/\/www.bursaprofil.tr\/index.php?rest_route=\/wp\/v2\/product\/16171\/revisions"}],"predecessor-version":[{"id":16173,"href":"http:\/\/www.bursaprofil.tr\/index.php?rest_route=\/wp\/v2\/product\/16171\/revisions\/16173"}],"wp:featuredmedia":[{"embeddable":true,"href":"http:\/\/www.bursaprofil.tr\/index.php?rest_route=\/wp\/v2\/media\/16172"}],"wp:attachment":[{"href":"http:\/\/www.bursaprofil.tr\/index.php?rest_route=%2Fwp%2Fv2%2Fmedia&parent=16171"}],"wp:term":[{"taxonomy":"product_cat","embeddable":true,"href":"http:\/\/www.bursaprofil.tr\/index.php?rest_route=%2Fwp%2Fv2%2Fproduct_cat&post=16171"},{"taxonomy":"product_tag","embeddable":true,"href":"http:\/\/www.bursaprofil.tr\/index.php?rest_route=%2Fwp%2Fv2%2Fproduct_tag&post=16171"}],"curies":[{"name":"wp","href":"https:\/\/api.w.org\/{rel}","templated":true}]}}