{"id":16080,"date":"2025-08-06T16:58:37","date_gmt":"2025-08-06T16:58:37","guid":{"rendered":"http:\/\/www.bursaprofil.tr\/?post_type=product&#038;p=16080"},"modified":"2025-08-06T16:59:11","modified_gmt":"2025-08-06T16:59:11","slug":"bursa-baklava-sac-cesitleri","status":"publish","type":"product","link":"http:\/\/www.bursaprofil.tr\/?product=bursa-baklava-sac-cesitleri","title":{"rendered":"BURSA BAKLAVA SAC \u00c7E\u015e\u0130TLER\u0130"},"content":{"rendered":"<p>S\u0131cak haddelenmi\u015f saclara \u00e7ekme i\u015flemi uyguland\u0131ktan sonra kendi \u00f6zel kal\u0131b\u0131nda baklava deseni verilmektedir. Bir\u00e7ok farkl\u0131 yap\u0131da s\u0131k\u00e7a tercih edilen baklaval\u0131 saclar, \u00f6zellikle dekoratif ama\u00e7l\u0131 olarak kullan\u0131lmaktad\u0131r.<\/p>\n<p>Fiyat bilgisi i\u00e7in bizlere irtibat numaralar\u0131m\u0131zdan ula\u015fabilirsiniz.<\/p>\n","protected":false},"excerpt":{"rendered":"<p>S\u0131cak haddelenmi\u015f saclara \u00e7ekme i\u015flemi uyguland\u0131ktan sonra kendi \u00f6zel kal\u0131b\u0131nda baklava deseni verilmektedir. Bir\u00e7ok farkl\u0131 yap\u0131da s\u0131k\u00e7a tercih edilen baklaval\u0131 saclar, \u00f6zellikle dekoratif ama\u00e7l\u0131 olarak kullan\u0131lmaktad\u0131r.<\/p>\n<p>&nbsp;<\/p>\n<p><strong>Fiyat bilgisi i\u00e7in bizlere irtibat numaralar\u0131m\u0131zdan ula\u015fabilirsiniz.<\/strong><\/p>\n","protected":false},"featured_media":16072,"template":"","meta":[],"product_cat":[42],"product_tag":[812,785,789,791,793,802,803,805,806,807,795,797,799,800,801,808,810,811,782,786,790,792,794,783,787,804,796,798,809,784,788,781],"class_list":{"0":"post-16080","1":"product","2":"type-product","3":"status-publish","4":"has-post-thumbnail","6":"product_cat-insaatmalzemeleri","7":"product_tag-0-mm","8":"product_tag-0-mm-bursa-baklava-sac-1000x2000-2","9":"product_tag-0-mm-bursa-baklava-sac-1000x2000-3","10":"product_tag-0-mm-bursa-baklava-sac-1000x2000-4","11":"product_tag-0-mm-bursa-baklava-sac-1000x2000-5","12":"product_tag-0-mm-bursa-baklava-sac-1000x3000-1","13":"product_tag-0-mm-bursa-baklava-sac-1000x3000-2","14":"product_tag-0-mm-bursa-baklava-sac-1000x3000-3","15":"product_tag-0-mm-bursa-baklava-sac-1000x3000-4","16":"product_tag-0-mm-bursa-baklava-sac-1000x3000-5","17":"product_tag-0-mm-bursa-baklava-sac-1250x2500-1","18":"product_tag-0-mm-bursa-baklava-sac-1250x2500-2","19":"product_tag-0-mm-bursa-baklava-sac-1250x2500-3","20":"product_tag-0-mm-bursa-baklava-sac-1250x2500-4","21":"product_tag-0-mm-bursa-baklava-sac-1250x2500-5","22":"product_tag-0-mm-bursa-baklava-sac-1500x3000-2","23":"product_tag-0-mm-bursa-baklava-sac-1500x3000-3","24":"product_tag-0-mm-bursa-baklava-sac-1500x3000-4","25":"product_tag-0-1","26":"product_tag-0-2","27":"product_tag-0-4","28":"product_tag-0-5","29":"product_tag-0-6","30":"product_tag-5-mm-bursa-baklava-sac-1000x2000-1","31":"product_tag-5-mm-bursa-baklava-sac-1000x2000-2","32":"product_tag-5-mm-bursa-baklava-sac-1000x3000-2","33":"product_tag-5-mm-bursa-baklava-sac-1250x2500-1","34":"product_tag-5-mm-bursa-baklava-sac-1250x2500-2","35":"product_tag-5-mm-bursa-baklava-sac-1500x3000-2","36":"product_tag-5-2","37":"product_tag-5-3","38":"product_tag-bursa-baklava-sac-1000x2000-1","40":"first","41":"instock","42":"shipping-taxable","43":"product-type-simple"},"yoast_head":"<!-- This site is optimized with the Yoast SEO plugin v25.9 - https:\/\/yoast.com\/wordpress\/plugins\/seo\/ -->\n<title>BURSA BAKLAVA SAC \u00c7E\u015e\u0130TLER\u0130 - BURSA PROF\u0130L<\/title>\n<meta name=\"robots\" content=\"index, follow, max-snippet:-1, max-image-preview:large, max-video-preview:-1\" \/>\n<link rel=\"canonical\" href=\"http:\/\/www.bursaprofil.tr\/?product=bursa-baklava-sac-cesitleri\" \/>\n<meta property=\"og:locale\" content=\"tr_TR\" \/>\n<meta property=\"og:type\" content=\"article\" \/>\n<meta property=\"og:title\" content=\"BURSA BAKLAVA SAC \u00c7E\u015e\u0130TLER\u0130 - BURSA PROF\u0130L\" \/>\n<meta property=\"og:description\" content=\"S\u0131cak haddelenmi\u015f saclara \u00e7ekme i\u015flemi uyguland\u0131ktan sonra kendi \u00f6zel kal\u0131b\u0131nda baklava deseni verilmektedir. Bir\u00e7ok farkl\u0131 yap\u0131da s\u0131k\u00e7a tercih edilen baklaval\u0131 saclar, \u00f6zellikle dekoratif ama\u00e7l\u0131 olarak kullan\u0131lmaktad\u0131r.  &nbsp;  Fiyat bilgisi i\u00e7in bizlere irtibat numaralar\u0131m\u0131zdan ula\u015fabilirsiniz.\" \/>\n<meta property=\"og:url\" content=\"http:\/\/www.bursaprofil.tr\/?product=bursa-baklava-sac-cesitleri\" \/>\n<meta property=\"og:site_name\" content=\"BURSA PROF\u0130L\" \/>\n<meta property=\"article:modified_time\" content=\"2025-08-06T16:59:11+00:00\" \/>\n<meta property=\"og:image\" content=\"http:\/\/www.bursaprofil.tr\/wp-content\/uploads\/2025\/08\/baklava-sac.jpg\" \/>\n\t<meta property=\"og:image:width\" content=\"225\" \/>\n\t<meta property=\"og:image:height\" content=\"225\" \/>\n\t<meta property=\"og:image:type\" content=\"image\/jpeg\" \/>\n<meta name=\"twitter:card\" content=\"summary_large_image\" \/>\n<script type=\"application\/ld+json\" class=\"yoast-schema-graph\">{\"@context\":\"https:\/\/schema.org\",\"@graph\":[{\"@type\":\"WebPage\",\"@id\":\"http:\/\/www.bursaprofil.tr\/?product=bursa-baklava-sac-cesitleri\",\"url\":\"http:\/\/www.bursaprofil.tr\/?product=bursa-baklava-sac-cesitleri\",\"name\":\"BURSA BAKLAVA SAC \u00c7E\u015e\u0130TLER\u0130 - BURSA PROF\u0130L\",\"isPartOf\":{\"@id\":\"http:\/\/www.bursaprofil.tr\/#website\"},\"primaryImageOfPage\":{\"@id\":\"http:\/\/www.bursaprofil.tr\/?product=bursa-baklava-sac-cesitleri#primaryimage\"},\"image\":{\"@id\":\"http:\/\/www.bursaprofil.tr\/?product=bursa-baklava-sac-cesitleri#primaryimage\"},\"thumbnailUrl\":\"http:\/\/www.bursaprofil.tr\/wp-content\/uploads\/2025\/08\/baklava-sac.jpg\",\"datePublished\":\"2025-08-06T16:58:37+00:00\",\"dateModified\":\"2025-08-06T16:59:11+00:00\",\"breadcrumb\":{\"@id\":\"http:\/\/www.bursaprofil.tr\/?product=bursa-baklava-sac-cesitleri#breadcrumb\"},\"inLanguage\":\"tr\",\"potentialAction\":[{\"@type\":\"ReadAction\",\"target\":[\"http:\/\/www.bursaprofil.tr\/?product=bursa-baklava-sac-cesitleri\"]}]},{\"@type\":\"ImageObject\",\"inLanguage\":\"tr\",\"@id\":\"http:\/\/www.bursaprofil.tr\/?product=bursa-baklava-sac-cesitleri#primaryimage\",\"url\":\"http:\/\/www.bursaprofil.tr\/wp-content\/uploads\/2025\/08\/baklava-sac.jpg\",\"contentUrl\":\"http:\/\/www.bursaprofil.tr\/wp-content\/uploads\/2025\/08\/baklava-sac.jpg\",\"width\":225,\"height\":225},{\"@type\":\"BreadcrumbList\",\"@id\":\"http:\/\/www.bursaprofil.tr\/?product=bursa-baklava-sac-cesitleri#breadcrumb\",\"itemListElement\":[{\"@type\":\"ListItem\",\"position\":1,\"name\":\"Home\",\"item\":\"http:\/\/www.bursaprofil.tr\/\"},{\"@type\":\"ListItem\",\"position\":2,\"name\":\"BURSAPROF\u0130L\u00ae Online Ma\u011faza\",\"item\":\"http:\/\/www.bursaprofil.tr\/?page_id=47\"},{\"@type\":\"ListItem\",\"position\":3,\"name\":\"BURSA BAKLAVA SAC \u00c7E\u015e\u0130TLER\u0130\"}]},{\"@type\":\"WebSite\",\"@id\":\"http:\/\/www.bursaprofil.tr\/#website\",\"url\":\"http:\/\/www.bursaprofil.tr\/\",\"name\":\"BURSA PROF\u0130L\",\"description\":\"TOPTAN VE PERAKENDE PROF\u0130L SATI\u015eI\",\"publisher\":{\"@id\":\"http:\/\/www.bursaprofil.tr\/#organization\"},\"potentialAction\":[{\"@type\":\"SearchAction\",\"target\":{\"@type\":\"EntryPoint\",\"urlTemplate\":\"http:\/\/www.bursaprofil.tr\/?s={search_term_string}\"},\"query-input\":{\"@type\":\"PropertyValueSpecification\",\"valueRequired\":true,\"valueName\":\"search_term_string\"}}],\"inLanguage\":\"tr\"},{\"@type\":\"Organization\",\"@id\":\"http:\/\/www.bursaprofil.tr\/#organization\",\"name\":\"BURSA PROF\u0130L\",\"url\":\"http:\/\/www.bursaprofil.tr\/\",\"logo\":{\"@type\":\"ImageObject\",\"inLanguage\":\"tr\",\"@id\":\"http:\/\/www.bursaprofil.tr\/#\/schema\/logo\/image\/\",\"url\":\"http:\/\/www.bursaprofil.tr\/wp-content\/uploads\/2024\/10\/dikdortgen-kutu-profil-agirlik-tablosu.jpg\",\"contentUrl\":\"http:\/\/www.bursaprofil.tr\/wp-content\/uploads\/2024\/10\/dikdortgen-kutu-profil-agirlik-tablosu.jpg\",\"width\":500,\"height\":331,\"caption\":\"BURSA PROF\u0130L\"},\"image\":{\"@id\":\"http:\/\/www.bursaprofil.tr\/#\/schema\/logo\/image\/\"}}]}<\/script>\n<!-- \/ Yoast SEO plugin. -->","yoast_head_json":{"title":"BURSA BAKLAVA SAC \u00c7E\u015e\u0130TLER\u0130 - BURSA PROF\u0130L","robots":{"index":"index","follow":"follow","max-snippet":"max-snippet:-1","max-image-preview":"max-image-preview:large","max-video-preview":"max-video-preview:-1"},"canonical":"http:\/\/www.bursaprofil.tr\/?product=bursa-baklava-sac-cesitleri","og_locale":"tr_TR","og_type":"article","og_title":"BURSA BAKLAVA SAC \u00c7E\u015e\u0130TLER\u0130 - BURSA PROF\u0130L","og_description":"S\u0131cak haddelenmi\u015f saclara \u00e7ekme i\u015flemi uyguland\u0131ktan sonra kendi \u00f6zel kal\u0131b\u0131nda baklava deseni verilmektedir. Bir\u00e7ok farkl\u0131 yap\u0131da s\u0131k\u00e7a tercih edilen baklaval\u0131 saclar, \u00f6zellikle dekoratif ama\u00e7l\u0131 olarak kullan\u0131lmaktad\u0131r.  &nbsp;  Fiyat bilgisi i\u00e7in bizlere irtibat numaralar\u0131m\u0131zdan ula\u015fabilirsiniz.","og_url":"http:\/\/www.bursaprofil.tr\/?product=bursa-baklava-sac-cesitleri","og_site_name":"BURSA PROF\u0130L","article_modified_time":"2025-08-06T16:59:11+00:00","og_image":[{"width":225,"height":225,"url":"http:\/\/www.bursaprofil.tr\/wp-content\/uploads\/2025\/08\/baklava-sac.jpg","type":"image\/jpeg"}],"twitter_card":"summary_large_image","schema":{"@context":"https:\/\/schema.org","@graph":[{"@type":"WebPage","@id":"http:\/\/www.bursaprofil.tr\/?product=bursa-baklava-sac-cesitleri","url":"http:\/\/www.bursaprofil.tr\/?product=bursa-baklava-sac-cesitleri","name":"BURSA BAKLAVA SAC \u00c7E\u015e\u0130TLER\u0130 - BURSA PROF\u0130L","isPartOf":{"@id":"http:\/\/www.bursaprofil.tr\/#website"},"primaryImageOfPage":{"@id":"http:\/\/www.bursaprofil.tr\/?product=bursa-baklava-sac-cesitleri#primaryimage"},"image":{"@id":"http:\/\/www.bursaprofil.tr\/?product=bursa-baklava-sac-cesitleri#primaryimage"},"thumbnailUrl":"http:\/\/www.bursaprofil.tr\/wp-content\/uploads\/2025\/08\/baklava-sac.jpg","datePublished":"2025-08-06T16:58:37+00:00","dateModified":"2025-08-06T16:59:11+00:00","breadcrumb":{"@id":"http:\/\/www.bursaprofil.tr\/?product=bursa-baklava-sac-cesitleri#breadcrumb"},"inLanguage":"tr","potentialAction":[{"@type":"ReadAction","target":["http:\/\/www.bursaprofil.tr\/?product=bursa-baklava-sac-cesitleri"]}]},{"@type":"ImageObject","inLanguage":"tr","@id":"http:\/\/www.bursaprofil.tr\/?product=bursa-baklava-sac-cesitleri#primaryimage","url":"http:\/\/www.bursaprofil.tr\/wp-content\/uploads\/2025\/08\/baklava-sac.jpg","contentUrl":"http:\/\/www.bursaprofil.tr\/wp-content\/uploads\/2025\/08\/baklava-sac.jpg","width":225,"height":225},{"@type":"BreadcrumbList","@id":"http:\/\/www.bursaprofil.tr\/?product=bursa-baklava-sac-cesitleri#breadcrumb","itemListElement":[{"@type":"ListItem","position":1,"name":"Home","item":"http:\/\/www.bursaprofil.tr\/"},{"@type":"ListItem","position":2,"name":"BURSAPROF\u0130L\u00ae Online Ma\u011faza","item":"http:\/\/www.bursaprofil.tr\/?page_id=47"},{"@type":"ListItem","position":3,"name":"BURSA BAKLAVA SAC \u00c7E\u015e\u0130TLER\u0130"}]},{"@type":"WebSite","@id":"http:\/\/www.bursaprofil.tr\/#website","url":"http:\/\/www.bursaprofil.tr\/","name":"BURSA PROF\u0130L","description":"TOPTAN VE PERAKENDE PROF\u0130L SATI\u015eI","publisher":{"@id":"http:\/\/www.bursaprofil.tr\/#organization"},"potentialAction":[{"@type":"SearchAction","target":{"@type":"EntryPoint","urlTemplate":"http:\/\/www.bursaprofil.tr\/?s={search_term_string}"},"query-input":{"@type":"PropertyValueSpecification","valueRequired":true,"valueName":"search_term_string"}}],"inLanguage":"tr"},{"@type":"Organization","@id":"http:\/\/www.bursaprofil.tr\/#organization","name":"BURSA PROF\u0130L","url":"http:\/\/www.bursaprofil.tr\/","logo":{"@type":"ImageObject","inLanguage":"tr","@id":"http:\/\/www.bursaprofil.tr\/#\/schema\/logo\/image\/","url":"http:\/\/www.bursaprofil.tr\/wp-content\/uploads\/2024\/10\/dikdortgen-kutu-profil-agirlik-tablosu.jpg","contentUrl":"http:\/\/www.bursaprofil.tr\/wp-content\/uploads\/2024\/10\/dikdortgen-kutu-profil-agirlik-tablosu.jpg","width":500,"height":331,"caption":"BURSA PROF\u0130L"},"image":{"@id":"http:\/\/www.bursaprofil.tr\/#\/schema\/logo\/image\/"}}]}},"_links":{"self":[{"href":"http:\/\/www.bursaprofil.tr\/index.php?rest_route=\/wp\/v2\/product\/16080","targetHints":{"allow":["GET"]}}],"collection":[{"href":"http:\/\/www.bursaprofil.tr\/index.php?rest_route=\/wp\/v2\/product"}],"about":[{"href":"http:\/\/www.bursaprofil.tr\/index.php?rest_route=\/wp\/v2\/types\/product"}],"version-history":[{"count":2,"href":"http:\/\/www.bursaprofil.tr\/index.php?rest_route=\/wp\/v2\/product\/16080\/revisions"}],"predecessor-version":[{"id":16082,"href":"http:\/\/www.bursaprofil.tr\/index.php?rest_route=\/wp\/v2\/product\/16080\/revisions\/16082"}],"wp:featuredmedia":[{"embeddable":true,"href":"http:\/\/www.bursaprofil.tr\/index.php?rest_route=\/wp\/v2\/media\/16072"}],"wp:attachment":[{"href":"http:\/\/www.bursaprofil.tr\/index.php?rest_route=%2Fwp%2Fv2%2Fmedia&parent=16080"}],"wp:term":[{"taxonomy":"product_cat","embeddable":true,"href":"http:\/\/www.bursaprofil.tr\/index.php?rest_route=%2Fwp%2Fv2%2Fproduct_cat&post=16080"},{"taxonomy":"product_tag","embeddable":true,"href":"http:\/\/www.bursaprofil.tr\/index.php?rest_route=%2Fwp%2Fv2%2Fproduct_tag&post=16080"}],"curies":[{"name":"wp","href":"https:\/\/api.w.org\/{rel}","templated":true}]}}