{"id":16077,"date":"2025-08-06T16:55:48","date_gmt":"2025-08-06T16:55:48","guid":{"rendered":"http:\/\/www.bursaprofil.tr\/?post_type=product&#038;p=16077"},"modified":"2025-08-06T16:55:49","modified_gmt":"2025-08-06T16:55:49","slug":"merdiven-basamagi-baklavali-sac-bursa","status":"publish","type":"product","link":"http:\/\/www.bursaprofil.tr\/?product=merdiven-basamagi-baklavali-sac-bursa","title":{"rendered":"MERD\u0130VEN BASAMA\u011eI \u2013 Baklaval\u0131 sac \/ BURSA"},"content":{"rendered":"<p>Demir Merdiven Basama\u011f\u0131, 2\/3mm veya farkl\u0131 kal\u0131nl\u0131klardan Baklava desenli sacdan \u00fcretilir.<\/p>\n<p>\u00dcr\u00fcn 80x25cm \u2013 100x25cm gibi \u00f6l\u00e7\u00fclerdedir, 1 adet olarak fiyatlan\u0131r<\/p>\n","protected":false},"excerpt":{"rendered":"<p>Demir Merdiven Basama\u011f\u0131, 2\/3mm veya farkl\u0131 kal\u0131nl\u0131klardan Baklava desenli sacdan \u00fcretilir.<\/p>\n<p>\u00dcr\u00fcn 80x25cm \u2013 100x25cm gibi \u00f6l\u00e7\u00fclerdedir, 1 adet olarak fiyatlan\u0131r<\/p>\n","protected":false},"featured_media":16075,"template":"","meta":[],"product_cat":[42],"product_tag":[776,777,778,779,780],"class_list":{"0":"post-16077","1":"product","2":"type-product","3":"status-publish","4":"has-post-thumbnail","6":"product_cat-insaatmalzemeleri","7":"product_tag-baklava-sac-merdiven-basamagi-bursa","8":"product_tag-bursa-baklava-sac-merdiven-basamagi","9":"product_tag-bursa-basamak-bukum","10":"product_tag-bursa-demir-merdiven-basamagi","11":"product_tag-bursa-merdiven-basamagi","13":"first","14":"instock","15":"shipping-taxable","16":"product-type-simple"},"yoast_head":"<!-- This site is optimized with the Yoast SEO plugin v25.9 - https:\/\/yoast.com\/wordpress\/plugins\/seo\/ -->\n<title>MERD\u0130VEN BASAMA\u011eI \u2013 Baklaval\u0131 sac \/ BURSA - BURSA PROF\u0130L<\/title>\n<meta name=\"robots\" content=\"index, follow, max-snippet:-1, max-image-preview:large, max-video-preview:-1\" \/>\n<link rel=\"canonical\" href=\"http:\/\/www.bursaprofil.tr\/?product=merdiven-basamagi-baklavali-sac-bursa\" \/>\n<meta property=\"og:locale\" content=\"tr_TR\" \/>\n<meta property=\"og:type\" content=\"article\" \/>\n<meta property=\"og:title\" content=\"MERD\u0130VEN BASAMA\u011eI \u2013 Baklaval\u0131 sac \/ BURSA - BURSA PROF\u0130L\" \/>\n<meta property=\"og:description\" content=\"Demir Merdiven Basama\u011f\u0131, 2\/3mm veya farkl\u0131 kal\u0131nl\u0131klardan Baklava desenli sacdan \u00fcretilir.  \u00dcr\u00fcn 80x25cm \u2013 100x25cm gibi \u00f6l\u00e7\u00fclerdedir, 1 adet olarak fiyatlan\u0131r\" \/>\n<meta property=\"og:url\" content=\"http:\/\/www.bursaprofil.tr\/?product=merdiven-basamagi-baklavali-sac-bursa\" \/>\n<meta property=\"og:site_name\" content=\"BURSA PROF\u0130L\" \/>\n<meta property=\"article:modified_time\" content=\"2025-08-06T16:55:49+00:00\" \/>\n<meta property=\"og:image\" content=\"http:\/\/www.bursaprofil.tr\/wp-content\/uploads\/2025\/08\/basamak.png\" \/>\n\t<meta property=\"og:image:width\" content=\"585\" \/>\n\t<meta property=\"og:image:height\" content=\"411\" \/>\n\t<meta property=\"og:image:type\" content=\"image\/png\" \/>\n<meta name=\"twitter:card\" content=\"summary_large_image\" \/>\n<script type=\"application\/ld+json\" class=\"yoast-schema-graph\">{\"@context\":\"https:\/\/schema.org\",\"@graph\":[{\"@type\":\"WebPage\",\"@id\":\"http:\/\/www.bursaprofil.tr\/?product=merdiven-basamagi-baklavali-sac-bursa\",\"url\":\"http:\/\/www.bursaprofil.tr\/?product=merdiven-basamagi-baklavali-sac-bursa\",\"name\":\"MERD\u0130VEN BASAMA\u011eI \u2013 Baklaval\u0131 sac \/ BURSA - BURSA PROF\u0130L\",\"isPartOf\":{\"@id\":\"http:\/\/www.bursaprofil.tr\/#website\"},\"primaryImageOfPage\":{\"@id\":\"http:\/\/www.bursaprofil.tr\/?product=merdiven-basamagi-baklavali-sac-bursa#primaryimage\"},\"image\":{\"@id\":\"http:\/\/www.bursaprofil.tr\/?product=merdiven-basamagi-baklavali-sac-bursa#primaryimage\"},\"thumbnailUrl\":\"http:\/\/www.bursaprofil.tr\/wp-content\/uploads\/2025\/08\/basamak.png\",\"datePublished\":\"2025-08-06T16:55:48+00:00\",\"dateModified\":\"2025-08-06T16:55:49+00:00\",\"breadcrumb\":{\"@id\":\"http:\/\/www.bursaprofil.tr\/?product=merdiven-basamagi-baklavali-sac-bursa#breadcrumb\"},\"inLanguage\":\"tr\",\"potentialAction\":[{\"@type\":\"ReadAction\",\"target\":[\"http:\/\/www.bursaprofil.tr\/?product=merdiven-basamagi-baklavali-sac-bursa\"]}]},{\"@type\":\"ImageObject\",\"inLanguage\":\"tr\",\"@id\":\"http:\/\/www.bursaprofil.tr\/?product=merdiven-basamagi-baklavali-sac-bursa#primaryimage\",\"url\":\"http:\/\/www.bursaprofil.tr\/wp-content\/uploads\/2025\/08\/basamak.png\",\"contentUrl\":\"http:\/\/www.bursaprofil.tr\/wp-content\/uploads\/2025\/08\/basamak.png\",\"width\":585,\"height\":411,\"caption\":\"BURSA BAKLAVA SAC MERD\u0130VEN BASAMA\u011eI\"},{\"@type\":\"BreadcrumbList\",\"@id\":\"http:\/\/www.bursaprofil.tr\/?product=merdiven-basamagi-baklavali-sac-bursa#breadcrumb\",\"itemListElement\":[{\"@type\":\"ListItem\",\"position\":1,\"name\":\"Home\",\"item\":\"http:\/\/www.bursaprofil.tr\/\"},{\"@type\":\"ListItem\",\"position\":2,\"name\":\"BURSAPROF\u0130L\u00ae Online Ma\u011faza\",\"item\":\"http:\/\/www.bursaprofil.tr\/?page_id=47\"},{\"@type\":\"ListItem\",\"position\":3,\"name\":\"MERD\u0130VEN BASAMA\u011eI \u2013 Baklaval\u0131 sac \/ BURSA\"}]},{\"@type\":\"WebSite\",\"@id\":\"http:\/\/www.bursaprofil.tr\/#website\",\"url\":\"http:\/\/www.bursaprofil.tr\/\",\"name\":\"BURSA PROF\u0130L\",\"description\":\"TOPTAN VE PERAKENDE PROF\u0130L SATI\u015eI\",\"publisher\":{\"@id\":\"http:\/\/www.bursaprofil.tr\/#organization\"},\"potentialAction\":[{\"@type\":\"SearchAction\",\"target\":{\"@type\":\"EntryPoint\",\"urlTemplate\":\"http:\/\/www.bursaprofil.tr\/?s={search_term_string}\"},\"query-input\":{\"@type\":\"PropertyValueSpecification\",\"valueRequired\":true,\"valueName\":\"search_term_string\"}}],\"inLanguage\":\"tr\"},{\"@type\":\"Organization\",\"@id\":\"http:\/\/www.bursaprofil.tr\/#organization\",\"name\":\"BURSA PROF\u0130L\",\"url\":\"http:\/\/www.bursaprofil.tr\/\",\"logo\":{\"@type\":\"ImageObject\",\"inLanguage\":\"tr\",\"@id\":\"http:\/\/www.bursaprofil.tr\/#\/schema\/logo\/image\/\",\"url\":\"http:\/\/www.bursaprofil.tr\/wp-content\/uploads\/2024\/10\/dikdortgen-kutu-profil-agirlik-tablosu.jpg\",\"contentUrl\":\"http:\/\/www.bursaprofil.tr\/wp-content\/uploads\/2024\/10\/dikdortgen-kutu-profil-agirlik-tablosu.jpg\",\"width\":500,\"height\":331,\"caption\":\"BURSA PROF\u0130L\"},\"image\":{\"@id\":\"http:\/\/www.bursaprofil.tr\/#\/schema\/logo\/image\/\"}}]}<\/script>\n<!-- \/ Yoast SEO plugin. -->","yoast_head_json":{"title":"MERD\u0130VEN BASAMA\u011eI \u2013 Baklaval\u0131 sac \/ BURSA - BURSA PROF\u0130L","robots":{"index":"index","follow":"follow","max-snippet":"max-snippet:-1","max-image-preview":"max-image-preview:large","max-video-preview":"max-video-preview:-1"},"canonical":"http:\/\/www.bursaprofil.tr\/?product=merdiven-basamagi-baklavali-sac-bursa","og_locale":"tr_TR","og_type":"article","og_title":"MERD\u0130VEN BASAMA\u011eI \u2013 Baklaval\u0131 sac \/ BURSA - BURSA PROF\u0130L","og_description":"Demir Merdiven Basama\u011f\u0131, 2\/3mm veya farkl\u0131 kal\u0131nl\u0131klardan Baklava desenli sacdan \u00fcretilir.  \u00dcr\u00fcn 80x25cm \u2013 100x25cm gibi \u00f6l\u00e7\u00fclerdedir, 1 adet olarak fiyatlan\u0131r","og_url":"http:\/\/www.bursaprofil.tr\/?product=merdiven-basamagi-baklavali-sac-bursa","og_site_name":"BURSA PROF\u0130L","article_modified_time":"2025-08-06T16:55:49+00:00","og_image":[{"width":585,"height":411,"url":"http:\/\/www.bursaprofil.tr\/wp-content\/uploads\/2025\/08\/basamak.png","type":"image\/png"}],"twitter_card":"summary_large_image","schema":{"@context":"https:\/\/schema.org","@graph":[{"@type":"WebPage","@id":"http:\/\/www.bursaprofil.tr\/?product=merdiven-basamagi-baklavali-sac-bursa","url":"http:\/\/www.bursaprofil.tr\/?product=merdiven-basamagi-baklavali-sac-bursa","name":"MERD\u0130VEN BASAMA\u011eI \u2013 Baklaval\u0131 sac \/ BURSA - BURSA PROF\u0130L","isPartOf":{"@id":"http:\/\/www.bursaprofil.tr\/#website"},"primaryImageOfPage":{"@id":"http:\/\/www.bursaprofil.tr\/?product=merdiven-basamagi-baklavali-sac-bursa#primaryimage"},"image":{"@id":"http:\/\/www.bursaprofil.tr\/?product=merdiven-basamagi-baklavali-sac-bursa#primaryimage"},"thumbnailUrl":"http:\/\/www.bursaprofil.tr\/wp-content\/uploads\/2025\/08\/basamak.png","datePublished":"2025-08-06T16:55:48+00:00","dateModified":"2025-08-06T16:55:49+00:00","breadcrumb":{"@id":"http:\/\/www.bursaprofil.tr\/?product=merdiven-basamagi-baklavali-sac-bursa#breadcrumb"},"inLanguage":"tr","potentialAction":[{"@type":"ReadAction","target":["http:\/\/www.bursaprofil.tr\/?product=merdiven-basamagi-baklavali-sac-bursa"]}]},{"@type":"ImageObject","inLanguage":"tr","@id":"http:\/\/www.bursaprofil.tr\/?product=merdiven-basamagi-baklavali-sac-bursa#primaryimage","url":"http:\/\/www.bursaprofil.tr\/wp-content\/uploads\/2025\/08\/basamak.png","contentUrl":"http:\/\/www.bursaprofil.tr\/wp-content\/uploads\/2025\/08\/basamak.png","width":585,"height":411,"caption":"BURSA BAKLAVA SAC MERD\u0130VEN BASAMA\u011eI"},{"@type":"BreadcrumbList","@id":"http:\/\/www.bursaprofil.tr\/?product=merdiven-basamagi-baklavali-sac-bursa#breadcrumb","itemListElement":[{"@type":"ListItem","position":1,"name":"Home","item":"http:\/\/www.bursaprofil.tr\/"},{"@type":"ListItem","position":2,"name":"BURSAPROF\u0130L\u00ae Online Ma\u011faza","item":"http:\/\/www.bursaprofil.tr\/?page_id=47"},{"@type":"ListItem","position":3,"name":"MERD\u0130VEN BASAMA\u011eI \u2013 Baklaval\u0131 sac \/ BURSA"}]},{"@type":"WebSite","@id":"http:\/\/www.bursaprofil.tr\/#website","url":"http:\/\/www.bursaprofil.tr\/","name":"BURSA PROF\u0130L","description":"TOPTAN VE PERAKENDE PROF\u0130L SATI\u015eI","publisher":{"@id":"http:\/\/www.bursaprofil.tr\/#organization"},"potentialAction":[{"@type":"SearchAction","target":{"@type":"EntryPoint","urlTemplate":"http:\/\/www.bursaprofil.tr\/?s={search_term_string}"},"query-input":{"@type":"PropertyValueSpecification","valueRequired":true,"valueName":"search_term_string"}}],"inLanguage":"tr"},{"@type":"Organization","@id":"http:\/\/www.bursaprofil.tr\/#organization","name":"BURSA PROF\u0130L","url":"http:\/\/www.bursaprofil.tr\/","logo":{"@type":"ImageObject","inLanguage":"tr","@id":"http:\/\/www.bursaprofil.tr\/#\/schema\/logo\/image\/","url":"http:\/\/www.bursaprofil.tr\/wp-content\/uploads\/2024\/10\/dikdortgen-kutu-profil-agirlik-tablosu.jpg","contentUrl":"http:\/\/www.bursaprofil.tr\/wp-content\/uploads\/2024\/10\/dikdortgen-kutu-profil-agirlik-tablosu.jpg","width":500,"height":331,"caption":"BURSA PROF\u0130L"},"image":{"@id":"http:\/\/www.bursaprofil.tr\/#\/schema\/logo\/image\/"}}]}},"_links":{"self":[{"href":"http:\/\/www.bursaprofil.tr\/index.php?rest_route=\/wp\/v2\/product\/16077","targetHints":{"allow":["GET"]}}],"collection":[{"href":"http:\/\/www.bursaprofil.tr\/index.php?rest_route=\/wp\/v2\/product"}],"about":[{"href":"http:\/\/www.bursaprofil.tr\/index.php?rest_route=\/wp\/v2\/types\/product"}],"version-history":[{"count":2,"href":"http:\/\/www.bursaprofil.tr\/index.php?rest_route=\/wp\/v2\/product\/16077\/revisions"}],"predecessor-version":[{"id":16079,"href":"http:\/\/www.bursaprofil.tr\/index.php?rest_route=\/wp\/v2\/product\/16077\/revisions\/16079"}],"wp:featuredmedia":[{"embeddable":true,"href":"http:\/\/www.bursaprofil.tr\/index.php?rest_route=\/wp\/v2\/media\/16075"}],"wp:attachment":[{"href":"http:\/\/www.bursaprofil.tr\/index.php?rest_route=%2Fwp%2Fv2%2Fmedia&parent=16077"}],"wp:term":[{"taxonomy":"product_cat","embeddable":true,"href":"http:\/\/www.bursaprofil.tr\/index.php?rest_route=%2Fwp%2Fv2%2Fproduct_cat&post=16077"},{"taxonomy":"product_tag","embeddable":true,"href":"http:\/\/www.bursaprofil.tr\/index.php?rest_route=%2Fwp%2Fv2%2Fproduct_tag&post=16077"}],"curies":[{"name":"wp","href":"https:\/\/api.w.org\/{rel}","templated":true}]}}