{"id":16053,"date":"2025-06-05T21:40:07","date_gmt":"2025-06-05T21:40:07","guid":{"rendered":"http:\/\/www.bursaprofil.tr\/?post_type=product&#038;p=16053"},"modified":"2025-06-05T21:40:07","modified_gmt":"2025-06-05T21:40:07","slug":"antrasit-renk-cephe-paneli","status":"publish","type":"product","link":"http:\/\/www.bursaprofil.tr\/?product=antrasit-renk-cephe-paneli","title":{"rendered":"ANTRAS\u0130T RENK CEPHE PANEL\u0130"},"content":{"rendered":"<p>BURSA VE \u00c7EVRES\u0130 \u0130\u00c7\u0130N ANTRAS\u0130T RENK CEPHE PANEL\u0130&#8230;<\/p>\n","protected":false},"excerpt":{"rendered":"<p>BURSA VE \u00c7EVRES\u0130 \u0130\u00c7\u0130N ANTRAS\u0130T RENK CEPHE PANEL\u0130&#8230;<\/p>\n","protected":false},"featured_media":16054,"template":"","meta":[],"product_cat":[20],"product_tag":[],"class_list":{"0":"post-16053","1":"product","2":"type-product","3":"status-publish","4":"has-post-thumbnail","6":"product_cat-kutuprofil","8":"first","9":"instock","10":"shipping-taxable","11":"product-type-simple"},"yoast_head":"<!-- This site is optimized with the Yoast SEO plugin v25.9 - https:\/\/yoast.com\/wordpress\/plugins\/seo\/ -->\n<title>ANTRAS\u0130T RENK CEPHE PANEL\u0130 - BURSA PROF\u0130L<\/title>\n<meta name=\"robots\" content=\"index, follow, max-snippet:-1, max-image-preview:large, max-video-preview:-1\" \/>\n<link rel=\"canonical\" href=\"http:\/\/www.bursaprofil.tr\/?product=antrasit-renk-cephe-paneli\" \/>\n<meta property=\"og:locale\" content=\"tr_TR\" \/>\n<meta property=\"og:type\" content=\"article\" \/>\n<meta property=\"og:title\" content=\"ANTRAS\u0130T RENK CEPHE PANEL\u0130 - BURSA PROF\u0130L\" \/>\n<meta property=\"og:description\" content=\"BURSA VE \u00c7EVRES\u0130 \u0130\u00c7\u0130N ANTRAS\u0130T RENK CEPHE PANEL\u0130&#8230;\" \/>\n<meta property=\"og:url\" content=\"http:\/\/www.bursaprofil.tr\/?product=antrasit-renk-cephe-paneli\" \/>\n<meta property=\"og:site_name\" content=\"BURSA PROF\u0130L\" \/>\n<meta property=\"og:image\" content=\"http:\/\/www.bursaprofil.tr\/wp-content\/uploads\/2025\/06\/04c3f0062bc7b5d43a41ad10b8f6bd06.jpg\" \/>\n\t<meta property=\"og:image:width\" content=\"441\" \/>\n\t<meta property=\"og:image:height\" content=\"498\" \/>\n\t<meta property=\"og:image:type\" content=\"image\/jpeg\" \/>\n<meta name=\"twitter:card\" content=\"summary_large_image\" \/>\n<script type=\"application\/ld+json\" class=\"yoast-schema-graph\">{\"@context\":\"https:\/\/schema.org\",\"@graph\":[{\"@type\":\"WebPage\",\"@id\":\"http:\/\/www.bursaprofil.tr\/?product=antrasit-renk-cephe-paneli\",\"url\":\"http:\/\/www.bursaprofil.tr\/?product=antrasit-renk-cephe-paneli\",\"name\":\"ANTRAS\u0130T RENK CEPHE PANEL\u0130 - BURSA PROF\u0130L\",\"isPartOf\":{\"@id\":\"http:\/\/www.bursaprofil.tr\/#website\"},\"primaryImageOfPage\":{\"@id\":\"http:\/\/www.bursaprofil.tr\/?product=antrasit-renk-cephe-paneli#primaryimage\"},\"image\":{\"@id\":\"http:\/\/www.bursaprofil.tr\/?product=antrasit-renk-cephe-paneli#primaryimage\"},\"thumbnailUrl\":\"http:\/\/www.bursaprofil.tr\/wp-content\/uploads\/2025\/06\/04c3f0062bc7b5d43a41ad10b8f6bd06.jpg\",\"datePublished\":\"2025-06-05T21:40:07+00:00\",\"breadcrumb\":{\"@id\":\"http:\/\/www.bursaprofil.tr\/?product=antrasit-renk-cephe-paneli#breadcrumb\"},\"inLanguage\":\"tr\",\"potentialAction\":[{\"@type\":\"ReadAction\",\"target\":[\"http:\/\/www.bursaprofil.tr\/?product=antrasit-renk-cephe-paneli\"]}]},{\"@type\":\"ImageObject\",\"inLanguage\":\"tr\",\"@id\":\"http:\/\/www.bursaprofil.tr\/?product=antrasit-renk-cephe-paneli#primaryimage\",\"url\":\"http:\/\/www.bursaprofil.tr\/wp-content\/uploads\/2025\/06\/04c3f0062bc7b5d43a41ad10b8f6bd06.jpg\",\"contentUrl\":\"http:\/\/www.bursaprofil.tr\/wp-content\/uploads\/2025\/06\/04c3f0062bc7b5d43a41ad10b8f6bd06.jpg\",\"width\":441,\"height\":498},{\"@type\":\"BreadcrumbList\",\"@id\":\"http:\/\/www.bursaprofil.tr\/?product=antrasit-renk-cephe-paneli#breadcrumb\",\"itemListElement\":[{\"@type\":\"ListItem\",\"position\":1,\"name\":\"Home\",\"item\":\"http:\/\/www.bursaprofil.tr\/\"},{\"@type\":\"ListItem\",\"position\":2,\"name\":\"BURSAPROF\u0130L\u00ae Online Ma\u011faza\",\"item\":\"http:\/\/www.bursaprofil.tr\/?page_id=47\"},{\"@type\":\"ListItem\",\"position\":3,\"name\":\"ANTRAS\u0130T RENK CEPHE PANEL\u0130\"}]},{\"@type\":\"WebSite\",\"@id\":\"http:\/\/www.bursaprofil.tr\/#website\",\"url\":\"http:\/\/www.bursaprofil.tr\/\",\"name\":\"BURSA PROF\u0130L\",\"description\":\"TOPTAN VE PERAKENDE PROF\u0130L SATI\u015eI\",\"publisher\":{\"@id\":\"http:\/\/www.bursaprofil.tr\/#organization\"},\"potentialAction\":[{\"@type\":\"SearchAction\",\"target\":{\"@type\":\"EntryPoint\",\"urlTemplate\":\"http:\/\/www.bursaprofil.tr\/?s={search_term_string}\"},\"query-input\":{\"@type\":\"PropertyValueSpecification\",\"valueRequired\":true,\"valueName\":\"search_term_string\"}}],\"inLanguage\":\"tr\"},{\"@type\":\"Organization\",\"@id\":\"http:\/\/www.bursaprofil.tr\/#organization\",\"name\":\"BURSA PROF\u0130L\",\"url\":\"http:\/\/www.bursaprofil.tr\/\",\"logo\":{\"@type\":\"ImageObject\",\"inLanguage\":\"tr\",\"@id\":\"http:\/\/www.bursaprofil.tr\/#\/schema\/logo\/image\/\",\"url\":\"http:\/\/www.bursaprofil.tr\/wp-content\/uploads\/2024\/10\/dikdortgen-kutu-profil-agirlik-tablosu.jpg\",\"contentUrl\":\"http:\/\/www.bursaprofil.tr\/wp-content\/uploads\/2024\/10\/dikdortgen-kutu-profil-agirlik-tablosu.jpg\",\"width\":500,\"height\":331,\"caption\":\"BURSA PROF\u0130L\"},\"image\":{\"@id\":\"http:\/\/www.bursaprofil.tr\/#\/schema\/logo\/image\/\"}}]}<\/script>\n<!-- \/ Yoast SEO plugin. -->","yoast_head_json":{"title":"ANTRAS\u0130T RENK CEPHE PANEL\u0130 - BURSA PROF\u0130L","robots":{"index":"index","follow":"follow","max-snippet":"max-snippet:-1","max-image-preview":"max-image-preview:large","max-video-preview":"max-video-preview:-1"},"canonical":"http:\/\/www.bursaprofil.tr\/?product=antrasit-renk-cephe-paneli","og_locale":"tr_TR","og_type":"article","og_title":"ANTRAS\u0130T RENK CEPHE PANEL\u0130 - BURSA PROF\u0130L","og_description":"BURSA VE \u00c7EVRES\u0130 \u0130\u00c7\u0130N ANTRAS\u0130T RENK CEPHE PANEL\u0130&#8230;","og_url":"http:\/\/www.bursaprofil.tr\/?product=antrasit-renk-cephe-paneli","og_site_name":"BURSA PROF\u0130L","og_image":[{"width":441,"height":498,"url":"http:\/\/www.bursaprofil.tr\/wp-content\/uploads\/2025\/06\/04c3f0062bc7b5d43a41ad10b8f6bd06.jpg","type":"image\/jpeg"}],"twitter_card":"summary_large_image","schema":{"@context":"https:\/\/schema.org","@graph":[{"@type":"WebPage","@id":"http:\/\/www.bursaprofil.tr\/?product=antrasit-renk-cephe-paneli","url":"http:\/\/www.bursaprofil.tr\/?product=antrasit-renk-cephe-paneli","name":"ANTRAS\u0130T RENK CEPHE PANEL\u0130 - BURSA PROF\u0130L","isPartOf":{"@id":"http:\/\/www.bursaprofil.tr\/#website"},"primaryImageOfPage":{"@id":"http:\/\/www.bursaprofil.tr\/?product=antrasit-renk-cephe-paneli#primaryimage"},"image":{"@id":"http:\/\/www.bursaprofil.tr\/?product=antrasit-renk-cephe-paneli#primaryimage"},"thumbnailUrl":"http:\/\/www.bursaprofil.tr\/wp-content\/uploads\/2025\/06\/04c3f0062bc7b5d43a41ad10b8f6bd06.jpg","datePublished":"2025-06-05T21:40:07+00:00","breadcrumb":{"@id":"http:\/\/www.bursaprofil.tr\/?product=antrasit-renk-cephe-paneli#breadcrumb"},"inLanguage":"tr","potentialAction":[{"@type":"ReadAction","target":["http:\/\/www.bursaprofil.tr\/?product=antrasit-renk-cephe-paneli"]}]},{"@type":"ImageObject","inLanguage":"tr","@id":"http:\/\/www.bursaprofil.tr\/?product=antrasit-renk-cephe-paneli#primaryimage","url":"http:\/\/www.bursaprofil.tr\/wp-content\/uploads\/2025\/06\/04c3f0062bc7b5d43a41ad10b8f6bd06.jpg","contentUrl":"http:\/\/www.bursaprofil.tr\/wp-content\/uploads\/2025\/06\/04c3f0062bc7b5d43a41ad10b8f6bd06.jpg","width":441,"height":498},{"@type":"BreadcrumbList","@id":"http:\/\/www.bursaprofil.tr\/?product=antrasit-renk-cephe-paneli#breadcrumb","itemListElement":[{"@type":"ListItem","position":1,"name":"Home","item":"http:\/\/www.bursaprofil.tr\/"},{"@type":"ListItem","position":2,"name":"BURSAPROF\u0130L\u00ae Online Ma\u011faza","item":"http:\/\/www.bursaprofil.tr\/?page_id=47"},{"@type":"ListItem","position":3,"name":"ANTRAS\u0130T RENK CEPHE PANEL\u0130"}]},{"@type":"WebSite","@id":"http:\/\/www.bursaprofil.tr\/#website","url":"http:\/\/www.bursaprofil.tr\/","name":"BURSA PROF\u0130L","description":"TOPTAN VE PERAKENDE PROF\u0130L SATI\u015eI","publisher":{"@id":"http:\/\/www.bursaprofil.tr\/#organization"},"potentialAction":[{"@type":"SearchAction","target":{"@type":"EntryPoint","urlTemplate":"http:\/\/www.bursaprofil.tr\/?s={search_term_string}"},"query-input":{"@type":"PropertyValueSpecification","valueRequired":true,"valueName":"search_term_string"}}],"inLanguage":"tr"},{"@type":"Organization","@id":"http:\/\/www.bursaprofil.tr\/#organization","name":"BURSA PROF\u0130L","url":"http:\/\/www.bursaprofil.tr\/","logo":{"@type":"ImageObject","inLanguage":"tr","@id":"http:\/\/www.bursaprofil.tr\/#\/schema\/logo\/image\/","url":"http:\/\/www.bursaprofil.tr\/wp-content\/uploads\/2024\/10\/dikdortgen-kutu-profil-agirlik-tablosu.jpg","contentUrl":"http:\/\/www.bursaprofil.tr\/wp-content\/uploads\/2024\/10\/dikdortgen-kutu-profil-agirlik-tablosu.jpg","width":500,"height":331,"caption":"BURSA PROF\u0130L"},"image":{"@id":"http:\/\/www.bursaprofil.tr\/#\/schema\/logo\/image\/"}}]}},"_links":{"self":[{"href":"http:\/\/www.bursaprofil.tr\/index.php?rest_route=\/wp\/v2\/product\/16053","targetHints":{"allow":["GET"]}}],"collection":[{"href":"http:\/\/www.bursaprofil.tr\/index.php?rest_route=\/wp\/v2\/product"}],"about":[{"href":"http:\/\/www.bursaprofil.tr\/index.php?rest_route=\/wp\/v2\/types\/product"}],"version-history":[{"count":1,"href":"http:\/\/www.bursaprofil.tr\/index.php?rest_route=\/wp\/v2\/product\/16053\/revisions"}],"predecessor-version":[{"id":16055,"href":"http:\/\/www.bursaprofil.tr\/index.php?rest_route=\/wp\/v2\/product\/16053\/revisions\/16055"}],"wp:featuredmedia":[{"embeddable":true,"href":"http:\/\/www.bursaprofil.tr\/index.php?rest_route=\/wp\/v2\/media\/16054"}],"wp:attachment":[{"href":"http:\/\/www.bursaprofil.tr\/index.php?rest_route=%2Fwp%2Fv2%2Fmedia&parent=16053"}],"wp:term":[{"taxonomy":"product_cat","embeddable":true,"href":"http:\/\/www.bursaprofil.tr\/index.php?rest_route=%2Fwp%2Fv2%2Fproduct_cat&post=16053"},{"taxonomy":"product_tag","embeddable":true,"href":"http:\/\/www.bursaprofil.tr\/index.php?rest_route=%2Fwp%2Fv2%2Fproduct_tag&post=16053"}],"curies":[{"name":"wp","href":"https:\/\/api.w.org\/{rel}","templated":true}]}}