{"id":16048,"date":"2025-05-30T20:11:12","date_gmt":"2025-05-30T20:11:12","guid":{"rendered":"http:\/\/www.bursaprofil.tr\/?post_type=product&#038;p=16048"},"modified":"2025-05-30T20:13:12","modified_gmt":"2025-05-30T20:13:12","slug":"bursa-boyali-boyasiz-profil-satisi","status":"publish","type":"product","link":"http:\/\/www.bursaprofil.tr\/?product=bursa-boyali-boyasiz-profil-satisi","title":{"rendered":"BURSA \/ BOYALI &#8211; BOYASIZ PROF\u0130L SATI\u015eI"},"content":{"rendered":"<p>Bursa ve \u00e7evresi i\u00e7in toptan ve perakende profil sat\u0131\u015f\u0131<\/p>\n<p>\u0130RT\u0130BAT NUMARALARIMIZDAN B\u0130ZLERE ULA\u015eAB\u0130L\u0130RS\u0130N\u0130Z.<\/p>\n","protected":false},"excerpt":{"rendered":"<p>Bursa ve \u00e7evresi i\u00e7in toptan ve perakende profil sat\u0131\u015f\u0131<\/p>\n","protected":false},"featured_media":15587,"template":"","meta":[],"product_cat":[20],"product_tag":[426,427,436,437,443,453,452,435,450,442,451,434,430,460,425,438,421,464,444,429,445,432,457,461,463,428,424,456,465,422,441,462,448,446,449,459,433,455,420,440,458,454,423,447,439,431],"class_list":{"0":"post-16048","1":"product","2":"type-product","3":"status-publish","4":"has-post-thumbnail","6":"product_cat-kutuprofil","7":"product_tag-40x40-kutu-profil-bursa","8":"product_tag-50x50-kutu-profil-bursa","9":"product_tag-antipas-boyali-kutu-profil-bursa","10":"product_tag-boyasiz-kutu-profil-bursa","11":"product_tag-bursa-6-metrelik-kutu-profil","12":"product_tag-bursa-60x40-kutu-profil","13":"product_tag-bursa-agir-kutu-profil","14":"product_tag-bursa-agirlikli-kutu-profil","15":"product_tag-bursa-celik-kutu-profil","16":"product_tag-bursa-demir-profil-fiyatlari","17":"product_tag-bursa-hafif-kutu-profil","18":"product_tag-bursa-insaat-kutu-profili","19":"product_tag-bursa-kutu-profil-bayisi","20":"product_tag-bursa-kutu-profil-buyuk-stok","21":"product_tag-bursa-kutu-profil-fabrikasi","22":"product_tag-bursa-kutu-profil-fiyat-teklifi","23":"product_tag-bursa-kutu-profil-fiyatlari","24":"product_tag-bursa-kutu-profil-kesim-merkezi","25":"product_tag-bursa-kutu-profil-kesimi","26":"product_tag-bursa-kutu-profil-metre-fiyati","27":"product_tag-bursa-kutu-profil-montaji","28":"product_tag-bursa-kutu-profil-nakliye","29":"product_tag-bursa-kutu-profil-nerede-bulunur","30":"product_tag-bursa-kutu-profil-perakende","31":"product_tag-bursa-kutu-profil-satin-al","32":"product_tag-bursa-kutu-profil-stok","33":"product_tag-bursa-kutu-profil-tedarikcisi","34":"product_tag-bursa-kutu-profil-teslimat","35":"product_tag-bursa-kutu-profil-ureticisi","36":"product_tag-bursa-metal-kutu-profil","37":"product_tag-bursa-metal-profil-firmasi","38":"product_tag-bursa-metal-sanayi-kutu-profil","39":"product_tag-bursa-profil-market","40":"product_tag-bursa-profil-urunleri","41":"product_tag-bursa-profil-ve-demir-urunleri","42":"product_tag-bursa-sanayi-bolgesi-kutu-profil","43":"product_tag-bursa-sanayi-kutu-profili","44":"product_tag-en-yakin-kutu-profil-bursa","45":"product_tag-kutu-profil-bursa","46":"product_tag-kutu-profil-bursa-toptan","47":"product_tag-kutu-profil-fiyat-listesi-bursa","48":"product_tag-kutu-profil-kampanya-bursa","49":"product_tag-kutu-profil-satisi-bursa","50":"product_tag-kutu-profil-stoklu-bursa","51":"product_tag-st37-kutu-profil-bursa","52":"product_tag-ucuz-kutu-profil-bursa","54":"first","55":"instock","56":"shipping-taxable","57":"product-type-simple"},"yoast_head":"<!-- This site is optimized with the Yoast SEO plugin v25.9 - https:\/\/yoast.com\/wordpress\/plugins\/seo\/ -->\n<title>BURSA \/ BOYALI - BOYASIZ PROF\u0130L SATI\u015eI - BURSA PROF\u0130L<\/title>\n<meta name=\"robots\" content=\"index, follow, max-snippet:-1, max-image-preview:large, max-video-preview:-1\" \/>\n<link rel=\"canonical\" href=\"http:\/\/www.bursaprofil.tr\/?product=bursa-boyali-boyasiz-profil-satisi\" \/>\n<meta property=\"og:locale\" content=\"tr_TR\" \/>\n<meta property=\"og:type\" content=\"article\" \/>\n<meta property=\"og:title\" content=\"BURSA \/ BOYALI - BOYASIZ PROF\u0130L SATI\u015eI - BURSA PROF\u0130L\" \/>\n<meta property=\"og:description\" content=\"Bursa ve \u00e7evresi i\u00e7in toptan ve perakende profil sat\u0131\u015f\u0131\" \/>\n<meta property=\"og:url\" content=\"http:\/\/www.bursaprofil.tr\/?product=bursa-boyali-boyasiz-profil-satisi\" \/>\n<meta property=\"og:site_name\" content=\"BURSA PROF\u0130L\" \/>\n<meta property=\"article:modified_time\" content=\"2025-05-30T20:13:12+00:00\" \/>\n<meta property=\"og:image\" content=\"http:\/\/www.bursaprofil.tr\/wp-content\/uploads\/2021\/08\/kare-kutu-profil-agirlik-tablosu.jpg\" \/>\n\t<meta property=\"og:image:width\" content=\"500\" \/>\n\t<meta property=\"og:image:height\" content=\"359\" \/>\n\t<meta property=\"og:image:type\" content=\"image\/jpeg\" \/>\n<meta name=\"twitter:card\" content=\"summary_large_image\" \/>\n<script type=\"application\/ld+json\" class=\"yoast-schema-graph\">{\"@context\":\"https:\/\/schema.org\",\"@graph\":[{\"@type\":\"WebPage\",\"@id\":\"http:\/\/www.bursaprofil.tr\/?product=bursa-boyali-boyasiz-profil-satisi\",\"url\":\"http:\/\/www.bursaprofil.tr\/?product=bursa-boyali-boyasiz-profil-satisi\",\"name\":\"BURSA \/ BOYALI - BOYASIZ PROF\u0130L SATI\u015eI - BURSA PROF\u0130L\",\"isPartOf\":{\"@id\":\"http:\/\/www.bursaprofil.tr\/#website\"},\"primaryImageOfPage\":{\"@id\":\"http:\/\/www.bursaprofil.tr\/?product=bursa-boyali-boyasiz-profil-satisi#primaryimage\"},\"image\":{\"@id\":\"http:\/\/www.bursaprofil.tr\/?product=bursa-boyali-boyasiz-profil-satisi#primaryimage\"},\"thumbnailUrl\":\"http:\/\/www.bursaprofil.tr\/wp-content\/uploads\/2021\/08\/kare-kutu-profil-agirlik-tablosu.jpg\",\"datePublished\":\"2025-05-30T20:11:12+00:00\",\"dateModified\":\"2025-05-30T20:13:12+00:00\",\"breadcrumb\":{\"@id\":\"http:\/\/www.bursaprofil.tr\/?product=bursa-boyali-boyasiz-profil-satisi#breadcrumb\"},\"inLanguage\":\"tr\",\"potentialAction\":[{\"@type\":\"ReadAction\",\"target\":[\"http:\/\/www.bursaprofil.tr\/?product=bursa-boyali-boyasiz-profil-satisi\"]}]},{\"@type\":\"ImageObject\",\"inLanguage\":\"tr\",\"@id\":\"http:\/\/www.bursaprofil.tr\/?product=bursa-boyali-boyasiz-profil-satisi#primaryimage\",\"url\":\"http:\/\/www.bursaprofil.tr\/wp-content\/uploads\/2021\/08\/kare-kutu-profil-agirlik-tablosu.jpg\",\"contentUrl\":\"http:\/\/www.bursaprofil.tr\/wp-content\/uploads\/2021\/08\/kare-kutu-profil-agirlik-tablosu.jpg\",\"width\":500,\"height\":359},{\"@type\":\"BreadcrumbList\",\"@id\":\"http:\/\/www.bursaprofil.tr\/?product=bursa-boyali-boyasiz-profil-satisi#breadcrumb\",\"itemListElement\":[{\"@type\":\"ListItem\",\"position\":1,\"name\":\"Home\",\"item\":\"http:\/\/www.bursaprofil.tr\/\"},{\"@type\":\"ListItem\",\"position\":2,\"name\":\"BURSAPROF\u0130L\u00ae Online Ma\u011faza\",\"item\":\"http:\/\/www.bursaprofil.tr\/?page_id=47\"},{\"@type\":\"ListItem\",\"position\":3,\"name\":\"BURSA \/ BOYALI &#8211; BOYASIZ PROF\u0130L SATI\u015eI\"}]},{\"@type\":\"WebSite\",\"@id\":\"http:\/\/www.bursaprofil.tr\/#website\",\"url\":\"http:\/\/www.bursaprofil.tr\/\",\"name\":\"BURSA PROF\u0130L\",\"description\":\"TOPTAN VE PERAKENDE PROF\u0130L SATI\u015eI\",\"publisher\":{\"@id\":\"http:\/\/www.bursaprofil.tr\/#organization\"},\"potentialAction\":[{\"@type\":\"SearchAction\",\"target\":{\"@type\":\"EntryPoint\",\"urlTemplate\":\"http:\/\/www.bursaprofil.tr\/?s={search_term_string}\"},\"query-input\":{\"@type\":\"PropertyValueSpecification\",\"valueRequired\":true,\"valueName\":\"search_term_string\"}}],\"inLanguage\":\"tr\"},{\"@type\":\"Organization\",\"@id\":\"http:\/\/www.bursaprofil.tr\/#organization\",\"name\":\"BURSA PROF\u0130L\",\"url\":\"http:\/\/www.bursaprofil.tr\/\",\"logo\":{\"@type\":\"ImageObject\",\"inLanguage\":\"tr\",\"@id\":\"http:\/\/www.bursaprofil.tr\/#\/schema\/logo\/image\/\",\"url\":\"http:\/\/www.bursaprofil.tr\/wp-content\/uploads\/2024\/10\/dikdortgen-kutu-profil-agirlik-tablosu.jpg\",\"contentUrl\":\"http:\/\/www.bursaprofil.tr\/wp-content\/uploads\/2024\/10\/dikdortgen-kutu-profil-agirlik-tablosu.jpg\",\"width\":500,\"height\":331,\"caption\":\"BURSA PROF\u0130L\"},\"image\":{\"@id\":\"http:\/\/www.bursaprofil.tr\/#\/schema\/logo\/image\/\"}}]}<\/script>\n<!-- \/ Yoast SEO plugin. -->","yoast_head_json":{"title":"BURSA \/ BOYALI - BOYASIZ PROF\u0130L SATI\u015eI - BURSA PROF\u0130L","robots":{"index":"index","follow":"follow","max-snippet":"max-snippet:-1","max-image-preview":"max-image-preview:large","max-video-preview":"max-video-preview:-1"},"canonical":"http:\/\/www.bursaprofil.tr\/?product=bursa-boyali-boyasiz-profil-satisi","og_locale":"tr_TR","og_type":"article","og_title":"BURSA \/ BOYALI - BOYASIZ PROF\u0130L SATI\u015eI - BURSA PROF\u0130L","og_description":"Bursa ve \u00e7evresi i\u00e7in toptan ve perakende profil sat\u0131\u015f\u0131","og_url":"http:\/\/www.bursaprofil.tr\/?product=bursa-boyali-boyasiz-profil-satisi","og_site_name":"BURSA PROF\u0130L","article_modified_time":"2025-05-30T20:13:12+00:00","og_image":[{"width":500,"height":359,"url":"http:\/\/www.bursaprofil.tr\/wp-content\/uploads\/2021\/08\/kare-kutu-profil-agirlik-tablosu.jpg","type":"image\/jpeg"}],"twitter_card":"summary_large_image","schema":{"@context":"https:\/\/schema.org","@graph":[{"@type":"WebPage","@id":"http:\/\/www.bursaprofil.tr\/?product=bursa-boyali-boyasiz-profil-satisi","url":"http:\/\/www.bursaprofil.tr\/?product=bursa-boyali-boyasiz-profil-satisi","name":"BURSA \/ BOYALI - BOYASIZ PROF\u0130L SATI\u015eI - BURSA PROF\u0130L","isPartOf":{"@id":"http:\/\/www.bursaprofil.tr\/#website"},"primaryImageOfPage":{"@id":"http:\/\/www.bursaprofil.tr\/?product=bursa-boyali-boyasiz-profil-satisi#primaryimage"},"image":{"@id":"http:\/\/www.bursaprofil.tr\/?product=bursa-boyali-boyasiz-profil-satisi#primaryimage"},"thumbnailUrl":"http:\/\/www.bursaprofil.tr\/wp-content\/uploads\/2021\/08\/kare-kutu-profil-agirlik-tablosu.jpg","datePublished":"2025-05-30T20:11:12+00:00","dateModified":"2025-05-30T20:13:12+00:00","breadcrumb":{"@id":"http:\/\/www.bursaprofil.tr\/?product=bursa-boyali-boyasiz-profil-satisi#breadcrumb"},"inLanguage":"tr","potentialAction":[{"@type":"ReadAction","target":["http:\/\/www.bursaprofil.tr\/?product=bursa-boyali-boyasiz-profil-satisi"]}]},{"@type":"ImageObject","inLanguage":"tr","@id":"http:\/\/www.bursaprofil.tr\/?product=bursa-boyali-boyasiz-profil-satisi#primaryimage","url":"http:\/\/www.bursaprofil.tr\/wp-content\/uploads\/2021\/08\/kare-kutu-profil-agirlik-tablosu.jpg","contentUrl":"http:\/\/www.bursaprofil.tr\/wp-content\/uploads\/2021\/08\/kare-kutu-profil-agirlik-tablosu.jpg","width":500,"height":359},{"@type":"BreadcrumbList","@id":"http:\/\/www.bursaprofil.tr\/?product=bursa-boyali-boyasiz-profil-satisi#breadcrumb","itemListElement":[{"@type":"ListItem","position":1,"name":"Home","item":"http:\/\/www.bursaprofil.tr\/"},{"@type":"ListItem","position":2,"name":"BURSAPROF\u0130L\u00ae Online Ma\u011faza","item":"http:\/\/www.bursaprofil.tr\/?page_id=47"},{"@type":"ListItem","position":3,"name":"BURSA \/ BOYALI &#8211; BOYASIZ PROF\u0130L SATI\u015eI"}]},{"@type":"WebSite","@id":"http:\/\/www.bursaprofil.tr\/#website","url":"http:\/\/www.bursaprofil.tr\/","name":"BURSA PROF\u0130L","description":"TOPTAN VE PERAKENDE PROF\u0130L SATI\u015eI","publisher":{"@id":"http:\/\/www.bursaprofil.tr\/#organization"},"potentialAction":[{"@type":"SearchAction","target":{"@type":"EntryPoint","urlTemplate":"http:\/\/www.bursaprofil.tr\/?s={search_term_string}"},"query-input":{"@type":"PropertyValueSpecification","valueRequired":true,"valueName":"search_term_string"}}],"inLanguage":"tr"},{"@type":"Organization","@id":"http:\/\/www.bursaprofil.tr\/#organization","name":"BURSA PROF\u0130L","url":"http:\/\/www.bursaprofil.tr\/","logo":{"@type":"ImageObject","inLanguage":"tr","@id":"http:\/\/www.bursaprofil.tr\/#\/schema\/logo\/image\/","url":"http:\/\/www.bursaprofil.tr\/wp-content\/uploads\/2024\/10\/dikdortgen-kutu-profil-agirlik-tablosu.jpg","contentUrl":"http:\/\/www.bursaprofil.tr\/wp-content\/uploads\/2024\/10\/dikdortgen-kutu-profil-agirlik-tablosu.jpg","width":500,"height":331,"caption":"BURSA PROF\u0130L"},"image":{"@id":"http:\/\/www.bursaprofil.tr\/#\/schema\/logo\/image\/"}}]}},"_links":{"self":[{"href":"http:\/\/www.bursaprofil.tr\/index.php?rest_route=\/wp\/v2\/product\/16048","targetHints":{"allow":["GET"]}}],"collection":[{"href":"http:\/\/www.bursaprofil.tr\/index.php?rest_route=\/wp\/v2\/product"}],"about":[{"href":"http:\/\/www.bursaprofil.tr\/index.php?rest_route=\/wp\/v2\/types\/product"}],"version-history":[{"count":1,"href":"http:\/\/www.bursaprofil.tr\/index.php?rest_route=\/wp\/v2\/product\/16048\/revisions"}],"predecessor-version":[{"id":16049,"href":"http:\/\/www.bursaprofil.tr\/index.php?rest_route=\/wp\/v2\/product\/16048\/revisions\/16049"}],"wp:featuredmedia":[{"embeddable":true,"href":"http:\/\/www.bursaprofil.tr\/index.php?rest_route=\/wp\/v2\/media\/15587"}],"wp:attachment":[{"href":"http:\/\/www.bursaprofil.tr\/index.php?rest_route=%2Fwp%2Fv2%2Fmedia&parent=16048"}],"wp:term":[{"taxonomy":"product_cat","embeddable":true,"href":"http:\/\/www.bursaprofil.tr\/index.php?rest_route=%2Fwp%2Fv2%2Fproduct_cat&post=16048"},{"taxonomy":"product_tag","embeddable":true,"href":"http:\/\/www.bursaprofil.tr\/index.php?rest_route=%2Fwp%2Fv2%2Fproduct_tag&post=16048"}],"curies":[{"name":"wp","href":"https:\/\/api.w.org\/{rel}","templated":true}]}}