{"id":16040,"date":"2025-02-03T20:28:53","date_gmt":"2025-02-03T20:28:53","guid":{"rendered":"http:\/\/www.bursaprofil.tr\/?post_type=product&#038;p=16040"},"modified":"2025-02-03T20:34:27","modified_gmt":"2025-02-03T20:34:27","slug":"mineral-yun-levha-bursa","status":"publish","type":"product","link":"http:\/\/www.bursaprofil.tr\/?product=mineral-yun-levha-bursa","title":{"rendered":"M\u0130NERAL Y\u00dcN LEVHA &#8211; BURSA"},"content":{"rendered":"<h1 class=\"fs32 fcDark mb-3\">Mineral Y\u00fcn Ara B\u00f6lme Levhas\u0131<\/h1>\n<p>Kullan\u0131m\u0131 kolay usta dostu \u201cMineral Y\u00fcn Ara B\u00f6lme Levhas\u0131\u201d \u0130zocam\u2019dan! E\u015fsiz \u00f6zellikleri ile \u0131s\u0131, ses yal\u0131t\u0131m\u0131 ve yang\u0131n g\u00fcvenli\u011fi sa\u011flayan \u201c\u0130zocam Mineral Ara B\u00f6lme Levhas\u0131\u201d usta dostu \u00f6zellikleri ile de \u00f6n planda!<\/p>\n<p>Esnekli\u011fi ve yumu\u015fakl\u0131\u011f\u0131yla rahat uygulanabilen\u00a0 \u0130zocam Mineral Ara B\u00f6lme Levhas\u0131 toz yapmayan yap\u0131s\u0131 ve kolay kesimi sayesinde konforlu \u00e7al\u0131\u015fma ortamlar\u0131 yarat\u0131yor. Ta\u015f\u0131ma sapl\u0131 ambalaj\u0131 ve hafifli\u011fi sayesinde kolay ta\u015f\u0131nan levhalar kendi ba\u015f\u0131na ayakta durabiliyor ve uygulama esnas\u0131nda sarkm\u0131yor. \u0130lave malzeme ve i\u015f\u00e7ilik gerektirmeyen \u00f6zellikleriyle ustan\u0131n becerisine h\u0131z katan \u0130zocam Ara B\u00f6lme Levhas\u0131\u2019yla zamandan tasarruf edilirken <a href=\"http:\/\/www.bursatel.tr\/\">uygulama<\/a> kalitesinin s\u00fcreklili\u011fi de sa\u011flan\u0131yor.<\/p>\n","protected":false},"excerpt":{"rendered":"<p>E\u015fsiz \u00f6zellikleri ile \u0131s\u0131, ses yal\u0131t\u0131m\u0131 ve yang\u0131n g\u00fcvenli\u011fi sa\u011flayan \u201c\u0130zocam Mineral Ara B\u00f6lme Levhas\u0131\u201d usta dostu \u00f6zellikleri ile de \u00f6n planda!<\/p>\n","protected":false},"featured_media":16043,"template":"","meta":[],"product_cat":[53],"product_tag":[366,356,368,363,358,355,357,360,361,364,367,369,359,362,365],"class_list":{"0":"post-16040","1":"product","2":"type-product","3":"status-publish","4":"has-post-thumbnail","6":"product_cat-izolasyonmalzemeleri","7":"product_tag-bursa-izolasyon-malzemeleri","8":"product_tag-bursa-mineral-yun-levha","9":"product_tag-bursa-mineral-yun-levha-bayi","10":"product_tag-bursa-yalitim-urunleri","11":"product_tag-isi-yalitim-levhasi-bursa","12":"product_tag-mineral-yun-levha-bursa","13":"product_tag-mineral-yun-levha-fiyatlari-bursa","14":"product_tag-mineral-yun-levha-satisi-bursa","15":"product_tag-mineral-yun-levha-tedarikcisi-bursa","16":"product_tag-mineral-yun-levha-toptan-bursa","17":"product_tag-mineral-yun-levha-uygulama-bursa","18":"product_tag-sandvic-panel-icin-mineral-yun-bursa","19":"product_tag-ses-yalitim-levhasi-bursa","20":"product_tag-yalitim-malzemeleri-bursa","21":"product_tag-yangin-dayanimli-levha-bursa","23":"first","24":"instock","25":"shipping-taxable","26":"product-type-simple"},"yoast_head":"<!-- This site is optimized with the Yoast SEO plugin v25.9 - https:\/\/yoast.com\/wordpress\/plugins\/seo\/ -->\n<title>M\u0130NERAL Y\u00dcN LEVHA - BURSA - BURSA PROF\u0130L<\/title>\n<meta name=\"robots\" content=\"index, follow, max-snippet:-1, max-image-preview:large, max-video-preview:-1\" \/>\n<link rel=\"canonical\" href=\"http:\/\/www.bursaprofil.tr\/?product=mineral-yun-levha-bursa\" \/>\n<meta property=\"og:locale\" content=\"tr_TR\" \/>\n<meta property=\"og:type\" content=\"article\" \/>\n<meta property=\"og:title\" content=\"M\u0130NERAL Y\u00dcN LEVHA - BURSA - BURSA PROF\u0130L\" \/>\n<meta property=\"og:description\" content=\"E\u015fsiz \u00f6zellikleri ile \u0131s\u0131, ses yal\u0131t\u0131m\u0131 ve yang\u0131n g\u00fcvenli\u011fi sa\u011flayan \u201c\u0130zocam Mineral Ara B\u00f6lme Levhas\u0131\u201d usta dostu \u00f6zellikleri ile de \u00f6n planda!\" \/>\n<meta property=\"og:url\" content=\"http:\/\/www.bursaprofil.tr\/?product=mineral-yun-levha-bursa\" \/>\n<meta property=\"og:site_name\" content=\"BURSA PROF\u0130L\" \/>\n<meta property=\"article:modified_time\" content=\"2025-02-03T20:34:27+00:00\" \/>\n<meta property=\"og:image\" content=\"http:\/\/www.bursaprofil.tr\/wp-content\/uploads\/2025\/02\/Ekran-Alintisi.png\" \/>\n\t<meta property=\"og:image:width\" content=\"580\" \/>\n\t<meta property=\"og:image:height\" content=\"398\" \/>\n\t<meta property=\"og:image:type\" content=\"image\/png\" \/>\n<meta name=\"twitter:card\" content=\"summary_large_image\" \/>\n<meta name=\"twitter:label1\" content=\"Tahmini okuma s\u00fcresi\" \/>\n\t<meta name=\"twitter:data1\" content=\"1 dakika\" \/>\n<script type=\"application\/ld+json\" class=\"yoast-schema-graph\">{\"@context\":\"https:\/\/schema.org\",\"@graph\":[{\"@type\":\"WebPage\",\"@id\":\"http:\/\/www.bursaprofil.tr\/?product=mineral-yun-levha-bursa\",\"url\":\"http:\/\/www.bursaprofil.tr\/?product=mineral-yun-levha-bursa\",\"name\":\"M\u0130NERAL Y\u00dcN LEVHA - BURSA - BURSA PROF\u0130L\",\"isPartOf\":{\"@id\":\"http:\/\/www.bursaprofil.tr\/#website\"},\"primaryImageOfPage\":{\"@id\":\"http:\/\/www.bursaprofil.tr\/?product=mineral-yun-levha-bursa#primaryimage\"},\"image\":{\"@id\":\"http:\/\/www.bursaprofil.tr\/?product=mineral-yun-levha-bursa#primaryimage\"},\"thumbnailUrl\":\"http:\/\/www.bursaprofil.tr\/wp-content\/uploads\/2025\/02\/Ekran-Alintisi.png\",\"datePublished\":\"2025-02-03T20:28:53+00:00\",\"dateModified\":\"2025-02-03T20:34:27+00:00\",\"breadcrumb\":{\"@id\":\"http:\/\/www.bursaprofil.tr\/?product=mineral-yun-levha-bursa#breadcrumb\"},\"inLanguage\":\"tr\",\"potentialAction\":[{\"@type\":\"ReadAction\",\"target\":[\"http:\/\/www.bursaprofil.tr\/?product=mineral-yun-levha-bursa\"]}]},{\"@type\":\"ImageObject\",\"inLanguage\":\"tr\",\"@id\":\"http:\/\/www.bursaprofil.tr\/?product=mineral-yun-levha-bursa#primaryimage\",\"url\":\"http:\/\/www.bursaprofil.tr\/wp-content\/uploads\/2025\/02\/Ekran-Alintisi.png\",\"contentUrl\":\"http:\/\/www.bursaprofil.tr\/wp-content\/uploads\/2025\/02\/Ekran-Alintisi.png\",\"width\":580,\"height\":398},{\"@type\":\"BreadcrumbList\",\"@id\":\"http:\/\/www.bursaprofil.tr\/?product=mineral-yun-levha-bursa#breadcrumb\",\"itemListElement\":[{\"@type\":\"ListItem\",\"position\":1,\"name\":\"Home\",\"item\":\"http:\/\/www.bursaprofil.tr\/\"},{\"@type\":\"ListItem\",\"position\":2,\"name\":\"BURSAPROF\u0130L\u00ae Online Ma\u011faza\",\"item\":\"http:\/\/www.bursaprofil.tr\/?page_id=47\"},{\"@type\":\"ListItem\",\"position\":3,\"name\":\"M\u0130NERAL Y\u00dcN LEVHA &#8211; BURSA\"}]},{\"@type\":\"WebSite\",\"@id\":\"http:\/\/www.bursaprofil.tr\/#website\",\"url\":\"http:\/\/www.bursaprofil.tr\/\",\"name\":\"BURSA PROF\u0130L\",\"description\":\"TOPTAN VE PERAKENDE PROF\u0130L SATI\u015eI\",\"publisher\":{\"@id\":\"http:\/\/www.bursaprofil.tr\/#organization\"},\"potentialAction\":[{\"@type\":\"SearchAction\",\"target\":{\"@type\":\"EntryPoint\",\"urlTemplate\":\"http:\/\/www.bursaprofil.tr\/?s={search_term_string}\"},\"query-input\":{\"@type\":\"PropertyValueSpecification\",\"valueRequired\":true,\"valueName\":\"search_term_string\"}}],\"inLanguage\":\"tr\"},{\"@type\":\"Organization\",\"@id\":\"http:\/\/www.bursaprofil.tr\/#organization\",\"name\":\"BURSA PROF\u0130L\",\"url\":\"http:\/\/www.bursaprofil.tr\/\",\"logo\":{\"@type\":\"ImageObject\",\"inLanguage\":\"tr\",\"@id\":\"http:\/\/www.bursaprofil.tr\/#\/schema\/logo\/image\/\",\"url\":\"http:\/\/www.bursaprofil.tr\/wp-content\/uploads\/2024\/10\/dikdortgen-kutu-profil-agirlik-tablosu.jpg\",\"contentUrl\":\"http:\/\/www.bursaprofil.tr\/wp-content\/uploads\/2024\/10\/dikdortgen-kutu-profil-agirlik-tablosu.jpg\",\"width\":500,\"height\":331,\"caption\":\"BURSA PROF\u0130L\"},\"image\":{\"@id\":\"http:\/\/www.bursaprofil.tr\/#\/schema\/logo\/image\/\"}}]}<\/script>\n<!-- \/ Yoast SEO plugin. -->","yoast_head_json":{"title":"M\u0130NERAL Y\u00dcN LEVHA - BURSA - BURSA PROF\u0130L","robots":{"index":"index","follow":"follow","max-snippet":"max-snippet:-1","max-image-preview":"max-image-preview:large","max-video-preview":"max-video-preview:-1"},"canonical":"http:\/\/www.bursaprofil.tr\/?product=mineral-yun-levha-bursa","og_locale":"tr_TR","og_type":"article","og_title":"M\u0130NERAL Y\u00dcN LEVHA - BURSA - BURSA PROF\u0130L","og_description":"E\u015fsiz \u00f6zellikleri ile \u0131s\u0131, ses yal\u0131t\u0131m\u0131 ve yang\u0131n g\u00fcvenli\u011fi sa\u011flayan \u201c\u0130zocam Mineral Ara B\u00f6lme Levhas\u0131\u201d usta dostu \u00f6zellikleri ile de \u00f6n planda!","og_url":"http:\/\/www.bursaprofil.tr\/?product=mineral-yun-levha-bursa","og_site_name":"BURSA PROF\u0130L","article_modified_time":"2025-02-03T20:34:27+00:00","og_image":[{"width":580,"height":398,"url":"http:\/\/www.bursaprofil.tr\/wp-content\/uploads\/2025\/02\/Ekran-Alintisi.png","type":"image\/png"}],"twitter_card":"summary_large_image","twitter_misc":{"Tahmini okuma s\u00fcresi":"1 dakika"},"schema":{"@context":"https:\/\/schema.org","@graph":[{"@type":"WebPage","@id":"http:\/\/www.bursaprofil.tr\/?product=mineral-yun-levha-bursa","url":"http:\/\/www.bursaprofil.tr\/?product=mineral-yun-levha-bursa","name":"M\u0130NERAL Y\u00dcN LEVHA - BURSA - BURSA PROF\u0130L","isPartOf":{"@id":"http:\/\/www.bursaprofil.tr\/#website"},"primaryImageOfPage":{"@id":"http:\/\/www.bursaprofil.tr\/?product=mineral-yun-levha-bursa#primaryimage"},"image":{"@id":"http:\/\/www.bursaprofil.tr\/?product=mineral-yun-levha-bursa#primaryimage"},"thumbnailUrl":"http:\/\/www.bursaprofil.tr\/wp-content\/uploads\/2025\/02\/Ekran-Alintisi.png","datePublished":"2025-02-03T20:28:53+00:00","dateModified":"2025-02-03T20:34:27+00:00","breadcrumb":{"@id":"http:\/\/www.bursaprofil.tr\/?product=mineral-yun-levha-bursa#breadcrumb"},"inLanguage":"tr","potentialAction":[{"@type":"ReadAction","target":["http:\/\/www.bursaprofil.tr\/?product=mineral-yun-levha-bursa"]}]},{"@type":"ImageObject","inLanguage":"tr","@id":"http:\/\/www.bursaprofil.tr\/?product=mineral-yun-levha-bursa#primaryimage","url":"http:\/\/www.bursaprofil.tr\/wp-content\/uploads\/2025\/02\/Ekran-Alintisi.png","contentUrl":"http:\/\/www.bursaprofil.tr\/wp-content\/uploads\/2025\/02\/Ekran-Alintisi.png","width":580,"height":398},{"@type":"BreadcrumbList","@id":"http:\/\/www.bursaprofil.tr\/?product=mineral-yun-levha-bursa#breadcrumb","itemListElement":[{"@type":"ListItem","position":1,"name":"Home","item":"http:\/\/www.bursaprofil.tr\/"},{"@type":"ListItem","position":2,"name":"BURSAPROF\u0130L\u00ae Online Ma\u011faza","item":"http:\/\/www.bursaprofil.tr\/?page_id=47"},{"@type":"ListItem","position":3,"name":"M\u0130NERAL Y\u00dcN LEVHA &#8211; BURSA"}]},{"@type":"WebSite","@id":"http:\/\/www.bursaprofil.tr\/#website","url":"http:\/\/www.bursaprofil.tr\/","name":"BURSA PROF\u0130L","description":"TOPTAN VE PERAKENDE PROF\u0130L SATI\u015eI","publisher":{"@id":"http:\/\/www.bursaprofil.tr\/#organization"},"potentialAction":[{"@type":"SearchAction","target":{"@type":"EntryPoint","urlTemplate":"http:\/\/www.bursaprofil.tr\/?s={search_term_string}"},"query-input":{"@type":"PropertyValueSpecification","valueRequired":true,"valueName":"search_term_string"}}],"inLanguage":"tr"},{"@type":"Organization","@id":"http:\/\/www.bursaprofil.tr\/#organization","name":"BURSA PROF\u0130L","url":"http:\/\/www.bursaprofil.tr\/","logo":{"@type":"ImageObject","inLanguage":"tr","@id":"http:\/\/www.bursaprofil.tr\/#\/schema\/logo\/image\/","url":"http:\/\/www.bursaprofil.tr\/wp-content\/uploads\/2024\/10\/dikdortgen-kutu-profil-agirlik-tablosu.jpg","contentUrl":"http:\/\/www.bursaprofil.tr\/wp-content\/uploads\/2024\/10\/dikdortgen-kutu-profil-agirlik-tablosu.jpg","width":500,"height":331,"caption":"BURSA PROF\u0130L"},"image":{"@id":"http:\/\/www.bursaprofil.tr\/#\/schema\/logo\/image\/"}}]}},"_links":{"self":[{"href":"http:\/\/www.bursaprofil.tr\/index.php?rest_route=\/wp\/v2\/product\/16040","targetHints":{"allow":["GET"]}}],"collection":[{"href":"http:\/\/www.bursaprofil.tr\/index.php?rest_route=\/wp\/v2\/product"}],"about":[{"href":"http:\/\/www.bursaprofil.tr\/index.php?rest_route=\/wp\/v2\/types\/product"}],"version-history":[{"count":3,"href":"http:\/\/www.bursaprofil.tr\/index.php?rest_route=\/wp\/v2\/product\/16040\/revisions"}],"predecessor-version":[{"id":16045,"href":"http:\/\/www.bursaprofil.tr\/index.php?rest_route=\/wp\/v2\/product\/16040\/revisions\/16045"}],"wp:featuredmedia":[{"embeddable":true,"href":"http:\/\/www.bursaprofil.tr\/index.php?rest_route=\/wp\/v2\/media\/16043"}],"wp:attachment":[{"href":"http:\/\/www.bursaprofil.tr\/index.php?rest_route=%2Fwp%2Fv2%2Fmedia&parent=16040"}],"wp:term":[{"taxonomy":"product_cat","embeddable":true,"href":"http:\/\/www.bursaprofil.tr\/index.php?rest_route=%2Fwp%2Fv2%2Fproduct_cat&post=16040"},{"taxonomy":"product_tag","embeddable":true,"href":"http:\/\/www.bursaprofil.tr\/index.php?rest_route=%2Fwp%2Fv2%2Fproduct_tag&post=16040"}],"curies":[{"name":"wp","href":"https:\/\/api.w.org\/{rel}","templated":true}]}}