{"id":15967,"date":"2024-11-23T20:13:14","date_gmt":"2024-11-23T20:13:14","guid":{"rendered":"http:\/\/www.bursaprofil.tr\/?post_type=product&#038;p=15967"},"modified":"2024-11-23T20:13:14","modified_gmt":"2024-11-23T20:13:14","slug":"desenli-betopan-levha","status":"publish","type":"product","link":"http:\/\/www.bursaprofil.tr\/?product=desenli-betopan-levha","title":{"rendered":"DESENL\u0130 BETOPAN LEVHA"},"content":{"rendered":"<figure class=\"wp-block-table\">\n<table class=\"has-fixed-layout\">\n<tbody>\n<tr>\n<th>\u00dcr\u00fcn Grubu<\/th>\n<td><a href=\"https:\/\/www.hekimyapi.com\/hekimboard\/desenli-levha\/\">Desenli Levha<\/a><\/td>\n<\/tr>\n<tr>\n<th>Yanmazl\u0131k S\u0131n\u0131f\u0131<\/th>\n<td>A1<\/td>\n<\/tr>\n<\/tbody>\n<\/table>\n<\/figure>\n<p>Do\u011fal ta\u015f desenli olarak \u00fcretilen levhalar\u0131n mukavemet de\u011feri olduk\u00e7a y\u00fcksek oldu\u011fundan \u00e7arpma ve darbelere kar\u015f\u0131 dayan\u0131kl\u0131d\u0131rlar. Hafif olduklar\u0131 i\u00e7in alternatif ta\u015f malzemelere g\u00f6re ta\u015f\u0131nmalar\u0131 ve uygulamalar\u0131 olduk\u00e7a kolayd\u0131r. \u0130stenilen ebatlarda kesim yap\u0131larak benzer ta\u015f \u00f6l\u00e7\u00fclerine getirilebilirler ve her t\u00fcrl\u00fc su bazl\u0131 d\u0131\u015f cephe boyas\u0131 ile boyanabilirler.<\/p>\n<p><strong>Uygulama Alanlar\u0131<\/strong>:<\/p>\n<p><a href=\"https:\/\/www.hekimyapi.com\/cephe-kaplama\/\">CEPHE KAPLAMA<\/a><\/p>\n<p><a href=\"https:\/\/www.hekimyapi.com\/dis-cephe-kaplama\/\">DI\u015e CEPHE KAPLAMA<\/a><\/p>\n<p><a href=\"https:\/\/www.hekimyapi.com\/fibercement-kaplama\/\">F\u0130BERCEMENT KAPLAMA<\/a><\/p>\n<p><a href=\"https:\/\/www.hekimyapi.com\/yapi-kaplama\/\">YAPI KAPLAMA<\/a><\/p>\n<figure class=\"wp-block-table\">\n<table class=\"has-fixed-layout\">\n<thead>\n<tr>\n<th>TEKN\u0130K DETAYLAR<\/th>\n<th>BOYUTLAR (MM X MM)<\/th>\n<th>KALINLIK (MM)<\/th>\n<th>LEVHA ALANI (M<sup>2<\/sup>)<\/th>\n<th>PALETTEK\u0130 LEVHA ADED\u0130<\/th>\n<th><\/th>\n<\/tr>\n<\/thead>\n<tbody>\n<tr>\n<td rowspan=\"2\"><\/td>\n<td rowspan=\"2\">1250 x 2500<\/td>\n<td>10<\/td>\n<td>3,125<\/td>\n<td>60<\/td>\n<td><\/td>\n<\/tr>\n<tr>\n<td>12<\/td>\n<td>3,125<\/td>\n<td>50<\/td>\n<td><\/td>\n<\/tr>\n<\/tbody>\n<\/table>\n<\/figure>\n<h4 class=\"wp-block-heading\">Kullan\u0131m Avantajlar\u0131<\/h4>\n<hr class=\"wp-block-separator has-alpha-channel-opacity\" \/>\n<ul class=\"wp-block-list\">\n<li>G\u00f6r\u00fcn\u00fcm\u00fc ve yap\u0131sal \u00f6zellikleriyle yap\u0131larda farkl\u0131 mimari ve yap\u0131sal \u00e7\u00f6z\u00fcmler sunar.<\/li>\n<li>Binalar\u0131n enerji verimlili\u011fine katk\u0131 sa\u011flar.<\/li>\n<li>Havaland\u0131rmal\u0131 giydirme cephe sistemi prensibinde mekanik montajla uygulan\u0131r.<\/li>\n<li>\u0130\u00e7 mekanlarda dekoratif ama\u00e7l\u0131 kullan\u0131labilir.<\/li>\n<li>\u00c7e\u015fitli yap\u0131 projelerinde \u201d Konut, villa, kamu binalar\u0131, end\u00fcstriyel yap\u0131lar, prefabrik yap\u0131lar\u2026\u201d kullan\u0131labilir.<\/li>\n<li>Hafif ve uzun \u00f6m\u00fcrl\u00fc olmas\u0131 nedeniyle renevasyon projelerinde rahatl\u0131kla\u00a0 kullan\u0131labilir.<\/li>\n<li>\u0130\u00e7 \/ d\u0131\u015f mekan tasar\u0131mlar\u0131nda do\u011fal gri g\u00f6r\u00fcn\u00fcm\u00fcyle modern \u00e7imento g\u00f6r\u00fcn\u00fcml\u00fc biti\u015fler sa\u011flar.<\/li>\n<li>Kolay montaj ve yenileme.<\/li>\n<\/ul>\n","protected":false},"excerpt":{"rendered":"<p>Do\u011fal ta\u015f desenli olarak \u00fcretilen levhalar<\/p>\n","protected":false},"featured_media":15962,"template":"","meta":[],"product_cat":[53],"product_tag":[112,235,234,233],"class_list":{"0":"post-15967","1":"product","2":"type-product","3":"status-publish","4":"has-post-thumbnail","6":"product_cat-izolasyonmalzemeleri","7":"product_tag-betopan-cesitleri","8":"product_tag-bursa-betopan-cesitleri","9":"product_tag-bursa-desenli-betopan","10":"product_tag-desenli-betopan-levha","12":"first","13":"instock","14":"shipping-taxable","15":"product-type-simple"},"yoast_head":"<!-- This site is optimized with the Yoast SEO plugin v25.9 - https:\/\/yoast.com\/wordpress\/plugins\/seo\/ -->\n<title>DESENL\u0130 BETOPAN LEVHA - BURSA PROF\u0130L<\/title>\n<meta name=\"robots\" content=\"index, follow, max-snippet:-1, max-image-preview:large, max-video-preview:-1\" \/>\n<link rel=\"canonical\" href=\"http:\/\/www.bursaprofil.tr\/?product=desenli-betopan-levha\" \/>\n<meta property=\"og:locale\" content=\"tr_TR\" \/>\n<meta property=\"og:type\" content=\"article\" \/>\n<meta property=\"og:title\" content=\"DESENL\u0130 BETOPAN LEVHA - BURSA PROF\u0130L\" \/>\n<meta property=\"og:description\" content=\"Do\u011fal ta\u015f desenli olarak \u00fcretilen levhalar\" \/>\n<meta property=\"og:url\" content=\"http:\/\/www.bursaprofil.tr\/?product=desenli-betopan-levha\" \/>\n<meta property=\"og:site_name\" content=\"BURSA PROF\u0130L\" \/>\n<meta property=\"og:image\" content=\"http:\/\/www.bursaprofil.tr\/wp-content\/uploads\/2024\/11\/ceviz-agaci-desenli-fibercement-levha.png\" \/>\n\t<meta property=\"og:image:width\" content=\"1080\" \/>\n\t<meta property=\"og:image:height\" content=\"1080\" \/>\n\t<meta property=\"og:image:type\" content=\"image\/png\" \/>\n<meta name=\"twitter:card\" content=\"summary_large_image\" \/>\n<meta name=\"twitter:label1\" content=\"Tahmini okuma s\u00fcresi\" \/>\n\t<meta name=\"twitter:data1\" content=\"1 dakika\" \/>\n<script type=\"application\/ld+json\" class=\"yoast-schema-graph\">{\"@context\":\"https:\/\/schema.org\",\"@graph\":[{\"@type\":\"WebPage\",\"@id\":\"http:\/\/www.bursaprofil.tr\/?product=desenli-betopan-levha\",\"url\":\"http:\/\/www.bursaprofil.tr\/?product=desenli-betopan-levha\",\"name\":\"DESENL\u0130 BETOPAN LEVHA - BURSA PROF\u0130L\",\"isPartOf\":{\"@id\":\"http:\/\/www.bursaprofil.tr\/#website\"},\"primaryImageOfPage\":{\"@id\":\"http:\/\/www.bursaprofil.tr\/?product=desenli-betopan-levha#primaryimage\"},\"image\":{\"@id\":\"http:\/\/www.bursaprofil.tr\/?product=desenli-betopan-levha#primaryimage\"},\"thumbnailUrl\":\"http:\/\/www.bursaprofil.tr\/wp-content\/uploads\/2024\/11\/ceviz-agaci-desenli-fibercement-levha.png\",\"datePublished\":\"2024-11-23T20:13:14+00:00\",\"breadcrumb\":{\"@id\":\"http:\/\/www.bursaprofil.tr\/?product=desenli-betopan-levha#breadcrumb\"},\"inLanguage\":\"tr\",\"potentialAction\":[{\"@type\":\"ReadAction\",\"target\":[\"http:\/\/www.bursaprofil.tr\/?product=desenli-betopan-levha\"]}]},{\"@type\":\"ImageObject\",\"inLanguage\":\"tr\",\"@id\":\"http:\/\/www.bursaprofil.tr\/?product=desenli-betopan-levha#primaryimage\",\"url\":\"http:\/\/www.bursaprofil.tr\/wp-content\/uploads\/2024\/11\/ceviz-agaci-desenli-fibercement-levha.png\",\"contentUrl\":\"http:\/\/www.bursaprofil.tr\/wp-content\/uploads\/2024\/11\/ceviz-agaci-desenli-fibercement-levha.png\",\"width\":1080,\"height\":1080},{\"@type\":\"BreadcrumbList\",\"@id\":\"http:\/\/www.bursaprofil.tr\/?product=desenli-betopan-levha#breadcrumb\",\"itemListElement\":[{\"@type\":\"ListItem\",\"position\":1,\"name\":\"Home\",\"item\":\"http:\/\/www.bursaprofil.tr\/\"},{\"@type\":\"ListItem\",\"position\":2,\"name\":\"BURSAPROF\u0130L\u00ae Online Ma\u011faza\",\"item\":\"http:\/\/www.bursaprofil.tr\/?page_id=47\"},{\"@type\":\"ListItem\",\"position\":3,\"name\":\"DESENL\u0130 BETOPAN LEVHA\"}]},{\"@type\":\"WebSite\",\"@id\":\"http:\/\/www.bursaprofil.tr\/#website\",\"url\":\"http:\/\/www.bursaprofil.tr\/\",\"name\":\"BURSA PROF\u0130L\",\"description\":\"TOPTAN VE PERAKENDE PROF\u0130L SATI\u015eI\",\"publisher\":{\"@id\":\"http:\/\/www.bursaprofil.tr\/#organization\"},\"potentialAction\":[{\"@type\":\"SearchAction\",\"target\":{\"@type\":\"EntryPoint\",\"urlTemplate\":\"http:\/\/www.bursaprofil.tr\/?s={search_term_string}\"},\"query-input\":{\"@type\":\"PropertyValueSpecification\",\"valueRequired\":true,\"valueName\":\"search_term_string\"}}],\"inLanguage\":\"tr\"},{\"@type\":\"Organization\",\"@id\":\"http:\/\/www.bursaprofil.tr\/#organization\",\"name\":\"BURSA PROF\u0130L\",\"url\":\"http:\/\/www.bursaprofil.tr\/\",\"logo\":{\"@type\":\"ImageObject\",\"inLanguage\":\"tr\",\"@id\":\"http:\/\/www.bursaprofil.tr\/#\/schema\/logo\/image\/\",\"url\":\"http:\/\/www.bursaprofil.tr\/wp-content\/uploads\/2024\/10\/dikdortgen-kutu-profil-agirlik-tablosu.jpg\",\"contentUrl\":\"http:\/\/www.bursaprofil.tr\/wp-content\/uploads\/2024\/10\/dikdortgen-kutu-profil-agirlik-tablosu.jpg\",\"width\":500,\"height\":331,\"caption\":\"BURSA PROF\u0130L\"},\"image\":{\"@id\":\"http:\/\/www.bursaprofil.tr\/#\/schema\/logo\/image\/\"}}]}<\/script>\n<!-- \/ Yoast SEO plugin. -->","yoast_head_json":{"title":"DESENL\u0130 BETOPAN LEVHA - BURSA PROF\u0130L","robots":{"index":"index","follow":"follow","max-snippet":"max-snippet:-1","max-image-preview":"max-image-preview:large","max-video-preview":"max-video-preview:-1"},"canonical":"http:\/\/www.bursaprofil.tr\/?product=desenli-betopan-levha","og_locale":"tr_TR","og_type":"article","og_title":"DESENL\u0130 BETOPAN LEVHA - BURSA PROF\u0130L","og_description":"Do\u011fal ta\u015f desenli olarak \u00fcretilen levhalar","og_url":"http:\/\/www.bursaprofil.tr\/?product=desenli-betopan-levha","og_site_name":"BURSA PROF\u0130L","og_image":[{"width":1080,"height":1080,"url":"http:\/\/www.bursaprofil.tr\/wp-content\/uploads\/2024\/11\/ceviz-agaci-desenli-fibercement-levha.png","type":"image\/png"}],"twitter_card":"summary_large_image","twitter_misc":{"Tahmini okuma s\u00fcresi":"1 dakika"},"schema":{"@context":"https:\/\/schema.org","@graph":[{"@type":"WebPage","@id":"http:\/\/www.bursaprofil.tr\/?product=desenli-betopan-levha","url":"http:\/\/www.bursaprofil.tr\/?product=desenli-betopan-levha","name":"DESENL\u0130 BETOPAN LEVHA - BURSA PROF\u0130L","isPartOf":{"@id":"http:\/\/www.bursaprofil.tr\/#website"},"primaryImageOfPage":{"@id":"http:\/\/www.bursaprofil.tr\/?product=desenli-betopan-levha#primaryimage"},"image":{"@id":"http:\/\/www.bursaprofil.tr\/?product=desenli-betopan-levha#primaryimage"},"thumbnailUrl":"http:\/\/www.bursaprofil.tr\/wp-content\/uploads\/2024\/11\/ceviz-agaci-desenli-fibercement-levha.png","datePublished":"2024-11-23T20:13:14+00:00","breadcrumb":{"@id":"http:\/\/www.bursaprofil.tr\/?product=desenli-betopan-levha#breadcrumb"},"inLanguage":"tr","potentialAction":[{"@type":"ReadAction","target":["http:\/\/www.bursaprofil.tr\/?product=desenli-betopan-levha"]}]},{"@type":"ImageObject","inLanguage":"tr","@id":"http:\/\/www.bursaprofil.tr\/?product=desenli-betopan-levha#primaryimage","url":"http:\/\/www.bursaprofil.tr\/wp-content\/uploads\/2024\/11\/ceviz-agaci-desenli-fibercement-levha.png","contentUrl":"http:\/\/www.bursaprofil.tr\/wp-content\/uploads\/2024\/11\/ceviz-agaci-desenli-fibercement-levha.png","width":1080,"height":1080},{"@type":"BreadcrumbList","@id":"http:\/\/www.bursaprofil.tr\/?product=desenli-betopan-levha#breadcrumb","itemListElement":[{"@type":"ListItem","position":1,"name":"Home","item":"http:\/\/www.bursaprofil.tr\/"},{"@type":"ListItem","position":2,"name":"BURSAPROF\u0130L\u00ae Online Ma\u011faza","item":"http:\/\/www.bursaprofil.tr\/?page_id=47"},{"@type":"ListItem","position":3,"name":"DESENL\u0130 BETOPAN LEVHA"}]},{"@type":"WebSite","@id":"http:\/\/www.bursaprofil.tr\/#website","url":"http:\/\/www.bursaprofil.tr\/","name":"BURSA PROF\u0130L","description":"TOPTAN VE PERAKENDE PROF\u0130L SATI\u015eI","publisher":{"@id":"http:\/\/www.bursaprofil.tr\/#organization"},"potentialAction":[{"@type":"SearchAction","target":{"@type":"EntryPoint","urlTemplate":"http:\/\/www.bursaprofil.tr\/?s={search_term_string}"},"query-input":{"@type":"PropertyValueSpecification","valueRequired":true,"valueName":"search_term_string"}}],"inLanguage":"tr"},{"@type":"Organization","@id":"http:\/\/www.bursaprofil.tr\/#organization","name":"BURSA PROF\u0130L","url":"http:\/\/www.bursaprofil.tr\/","logo":{"@type":"ImageObject","inLanguage":"tr","@id":"http:\/\/www.bursaprofil.tr\/#\/schema\/logo\/image\/","url":"http:\/\/www.bursaprofil.tr\/wp-content\/uploads\/2024\/10\/dikdortgen-kutu-profil-agirlik-tablosu.jpg","contentUrl":"http:\/\/www.bursaprofil.tr\/wp-content\/uploads\/2024\/10\/dikdortgen-kutu-profil-agirlik-tablosu.jpg","width":500,"height":331,"caption":"BURSA PROF\u0130L"},"image":{"@id":"http:\/\/www.bursaprofil.tr\/#\/schema\/logo\/image\/"}}]}},"_links":{"self":[{"href":"http:\/\/www.bursaprofil.tr\/index.php?rest_route=\/wp\/v2\/product\/15967","targetHints":{"allow":["GET"]}}],"collection":[{"href":"http:\/\/www.bursaprofil.tr\/index.php?rest_route=\/wp\/v2\/product"}],"about":[{"href":"http:\/\/www.bursaprofil.tr\/index.php?rest_route=\/wp\/v2\/types\/product"}],"version-history":[{"count":1,"href":"http:\/\/www.bursaprofil.tr\/index.php?rest_route=\/wp\/v2\/product\/15967\/revisions"}],"predecessor-version":[{"id":15968,"href":"http:\/\/www.bursaprofil.tr\/index.php?rest_route=\/wp\/v2\/product\/15967\/revisions\/15968"}],"wp:featuredmedia":[{"embeddable":true,"href":"http:\/\/www.bursaprofil.tr\/index.php?rest_route=\/wp\/v2\/media\/15962"}],"wp:attachment":[{"href":"http:\/\/www.bursaprofil.tr\/index.php?rest_route=%2Fwp%2Fv2%2Fmedia&parent=15967"}],"wp:term":[{"taxonomy":"product_cat","embeddable":true,"href":"http:\/\/www.bursaprofil.tr\/index.php?rest_route=%2Fwp%2Fv2%2Fproduct_cat&post=15967"},{"taxonomy":"product_tag","embeddable":true,"href":"http:\/\/www.bursaprofil.tr\/index.php?rest_route=%2Fwp%2Fv2%2Fproduct_tag&post=15967"}],"curies":[{"name":"wp","href":"https:\/\/api.w.org\/{rel}","templated":true}]}}