{"id":15802,"date":"2024-11-06T11:27:19","date_gmt":"2024-11-06T11:27:19","guid":{"rendered":"http:\/\/www.bursaprofil.tr\/?post_type=product&#038;p=15802"},"modified":"2024-11-18T18:36:55","modified_gmt":"2024-11-18T18:36:55","slug":"cam-yunu-satisi","status":"publish","type":"product","link":"http:\/\/www.bursaprofil.tr\/?product=cam-yunu-satisi","title":{"rendered":"CAM Y\u00dcN\u00dc SATI\u015eI"},"content":{"rendered":"<p>FARKLI MARKALAR<br \/>\nFARKLI KALINLIKLAR<br \/>\nFARKLI YO\u011eUNLUKLAR<\/p>\n","protected":false},"excerpt":{"rendered":"<p>FARKLI MARKALAR<br \/>\nFARKLI KALINLIKLAR<br \/>\nFARKLI YO\u011eUNLUKLAR<\/p>\n","protected":false},"featured_media":15798,"template":"","meta":[],"product_cat":[42],"product_tag":[191,190,195,192,194,193],"class_list":{"0":"post-15802","1":"product","2":"type-product","3":"status-publish","4":"has-post-thumbnail","6":"product_cat-insaatmalzemeleri","7":"product_tag-bursa-cam-yunu","8":"product_tag-bursa-cam-yunu-satisi","9":"product_tag-bursa-toptan-cam-yunu-satisi","10":"product_tag-bursa-toptan-ve-perakende-cam-satisi","11":"product_tag-cam-yun","12":"product_tag-camyunu-satisi","14":"first","15":"instock","16":"shipping-taxable","17":"product-type-simple"},"yoast_head":"<!-- This site is optimized with the Yoast SEO plugin v25.9 - https:\/\/yoast.com\/wordpress\/plugins\/seo\/ -->\n<title>CAM Y\u00dcN\u00dc SATI\u015eI - BURSA PROF\u0130L<\/title>\n<meta name=\"robots\" content=\"index, follow, max-snippet:-1, max-image-preview:large, max-video-preview:-1\" \/>\n<link rel=\"canonical\" href=\"http:\/\/www.bursaprofil.tr\/?product=cam-yunu-satisi\" \/>\n<meta property=\"og:locale\" content=\"tr_TR\" \/>\n<meta property=\"og:type\" content=\"article\" \/>\n<meta property=\"og:title\" content=\"CAM Y\u00dcN\u00dc SATI\u015eI - BURSA PROF\u0130L\" \/>\n<meta property=\"og:description\" content=\"FARKLI MARKALAR FARKLI KALINLIKLAR FARKLI YO\u011eUNLUKLAR\" \/>\n<meta property=\"og:url\" content=\"http:\/\/www.bursaprofil.tr\/?product=cam-yunu-satisi\" \/>\n<meta property=\"og:site_name\" content=\"BURSA PROF\u0130L\" \/>\n<meta property=\"article:modified_time\" content=\"2024-11-18T18:36:55+00:00\" \/>\n<meta property=\"og:image\" content=\"http:\/\/www.bursaprofil.tr\/wp-content\/uploads\/2024\/11\/tasyunu.png\" \/>\n\t<meta property=\"og:image:width\" content=\"690\" \/>\n\t<meta property=\"og:image:height\" content=\"388\" \/>\n\t<meta property=\"og:image:type\" content=\"image\/png\" \/>\n<meta name=\"twitter:card\" content=\"summary_large_image\" \/>\n<script type=\"application\/ld+json\" class=\"yoast-schema-graph\">{\"@context\":\"https:\/\/schema.org\",\"@graph\":[{\"@type\":\"WebPage\",\"@id\":\"http:\/\/www.bursaprofil.tr\/?product=cam-yunu-satisi\",\"url\":\"http:\/\/www.bursaprofil.tr\/?product=cam-yunu-satisi\",\"name\":\"CAM Y\u00dcN\u00dc SATI\u015eI - BURSA PROF\u0130L\",\"isPartOf\":{\"@id\":\"http:\/\/www.bursaprofil.tr\/#website\"},\"primaryImageOfPage\":{\"@id\":\"http:\/\/www.bursaprofil.tr\/?product=cam-yunu-satisi#primaryimage\"},\"image\":{\"@id\":\"http:\/\/www.bursaprofil.tr\/?product=cam-yunu-satisi#primaryimage\"},\"thumbnailUrl\":\"http:\/\/www.bursaprofil.tr\/wp-content\/uploads\/2024\/11\/tasyunu.png\",\"datePublished\":\"2024-11-06T11:27:19+00:00\",\"dateModified\":\"2024-11-18T18:36:55+00:00\",\"breadcrumb\":{\"@id\":\"http:\/\/www.bursaprofil.tr\/?product=cam-yunu-satisi#breadcrumb\"},\"inLanguage\":\"tr\",\"potentialAction\":[{\"@type\":\"ReadAction\",\"target\":[\"http:\/\/www.bursaprofil.tr\/?product=cam-yunu-satisi\"]}]},{\"@type\":\"ImageObject\",\"inLanguage\":\"tr\",\"@id\":\"http:\/\/www.bursaprofil.tr\/?product=cam-yunu-satisi#primaryimage\",\"url\":\"http:\/\/www.bursaprofil.tr\/wp-content\/uploads\/2024\/11\/tasyunu.png\",\"contentUrl\":\"http:\/\/www.bursaprofil.tr\/wp-content\/uploads\/2024\/11\/tasyunu.png\",\"width\":690,\"height\":388},{\"@type\":\"BreadcrumbList\",\"@id\":\"http:\/\/www.bursaprofil.tr\/?product=cam-yunu-satisi#breadcrumb\",\"itemListElement\":[{\"@type\":\"ListItem\",\"position\":1,\"name\":\"Home\",\"item\":\"http:\/\/www.bursaprofil.tr\/\"},{\"@type\":\"ListItem\",\"position\":2,\"name\":\"BURSAPROF\u0130L\u00ae Online Ma\u011faza\",\"item\":\"http:\/\/www.bursaprofil.tr\/?page_id=47\"},{\"@type\":\"ListItem\",\"position\":3,\"name\":\"CAM Y\u00dcN\u00dc SATI\u015eI\"}]},{\"@type\":\"WebSite\",\"@id\":\"http:\/\/www.bursaprofil.tr\/#website\",\"url\":\"http:\/\/www.bursaprofil.tr\/\",\"name\":\"BURSA PROF\u0130L\",\"description\":\"TOPTAN VE PERAKENDE PROF\u0130L SATI\u015eI\",\"publisher\":{\"@id\":\"http:\/\/www.bursaprofil.tr\/#organization\"},\"potentialAction\":[{\"@type\":\"SearchAction\",\"target\":{\"@type\":\"EntryPoint\",\"urlTemplate\":\"http:\/\/www.bursaprofil.tr\/?s={search_term_string}\"},\"query-input\":{\"@type\":\"PropertyValueSpecification\",\"valueRequired\":true,\"valueName\":\"search_term_string\"}}],\"inLanguage\":\"tr\"},{\"@type\":\"Organization\",\"@id\":\"http:\/\/www.bursaprofil.tr\/#organization\",\"name\":\"BURSA PROF\u0130L\",\"url\":\"http:\/\/www.bursaprofil.tr\/\",\"logo\":{\"@type\":\"ImageObject\",\"inLanguage\":\"tr\",\"@id\":\"http:\/\/www.bursaprofil.tr\/#\/schema\/logo\/image\/\",\"url\":\"http:\/\/www.bursaprofil.tr\/wp-content\/uploads\/2024\/10\/dikdortgen-kutu-profil-agirlik-tablosu.jpg\",\"contentUrl\":\"http:\/\/www.bursaprofil.tr\/wp-content\/uploads\/2024\/10\/dikdortgen-kutu-profil-agirlik-tablosu.jpg\",\"width\":500,\"height\":331,\"caption\":\"BURSA PROF\u0130L\"},\"image\":{\"@id\":\"http:\/\/www.bursaprofil.tr\/#\/schema\/logo\/image\/\"}}]}<\/script>\n<!-- \/ Yoast SEO plugin. -->","yoast_head_json":{"title":"CAM Y\u00dcN\u00dc SATI\u015eI - BURSA PROF\u0130L","robots":{"index":"index","follow":"follow","max-snippet":"max-snippet:-1","max-image-preview":"max-image-preview:large","max-video-preview":"max-video-preview:-1"},"canonical":"http:\/\/www.bursaprofil.tr\/?product=cam-yunu-satisi","og_locale":"tr_TR","og_type":"article","og_title":"CAM Y\u00dcN\u00dc SATI\u015eI - BURSA PROF\u0130L","og_description":"FARKLI MARKALAR FARKLI KALINLIKLAR FARKLI YO\u011eUNLUKLAR","og_url":"http:\/\/www.bursaprofil.tr\/?product=cam-yunu-satisi","og_site_name":"BURSA PROF\u0130L","article_modified_time":"2024-11-18T18:36:55+00:00","og_image":[{"width":690,"height":388,"url":"http:\/\/www.bursaprofil.tr\/wp-content\/uploads\/2024\/11\/tasyunu.png","type":"image\/png"}],"twitter_card":"summary_large_image","schema":{"@context":"https:\/\/schema.org","@graph":[{"@type":"WebPage","@id":"http:\/\/www.bursaprofil.tr\/?product=cam-yunu-satisi","url":"http:\/\/www.bursaprofil.tr\/?product=cam-yunu-satisi","name":"CAM Y\u00dcN\u00dc SATI\u015eI - BURSA PROF\u0130L","isPartOf":{"@id":"http:\/\/www.bursaprofil.tr\/#website"},"primaryImageOfPage":{"@id":"http:\/\/www.bursaprofil.tr\/?product=cam-yunu-satisi#primaryimage"},"image":{"@id":"http:\/\/www.bursaprofil.tr\/?product=cam-yunu-satisi#primaryimage"},"thumbnailUrl":"http:\/\/www.bursaprofil.tr\/wp-content\/uploads\/2024\/11\/tasyunu.png","datePublished":"2024-11-06T11:27:19+00:00","dateModified":"2024-11-18T18:36:55+00:00","breadcrumb":{"@id":"http:\/\/www.bursaprofil.tr\/?product=cam-yunu-satisi#breadcrumb"},"inLanguage":"tr","potentialAction":[{"@type":"ReadAction","target":["http:\/\/www.bursaprofil.tr\/?product=cam-yunu-satisi"]}]},{"@type":"ImageObject","inLanguage":"tr","@id":"http:\/\/www.bursaprofil.tr\/?product=cam-yunu-satisi#primaryimage","url":"http:\/\/www.bursaprofil.tr\/wp-content\/uploads\/2024\/11\/tasyunu.png","contentUrl":"http:\/\/www.bursaprofil.tr\/wp-content\/uploads\/2024\/11\/tasyunu.png","width":690,"height":388},{"@type":"BreadcrumbList","@id":"http:\/\/www.bursaprofil.tr\/?product=cam-yunu-satisi#breadcrumb","itemListElement":[{"@type":"ListItem","position":1,"name":"Home","item":"http:\/\/www.bursaprofil.tr\/"},{"@type":"ListItem","position":2,"name":"BURSAPROF\u0130L\u00ae Online Ma\u011faza","item":"http:\/\/www.bursaprofil.tr\/?page_id=47"},{"@type":"ListItem","position":3,"name":"CAM Y\u00dcN\u00dc SATI\u015eI"}]},{"@type":"WebSite","@id":"http:\/\/www.bursaprofil.tr\/#website","url":"http:\/\/www.bursaprofil.tr\/","name":"BURSA PROF\u0130L","description":"TOPTAN VE PERAKENDE PROF\u0130L SATI\u015eI","publisher":{"@id":"http:\/\/www.bursaprofil.tr\/#organization"},"potentialAction":[{"@type":"SearchAction","target":{"@type":"EntryPoint","urlTemplate":"http:\/\/www.bursaprofil.tr\/?s={search_term_string}"},"query-input":{"@type":"PropertyValueSpecification","valueRequired":true,"valueName":"search_term_string"}}],"inLanguage":"tr"},{"@type":"Organization","@id":"http:\/\/www.bursaprofil.tr\/#organization","name":"BURSA PROF\u0130L","url":"http:\/\/www.bursaprofil.tr\/","logo":{"@type":"ImageObject","inLanguage":"tr","@id":"http:\/\/www.bursaprofil.tr\/#\/schema\/logo\/image\/","url":"http:\/\/www.bursaprofil.tr\/wp-content\/uploads\/2024\/10\/dikdortgen-kutu-profil-agirlik-tablosu.jpg","contentUrl":"http:\/\/www.bursaprofil.tr\/wp-content\/uploads\/2024\/10\/dikdortgen-kutu-profil-agirlik-tablosu.jpg","width":500,"height":331,"caption":"BURSA PROF\u0130L"},"image":{"@id":"http:\/\/www.bursaprofil.tr\/#\/schema\/logo\/image\/"}}]}},"_links":{"self":[{"href":"http:\/\/www.bursaprofil.tr\/index.php?rest_route=\/wp\/v2\/product\/15802","targetHints":{"allow":["GET"]}}],"collection":[{"href":"http:\/\/www.bursaprofil.tr\/index.php?rest_route=\/wp\/v2\/product"}],"about":[{"href":"http:\/\/www.bursaprofil.tr\/index.php?rest_route=\/wp\/v2\/types\/product"}],"version-history":[{"count":1,"href":"http:\/\/www.bursaprofil.tr\/index.php?rest_route=\/wp\/v2\/product\/15802\/revisions"}],"predecessor-version":[{"id":15803,"href":"http:\/\/www.bursaprofil.tr\/index.php?rest_route=\/wp\/v2\/product\/15802\/revisions\/15803"}],"wp:featuredmedia":[{"embeddable":true,"href":"http:\/\/www.bursaprofil.tr\/index.php?rest_route=\/wp\/v2\/media\/15798"}],"wp:attachment":[{"href":"http:\/\/www.bursaprofil.tr\/index.php?rest_route=%2Fwp%2Fv2%2Fmedia&parent=15802"}],"wp:term":[{"taxonomy":"product_cat","embeddable":true,"href":"http:\/\/www.bursaprofil.tr\/index.php?rest_route=%2Fwp%2Fv2%2Fproduct_cat&post=15802"},{"taxonomy":"product_tag","embeddable":true,"href":"http:\/\/www.bursaprofil.tr\/index.php?rest_route=%2Fwp%2Fv2%2Fproduct_tag&post=15802"}],"curies":[{"name":"wp","href":"https:\/\/api.w.org\/{rel}","templated":true}]}}