{"id":15727,"date":"2024-11-03T14:56:37","date_gmt":"2024-11-03T14:56:37","guid":{"rendered":"http:\/\/www.bursaprofil.tr\/?post_type=product&#038;p=15727"},"modified":"2024-11-03T14:56:38","modified_gmt":"2024-11-03T14:56:38","slug":"mermer-gorunumlu-duvar-paneli-pvc","status":"publish","type":"product","link":"http:\/\/www.bursaprofil.tr\/?product=mermer-gorunumlu-duvar-paneli-pvc","title":{"rendered":"MERMER G\u00d6R\u00dcN\u00dcML\u00dc DUVAR PANEL\u0130 ( PVC )"},"content":{"rendered":"<p>PVC MERMER G\u00d6R\u00dcN\u00dcML\u00dc PANEL<\/p>\n<p>\u015eIK DEKORASYON<\/p>\n<p>GEN\u0130\u015e EBATLAR<\/p>\n<p>FARKLI \u00c7E\u015e\u0130TLER<\/p>\n","protected":false},"excerpt":{"rendered":"<p>PVC MERMER G\u00d6R\u00dcN\u00dcML\u00dc PANEL<\/p>\n<p>\u015eIK DEKORASYON<\/p>\n<p>GEN\u0130\u015e EBATLAR<\/p>\n<p>FARKLI \u00c7E\u015e\u0130TLER<\/p>\n","protected":false},"featured_media":15728,"template":"","meta":[],"product_cat":[42],"product_tag":[139,104,138,140,134,141,143,142,137,133,135,136],"class_list":{"0":"post-15727","1":"product","2":"type-product","3":"status-publish","4":"has-post-thumbnail","6":"product_cat-insaatmalzemeleri","7":"product_tag-bursa-duvar-dekorasyon-paneli","8":"product_tag-bursa-duvar-paneli","9":"product_tag-bursa-duvar-paneli-cesitleri","10":"product_tag-bursa-mermer-gornumlu-duvar-panelleri","11":"product_tag-dekor-paneli","12":"product_tag-duvar-paneli","13":"product_tag-duvar-paneli-cesitleri-bursa","14":"product_tag-duvar-panelleri","15":"product_tag-mermer-gorunumlu-duvar-paneli-bursa","16":"product_tag-mermer-gorunumlu-panel","17":"product_tag-mermer-gorunumlu-pvc","18":"product_tag-mermer-gorunumlupvc-bursa","20":"first","21":"instock","22":"shipping-taxable","23":"product-type-simple"},"yoast_head":"<!-- This site is optimized with the Yoast SEO plugin v25.9 - https:\/\/yoast.com\/wordpress\/plugins\/seo\/ -->\n<title>MERMER G\u00d6R\u00dcN\u00dcML\u00dc DUVAR PANEL\u0130 ( PVC ) - BURSA PROF\u0130L<\/title>\n<meta name=\"robots\" content=\"index, follow, max-snippet:-1, max-image-preview:large, max-video-preview:-1\" \/>\n<link rel=\"canonical\" href=\"http:\/\/www.bursaprofil.tr\/?product=mermer-gorunumlu-duvar-paneli-pvc\" \/>\n<meta property=\"og:locale\" content=\"tr_TR\" \/>\n<meta property=\"og:type\" content=\"article\" \/>\n<meta property=\"og:title\" content=\"MERMER G\u00d6R\u00dcN\u00dcML\u00dc DUVAR PANEL\u0130 ( PVC ) - BURSA PROF\u0130L\" \/>\n<meta property=\"og:description\" content=\"PVC MERMER G\u00d6R\u00dcN\u00dcML\u00dc PANEL  \u015eIK DEKORASYON  GEN\u0130\u015e EBATLAR  FARKLI \u00c7E\u015e\u0130TLER\" \/>\n<meta property=\"og:url\" content=\"http:\/\/www.bursaprofil.tr\/?product=mermer-gorunumlu-duvar-paneli-pvc\" \/>\n<meta property=\"og:site_name\" content=\"BURSA PROF\u0130L\" \/>\n<meta property=\"article:modified_time\" content=\"2024-11-03T14:56:38+00:00\" \/>\n<meta property=\"og:image\" content=\"http:\/\/www.bursaprofil.tr\/wp-content\/uploads\/2024\/11\/mermer1.png\" \/>\n\t<meta property=\"og:image:width\" content=\"505\" \/>\n\t<meta property=\"og:image:height\" content=\"477\" \/>\n\t<meta property=\"og:image:type\" content=\"image\/png\" \/>\n<meta name=\"twitter:card\" content=\"summary_large_image\" \/>\n<script type=\"application\/ld+json\" class=\"yoast-schema-graph\">{\"@context\":\"https:\/\/schema.org\",\"@graph\":[{\"@type\":\"WebPage\",\"@id\":\"http:\/\/www.bursaprofil.tr\/?product=mermer-gorunumlu-duvar-paneli-pvc\",\"url\":\"http:\/\/www.bursaprofil.tr\/?product=mermer-gorunumlu-duvar-paneli-pvc\",\"name\":\"MERMER G\u00d6R\u00dcN\u00dcML\u00dc DUVAR PANEL\u0130 ( PVC ) - BURSA PROF\u0130L\",\"isPartOf\":{\"@id\":\"http:\/\/www.bursaprofil.tr\/#website\"},\"primaryImageOfPage\":{\"@id\":\"http:\/\/www.bursaprofil.tr\/?product=mermer-gorunumlu-duvar-paneli-pvc#primaryimage\"},\"image\":{\"@id\":\"http:\/\/www.bursaprofil.tr\/?product=mermer-gorunumlu-duvar-paneli-pvc#primaryimage\"},\"thumbnailUrl\":\"http:\/\/www.bursaprofil.tr\/wp-content\/uploads\/2024\/11\/mermer1.png\",\"datePublished\":\"2024-11-03T14:56:37+00:00\",\"dateModified\":\"2024-11-03T14:56:38+00:00\",\"breadcrumb\":{\"@id\":\"http:\/\/www.bursaprofil.tr\/?product=mermer-gorunumlu-duvar-paneli-pvc#breadcrumb\"},\"inLanguage\":\"tr\",\"potentialAction\":[{\"@type\":\"ReadAction\",\"target\":[\"http:\/\/www.bursaprofil.tr\/?product=mermer-gorunumlu-duvar-paneli-pvc\"]}]},{\"@type\":\"ImageObject\",\"inLanguage\":\"tr\",\"@id\":\"http:\/\/www.bursaprofil.tr\/?product=mermer-gorunumlu-duvar-paneli-pvc#primaryimage\",\"url\":\"http:\/\/www.bursaprofil.tr\/wp-content\/uploads\/2024\/11\/mermer1.png\",\"contentUrl\":\"http:\/\/www.bursaprofil.tr\/wp-content\/uploads\/2024\/11\/mermer1.png\",\"width\":505,\"height\":477},{\"@type\":\"BreadcrumbList\",\"@id\":\"http:\/\/www.bursaprofil.tr\/?product=mermer-gorunumlu-duvar-paneli-pvc#breadcrumb\",\"itemListElement\":[{\"@type\":\"ListItem\",\"position\":1,\"name\":\"Home\",\"item\":\"http:\/\/www.bursaprofil.tr\/\"},{\"@type\":\"ListItem\",\"position\":2,\"name\":\"BURSAPROF\u0130L\u00ae Online Ma\u011faza\",\"item\":\"http:\/\/www.bursaprofil.tr\/?page_id=47\"},{\"@type\":\"ListItem\",\"position\":3,\"name\":\"MERMER G\u00d6R\u00dcN\u00dcML\u00dc DUVAR PANEL\u0130 ( PVC )\"}]},{\"@type\":\"WebSite\",\"@id\":\"http:\/\/www.bursaprofil.tr\/#website\",\"url\":\"http:\/\/www.bursaprofil.tr\/\",\"name\":\"BURSA PROF\u0130L\",\"description\":\"TOPTAN VE PERAKENDE PROF\u0130L SATI\u015eI\",\"publisher\":{\"@id\":\"http:\/\/www.bursaprofil.tr\/#organization\"},\"potentialAction\":[{\"@type\":\"SearchAction\",\"target\":{\"@type\":\"EntryPoint\",\"urlTemplate\":\"http:\/\/www.bursaprofil.tr\/?s={search_term_string}\"},\"query-input\":{\"@type\":\"PropertyValueSpecification\",\"valueRequired\":true,\"valueName\":\"search_term_string\"}}],\"inLanguage\":\"tr\"},{\"@type\":\"Organization\",\"@id\":\"http:\/\/www.bursaprofil.tr\/#organization\",\"name\":\"BURSA PROF\u0130L\",\"url\":\"http:\/\/www.bursaprofil.tr\/\",\"logo\":{\"@type\":\"ImageObject\",\"inLanguage\":\"tr\",\"@id\":\"http:\/\/www.bursaprofil.tr\/#\/schema\/logo\/image\/\",\"url\":\"http:\/\/www.bursaprofil.tr\/wp-content\/uploads\/2024\/10\/dikdortgen-kutu-profil-agirlik-tablosu.jpg\",\"contentUrl\":\"http:\/\/www.bursaprofil.tr\/wp-content\/uploads\/2024\/10\/dikdortgen-kutu-profil-agirlik-tablosu.jpg\",\"width\":500,\"height\":331,\"caption\":\"BURSA PROF\u0130L\"},\"image\":{\"@id\":\"http:\/\/www.bursaprofil.tr\/#\/schema\/logo\/image\/\"}}]}<\/script>\n<!-- \/ Yoast SEO plugin. -->","yoast_head_json":{"title":"MERMER G\u00d6R\u00dcN\u00dcML\u00dc DUVAR PANEL\u0130 ( PVC ) - BURSA PROF\u0130L","robots":{"index":"index","follow":"follow","max-snippet":"max-snippet:-1","max-image-preview":"max-image-preview:large","max-video-preview":"max-video-preview:-1"},"canonical":"http:\/\/www.bursaprofil.tr\/?product=mermer-gorunumlu-duvar-paneli-pvc","og_locale":"tr_TR","og_type":"article","og_title":"MERMER G\u00d6R\u00dcN\u00dcML\u00dc DUVAR PANEL\u0130 ( PVC ) - BURSA PROF\u0130L","og_description":"PVC MERMER G\u00d6R\u00dcN\u00dcML\u00dc PANEL  \u015eIK DEKORASYON  GEN\u0130\u015e EBATLAR  FARKLI \u00c7E\u015e\u0130TLER","og_url":"http:\/\/www.bursaprofil.tr\/?product=mermer-gorunumlu-duvar-paneli-pvc","og_site_name":"BURSA PROF\u0130L","article_modified_time":"2024-11-03T14:56:38+00:00","og_image":[{"width":505,"height":477,"url":"http:\/\/www.bursaprofil.tr\/wp-content\/uploads\/2024\/11\/mermer1.png","type":"image\/png"}],"twitter_card":"summary_large_image","schema":{"@context":"https:\/\/schema.org","@graph":[{"@type":"WebPage","@id":"http:\/\/www.bursaprofil.tr\/?product=mermer-gorunumlu-duvar-paneli-pvc","url":"http:\/\/www.bursaprofil.tr\/?product=mermer-gorunumlu-duvar-paneli-pvc","name":"MERMER G\u00d6R\u00dcN\u00dcML\u00dc DUVAR PANEL\u0130 ( PVC ) - BURSA PROF\u0130L","isPartOf":{"@id":"http:\/\/www.bursaprofil.tr\/#website"},"primaryImageOfPage":{"@id":"http:\/\/www.bursaprofil.tr\/?product=mermer-gorunumlu-duvar-paneli-pvc#primaryimage"},"image":{"@id":"http:\/\/www.bursaprofil.tr\/?product=mermer-gorunumlu-duvar-paneli-pvc#primaryimage"},"thumbnailUrl":"http:\/\/www.bursaprofil.tr\/wp-content\/uploads\/2024\/11\/mermer1.png","datePublished":"2024-11-03T14:56:37+00:00","dateModified":"2024-11-03T14:56:38+00:00","breadcrumb":{"@id":"http:\/\/www.bursaprofil.tr\/?product=mermer-gorunumlu-duvar-paneli-pvc#breadcrumb"},"inLanguage":"tr","potentialAction":[{"@type":"ReadAction","target":["http:\/\/www.bursaprofil.tr\/?product=mermer-gorunumlu-duvar-paneli-pvc"]}]},{"@type":"ImageObject","inLanguage":"tr","@id":"http:\/\/www.bursaprofil.tr\/?product=mermer-gorunumlu-duvar-paneli-pvc#primaryimage","url":"http:\/\/www.bursaprofil.tr\/wp-content\/uploads\/2024\/11\/mermer1.png","contentUrl":"http:\/\/www.bursaprofil.tr\/wp-content\/uploads\/2024\/11\/mermer1.png","width":505,"height":477},{"@type":"BreadcrumbList","@id":"http:\/\/www.bursaprofil.tr\/?product=mermer-gorunumlu-duvar-paneli-pvc#breadcrumb","itemListElement":[{"@type":"ListItem","position":1,"name":"Home","item":"http:\/\/www.bursaprofil.tr\/"},{"@type":"ListItem","position":2,"name":"BURSAPROF\u0130L\u00ae Online Ma\u011faza","item":"http:\/\/www.bursaprofil.tr\/?page_id=47"},{"@type":"ListItem","position":3,"name":"MERMER G\u00d6R\u00dcN\u00dcML\u00dc DUVAR PANEL\u0130 ( PVC )"}]},{"@type":"WebSite","@id":"http:\/\/www.bursaprofil.tr\/#website","url":"http:\/\/www.bursaprofil.tr\/","name":"BURSA PROF\u0130L","description":"TOPTAN VE PERAKENDE PROF\u0130L SATI\u015eI","publisher":{"@id":"http:\/\/www.bursaprofil.tr\/#organization"},"potentialAction":[{"@type":"SearchAction","target":{"@type":"EntryPoint","urlTemplate":"http:\/\/www.bursaprofil.tr\/?s={search_term_string}"},"query-input":{"@type":"PropertyValueSpecification","valueRequired":true,"valueName":"search_term_string"}}],"inLanguage":"tr"},{"@type":"Organization","@id":"http:\/\/www.bursaprofil.tr\/#organization","name":"BURSA PROF\u0130L","url":"http:\/\/www.bursaprofil.tr\/","logo":{"@type":"ImageObject","inLanguage":"tr","@id":"http:\/\/www.bursaprofil.tr\/#\/schema\/logo\/image\/","url":"http:\/\/www.bursaprofil.tr\/wp-content\/uploads\/2024\/10\/dikdortgen-kutu-profil-agirlik-tablosu.jpg","contentUrl":"http:\/\/www.bursaprofil.tr\/wp-content\/uploads\/2024\/10\/dikdortgen-kutu-profil-agirlik-tablosu.jpg","width":500,"height":331,"caption":"BURSA PROF\u0130L"},"image":{"@id":"http:\/\/www.bursaprofil.tr\/#\/schema\/logo\/image\/"}}]}},"_links":{"self":[{"href":"http:\/\/www.bursaprofil.tr\/index.php?rest_route=\/wp\/v2\/product\/15727","targetHints":{"allow":["GET"]}}],"collection":[{"href":"http:\/\/www.bursaprofil.tr\/index.php?rest_route=\/wp\/v2\/product"}],"about":[{"href":"http:\/\/www.bursaprofil.tr\/index.php?rest_route=\/wp\/v2\/types\/product"}],"version-history":[{"count":1,"href":"http:\/\/www.bursaprofil.tr\/index.php?rest_route=\/wp\/v2\/product\/15727\/revisions"}],"predecessor-version":[{"id":15733,"href":"http:\/\/www.bursaprofil.tr\/index.php?rest_route=\/wp\/v2\/product\/15727\/revisions\/15733"}],"wp:featuredmedia":[{"embeddable":true,"href":"http:\/\/www.bursaprofil.tr\/index.php?rest_route=\/wp\/v2\/media\/15728"}],"wp:attachment":[{"href":"http:\/\/www.bursaprofil.tr\/index.php?rest_route=%2Fwp%2Fv2%2Fmedia&parent=15727"}],"wp:term":[{"taxonomy":"product_cat","embeddable":true,"href":"http:\/\/www.bursaprofil.tr\/index.php?rest_route=%2Fwp%2Fv2%2Fproduct_cat&post=15727"},{"taxonomy":"product_tag","embeddable":true,"href":"http:\/\/www.bursaprofil.tr\/index.php?rest_route=%2Fwp%2Fv2%2Fproduct_tag&post=15727"}],"curies":[{"name":"wp","href":"https:\/\/api.w.org\/{rel}","templated":true}]}}