{"id":15700,"date":"2024-10-31T20:18:08","date_gmt":"2024-10-31T20:18:08","guid":{"rendered":"http:\/\/www.bursaprofil.tr\/?post_type=product&#038;p=15700"},"modified":"2024-10-31T20:25:43","modified_gmt":"2024-10-31T20:25:43","slug":"roll-panel-cati-paneli","status":"publish","type":"product","link":"http:\/\/www.bursaprofil.tr\/?product=roll-panel-cati-paneli","title":{"rendered":"ROLL PANEL &#8211; \u00c7ATI PANEL\u0130"},"content":{"rendered":"<p>ROLL PANEL MARKA \u00c7ATI PANEL\u0130<\/p>\n<p>\u0130STEN\u0130LEN T\u00dcM METRELERDE STOK MEVCUTTUR.<\/p>\n<p>&nbsp;<\/p>\n","protected":false},"excerpt":{"rendered":"<p>ROLL PANEL MARKA \u00c7ATI PANEL\u0130<\/p>\n<p>STOK SORUNSUZ MALZEME<\/p>\n","protected":false},"featured_media":15701,"template":"","meta":[],"product_cat":[28],"product_tag":[99,91,92,90,93,94,95,96,97,98],"class_list":{"0":"post-15700","1":"product","2":"type-product","3":"status-publish","4":"has-post-thumbnail","6":"product_cat-sandvicpanel","7":"product_tag-bursa-cati-paneli","8":"product_tag-bursa-roll-cati-paneli","9":"product_tag-bursa-roll-marka-panel","10":"product_tag-roll-panel-bursa","11":"product_tag-roll-panel-fabrika-bayii","12":"product_tag-roll-panel-perakende-satis","13":"product_tag-roll-panel-toptan-satis","14":"product_tag-sandvic-panel-toptan-satis","15":"product_tag-sandvic-panel-uretim","16":"product_tag-tir-bazi-sandvic-panel-satisi","18":"first","19":"instock","20":"shipping-taxable","21":"purchasable","22":"product-type-simple"},"yoast_head":"<!-- This site is optimized with the Yoast SEO plugin v25.9 - https:\/\/yoast.com\/wordpress\/plugins\/seo\/ -->\n<title>ROLL PANEL - \u00c7ATI PANEL\u0130 - BURSA PROF\u0130L<\/title>\n<meta name=\"robots\" content=\"index, follow, max-snippet:-1, max-image-preview:large, max-video-preview:-1\" \/>\n<link rel=\"canonical\" href=\"http:\/\/www.bursaprofil.tr\/?product=roll-panel-cati-paneli\" \/>\n<meta property=\"og:locale\" content=\"tr_TR\" \/>\n<meta property=\"og:type\" content=\"article\" \/>\n<meta property=\"og:title\" content=\"ROLL PANEL - \u00c7ATI PANEL\u0130 - BURSA PROF\u0130L\" \/>\n<meta property=\"og:description\" content=\"ROLL PANEL MARKA \u00c7ATI PANEL\u0130  STOK SORUNSUZ MALZEME\" \/>\n<meta property=\"og:url\" content=\"http:\/\/www.bursaprofil.tr\/?product=roll-panel-cati-paneli\" \/>\n<meta property=\"og:site_name\" content=\"BURSA PROF\u0130L\" \/>\n<meta property=\"article:modified_time\" content=\"2024-10-31T20:25:43+00:00\" \/>\n<meta property=\"og:image\" content=\"http:\/\/www.bursaprofil.tr\/wp-content\/uploads\/2024\/10\/ROLLPANEL.jpg\" \/>\n\t<meta property=\"og:image:width\" content=\"229\" \/>\n\t<meta property=\"og:image:height\" content=\"220\" \/>\n\t<meta property=\"og:image:type\" content=\"image\/jpeg\" \/>\n<meta name=\"twitter:card\" content=\"summary_large_image\" \/>\n<script type=\"application\/ld+json\" class=\"yoast-schema-graph\">{\"@context\":\"https:\/\/schema.org\",\"@graph\":[{\"@type\":\"WebPage\",\"@id\":\"http:\/\/www.bursaprofil.tr\/?product=roll-panel-cati-paneli\",\"url\":\"http:\/\/www.bursaprofil.tr\/?product=roll-panel-cati-paneli\",\"name\":\"ROLL PANEL - \u00c7ATI PANEL\u0130 - BURSA PROF\u0130L\",\"isPartOf\":{\"@id\":\"http:\/\/www.bursaprofil.tr\/#website\"},\"primaryImageOfPage\":{\"@id\":\"http:\/\/www.bursaprofil.tr\/?product=roll-panel-cati-paneli#primaryimage\"},\"image\":{\"@id\":\"http:\/\/www.bursaprofil.tr\/?product=roll-panel-cati-paneli#primaryimage\"},\"thumbnailUrl\":\"http:\/\/www.bursaprofil.tr\/wp-content\/uploads\/2024\/10\/ROLLPANEL.jpg\",\"datePublished\":\"2024-10-31T20:18:08+00:00\",\"dateModified\":\"2024-10-31T20:25:43+00:00\",\"breadcrumb\":{\"@id\":\"http:\/\/www.bursaprofil.tr\/?product=roll-panel-cati-paneli#breadcrumb\"},\"inLanguage\":\"tr\",\"potentialAction\":[{\"@type\":\"ReadAction\",\"target\":[\"http:\/\/www.bursaprofil.tr\/?product=roll-panel-cati-paneli\"]}]},{\"@type\":\"ImageObject\",\"inLanguage\":\"tr\",\"@id\":\"http:\/\/www.bursaprofil.tr\/?product=roll-panel-cati-paneli#primaryimage\",\"url\":\"http:\/\/www.bursaprofil.tr\/wp-content\/uploads\/2024\/10\/ROLLPANEL.jpg\",\"contentUrl\":\"http:\/\/www.bursaprofil.tr\/wp-content\/uploads\/2024\/10\/ROLLPANEL.jpg\",\"width\":229,\"height\":220},{\"@type\":\"BreadcrumbList\",\"@id\":\"http:\/\/www.bursaprofil.tr\/?product=roll-panel-cati-paneli#breadcrumb\",\"itemListElement\":[{\"@type\":\"ListItem\",\"position\":1,\"name\":\"Home\",\"item\":\"http:\/\/www.bursaprofil.tr\/\"},{\"@type\":\"ListItem\",\"position\":2,\"name\":\"BURSAPROF\u0130L\u00ae Online Ma\u011faza\",\"item\":\"http:\/\/www.bursaprofil.tr\/?page_id=47\"},{\"@type\":\"ListItem\",\"position\":3,\"name\":\"ROLL PANEL &#8211; \u00c7ATI PANEL\u0130\"}]},{\"@type\":\"WebSite\",\"@id\":\"http:\/\/www.bursaprofil.tr\/#website\",\"url\":\"http:\/\/www.bursaprofil.tr\/\",\"name\":\"BURSA PROF\u0130L\",\"description\":\"TOPTAN VE PERAKENDE PROF\u0130L SATI\u015eI\",\"publisher\":{\"@id\":\"http:\/\/www.bursaprofil.tr\/#organization\"},\"potentialAction\":[{\"@type\":\"SearchAction\",\"target\":{\"@type\":\"EntryPoint\",\"urlTemplate\":\"http:\/\/www.bursaprofil.tr\/?s={search_term_string}\"},\"query-input\":{\"@type\":\"PropertyValueSpecification\",\"valueRequired\":true,\"valueName\":\"search_term_string\"}}],\"inLanguage\":\"tr\"},{\"@type\":\"Organization\",\"@id\":\"http:\/\/www.bursaprofil.tr\/#organization\",\"name\":\"BURSA PROF\u0130L\",\"url\":\"http:\/\/www.bursaprofil.tr\/\",\"logo\":{\"@type\":\"ImageObject\",\"inLanguage\":\"tr\",\"@id\":\"http:\/\/www.bursaprofil.tr\/#\/schema\/logo\/image\/\",\"url\":\"http:\/\/www.bursaprofil.tr\/wp-content\/uploads\/2024\/10\/dikdortgen-kutu-profil-agirlik-tablosu.jpg\",\"contentUrl\":\"http:\/\/www.bursaprofil.tr\/wp-content\/uploads\/2024\/10\/dikdortgen-kutu-profil-agirlik-tablosu.jpg\",\"width\":500,\"height\":331,\"caption\":\"BURSA PROF\u0130L\"},\"image\":{\"@id\":\"http:\/\/www.bursaprofil.tr\/#\/schema\/logo\/image\/\"}}]}<\/script>\n<!-- \/ Yoast SEO plugin. -->","yoast_head_json":{"title":"ROLL PANEL - \u00c7ATI PANEL\u0130 - BURSA PROF\u0130L","robots":{"index":"index","follow":"follow","max-snippet":"max-snippet:-1","max-image-preview":"max-image-preview:large","max-video-preview":"max-video-preview:-1"},"canonical":"http:\/\/www.bursaprofil.tr\/?product=roll-panel-cati-paneli","og_locale":"tr_TR","og_type":"article","og_title":"ROLL PANEL - \u00c7ATI PANEL\u0130 - BURSA PROF\u0130L","og_description":"ROLL PANEL MARKA \u00c7ATI PANEL\u0130  STOK SORUNSUZ MALZEME","og_url":"http:\/\/www.bursaprofil.tr\/?product=roll-panel-cati-paneli","og_site_name":"BURSA PROF\u0130L","article_modified_time":"2024-10-31T20:25:43+00:00","og_image":[{"width":229,"height":220,"url":"http:\/\/www.bursaprofil.tr\/wp-content\/uploads\/2024\/10\/ROLLPANEL.jpg","type":"image\/jpeg"}],"twitter_card":"summary_large_image","schema":{"@context":"https:\/\/schema.org","@graph":[{"@type":"WebPage","@id":"http:\/\/www.bursaprofil.tr\/?product=roll-panel-cati-paneli","url":"http:\/\/www.bursaprofil.tr\/?product=roll-panel-cati-paneli","name":"ROLL PANEL - \u00c7ATI PANEL\u0130 - BURSA PROF\u0130L","isPartOf":{"@id":"http:\/\/www.bursaprofil.tr\/#website"},"primaryImageOfPage":{"@id":"http:\/\/www.bursaprofil.tr\/?product=roll-panel-cati-paneli#primaryimage"},"image":{"@id":"http:\/\/www.bursaprofil.tr\/?product=roll-panel-cati-paneli#primaryimage"},"thumbnailUrl":"http:\/\/www.bursaprofil.tr\/wp-content\/uploads\/2024\/10\/ROLLPANEL.jpg","datePublished":"2024-10-31T20:18:08+00:00","dateModified":"2024-10-31T20:25:43+00:00","breadcrumb":{"@id":"http:\/\/www.bursaprofil.tr\/?product=roll-panel-cati-paneli#breadcrumb"},"inLanguage":"tr","potentialAction":[{"@type":"ReadAction","target":["http:\/\/www.bursaprofil.tr\/?product=roll-panel-cati-paneli"]}]},{"@type":"ImageObject","inLanguage":"tr","@id":"http:\/\/www.bursaprofil.tr\/?product=roll-panel-cati-paneli#primaryimage","url":"http:\/\/www.bursaprofil.tr\/wp-content\/uploads\/2024\/10\/ROLLPANEL.jpg","contentUrl":"http:\/\/www.bursaprofil.tr\/wp-content\/uploads\/2024\/10\/ROLLPANEL.jpg","width":229,"height":220},{"@type":"BreadcrumbList","@id":"http:\/\/www.bursaprofil.tr\/?product=roll-panel-cati-paneli#breadcrumb","itemListElement":[{"@type":"ListItem","position":1,"name":"Home","item":"http:\/\/www.bursaprofil.tr\/"},{"@type":"ListItem","position":2,"name":"BURSAPROF\u0130L\u00ae Online Ma\u011faza","item":"http:\/\/www.bursaprofil.tr\/?page_id=47"},{"@type":"ListItem","position":3,"name":"ROLL PANEL &#8211; \u00c7ATI PANEL\u0130"}]},{"@type":"WebSite","@id":"http:\/\/www.bursaprofil.tr\/#website","url":"http:\/\/www.bursaprofil.tr\/","name":"BURSA PROF\u0130L","description":"TOPTAN VE PERAKENDE PROF\u0130L SATI\u015eI","publisher":{"@id":"http:\/\/www.bursaprofil.tr\/#organization"},"potentialAction":[{"@type":"SearchAction","target":{"@type":"EntryPoint","urlTemplate":"http:\/\/www.bursaprofil.tr\/?s={search_term_string}"},"query-input":{"@type":"PropertyValueSpecification","valueRequired":true,"valueName":"search_term_string"}}],"inLanguage":"tr"},{"@type":"Organization","@id":"http:\/\/www.bursaprofil.tr\/#organization","name":"BURSA PROF\u0130L","url":"http:\/\/www.bursaprofil.tr\/","logo":{"@type":"ImageObject","inLanguage":"tr","@id":"http:\/\/www.bursaprofil.tr\/#\/schema\/logo\/image\/","url":"http:\/\/www.bursaprofil.tr\/wp-content\/uploads\/2024\/10\/dikdortgen-kutu-profil-agirlik-tablosu.jpg","contentUrl":"http:\/\/www.bursaprofil.tr\/wp-content\/uploads\/2024\/10\/dikdortgen-kutu-profil-agirlik-tablosu.jpg","width":500,"height":331,"caption":"BURSA PROF\u0130L"},"image":{"@id":"http:\/\/www.bursaprofil.tr\/#\/schema\/logo\/image\/"}}]}},"_links":{"self":[{"href":"http:\/\/www.bursaprofil.tr\/index.php?rest_route=\/wp\/v2\/product\/15700","targetHints":{"allow":["GET"]}}],"collection":[{"href":"http:\/\/www.bursaprofil.tr\/index.php?rest_route=\/wp\/v2\/product"}],"about":[{"href":"http:\/\/www.bursaprofil.tr\/index.php?rest_route=\/wp\/v2\/types\/product"}],"version-history":[{"count":1,"href":"http:\/\/www.bursaprofil.tr\/index.php?rest_route=\/wp\/v2\/product\/15700\/revisions"}],"predecessor-version":[{"id":15702,"href":"http:\/\/www.bursaprofil.tr\/index.php?rest_route=\/wp\/v2\/product\/15700\/revisions\/15702"}],"wp:featuredmedia":[{"embeddable":true,"href":"http:\/\/www.bursaprofil.tr\/index.php?rest_route=\/wp\/v2\/media\/15701"}],"wp:attachment":[{"href":"http:\/\/www.bursaprofil.tr\/index.php?rest_route=%2Fwp%2Fv2%2Fmedia&parent=15700"}],"wp:term":[{"taxonomy":"product_cat","embeddable":true,"href":"http:\/\/www.bursaprofil.tr\/index.php?rest_route=%2Fwp%2Fv2%2Fproduct_cat&post=15700"},{"taxonomy":"product_tag","embeddable":true,"href":"http:\/\/www.bursaprofil.tr\/index.php?rest_route=%2Fwp%2Fv2%2Fproduct_tag&post=15700"}],"curies":[{"name":"wp","href":"https:\/\/api.w.org\/{rel}","templated":true}]}}