{"id":45,"date":"2021-08-26T12:21:44","date_gmt":"2021-08-26T12:21:44","guid":{"rendered":"http:\/\/dummy.xtemos.com\/woodmart2\/elementor\/?page_id=45"},"modified":"2025-08-28T18:06:31","modified_gmt":"2025-08-28T18:06:31","slug":"compare","status":"publish","type":"page","link":"http:\/\/www.bursaprofil.tr\/?page_id=45","title":{"rendered":"BURSA PROF\u0130L"},"content":{"rendered":"","protected":false},"excerpt":{"rendered":"","protected":false},"author":1,"featured_media":15745,"parent":0,"menu_order":0,"comment_status":"closed","ping_status":"closed","template":"","meta":{"footnotes":""},"class_list":["post-45","page","type-page","status-publish","has-post-thumbnail","hentry"],"yoast_head":"<!-- This site is optimized with the Yoast SEO plugin v25.9 - https:\/\/yoast.com\/wordpress\/plugins\/seo\/ -->\n<title>BURSA PROF\u0130L - BURSA PROF\u0130L<\/title>\n<meta name=\"robots\" content=\"index, follow, max-snippet:-1, max-image-preview:large, max-video-preview:-1\" \/>\n<link rel=\"canonical\" href=\"http:\/\/www.bursaprofil.tr\/?page_id=45\" \/>\n<meta property=\"og:locale\" content=\"tr_TR\" \/>\n<meta property=\"og:type\" content=\"article\" \/>\n<meta property=\"og:title\" content=\"BURSA PROF\u0130L - BURSA PROF\u0130L\" \/>\n<meta property=\"og:url\" content=\"http:\/\/www.bursaprofil.tr\/?page_id=45\" \/>\n<meta property=\"og:site_name\" content=\"BURSA PROF\u0130L\" \/>\n<meta property=\"article:modified_time\" content=\"2025-08-28T18:06:31+00:00\" \/>\n<meta property=\"og:image\" content=\"http:\/\/www.bursaprofil.tr\/wp-content\/uploads\/2021\/08\/bp.jpg\" \/>\n\t<meta property=\"og:image:width\" content=\"135\" \/>\n\t<meta property=\"og:image:height\" content=\"40\" \/>\n\t<meta property=\"og:image:type\" content=\"image\/jpeg\" \/>\n<meta name=\"twitter:card\" content=\"summary_large_image\" \/>\n<script type=\"application\/ld+json\" class=\"yoast-schema-graph\">{\"@context\":\"https:\/\/schema.org\",\"@graph\":[{\"@type\":\"WebPage\",\"@id\":\"http:\/\/www.bursaprofil.tr\/?page_id=45\",\"url\":\"http:\/\/www.bursaprofil.tr\/?page_id=45\",\"name\":\"BURSA PROF\u0130L - BURSA PROF\u0130L\",\"isPartOf\":{\"@id\":\"http:\/\/www.bursaprofil.tr\/#website\"},\"primaryImageOfPage\":{\"@id\":\"http:\/\/www.bursaprofil.tr\/?page_id=45#primaryimage\"},\"image\":{\"@id\":\"http:\/\/www.bursaprofil.tr\/?page_id=45#primaryimage\"},\"thumbnailUrl\":\"http:\/\/www.bursaprofil.tr\/wp-content\/uploads\/2021\/08\/bp.jpg\",\"datePublished\":\"2021-08-26T12:21:44+00:00\",\"dateModified\":\"2025-08-28T18:06:31+00:00\",\"breadcrumb\":{\"@id\":\"http:\/\/www.bursaprofil.tr\/?page_id=45#breadcrumb\"},\"inLanguage\":\"tr\",\"potentialAction\":[{\"@type\":\"ReadAction\",\"target\":[\"http:\/\/www.bursaprofil.tr\/?page_id=45\"]}]},{\"@type\":\"ImageObject\",\"inLanguage\":\"tr\",\"@id\":\"http:\/\/www.bursaprofil.tr\/?page_id=45#primaryimage\",\"url\":\"http:\/\/www.bursaprofil.tr\/wp-content\/uploads\/2021\/08\/bp.jpg\",\"contentUrl\":\"http:\/\/www.bursaprofil.tr\/wp-content\/uploads\/2021\/08\/bp.jpg\",\"width\":135,\"height\":40},{\"@type\":\"BreadcrumbList\",\"@id\":\"http:\/\/www.bursaprofil.tr\/?page_id=45#breadcrumb\",\"itemListElement\":[{\"@type\":\"ListItem\",\"position\":1,\"name\":\"Home\",\"item\":\"http:\/\/www.bursaprofil.tr\/\"},{\"@type\":\"ListItem\",\"position\":2,\"name\":\"BURSA PROF\u0130L\"}]},{\"@type\":\"WebSite\",\"@id\":\"http:\/\/www.bursaprofil.tr\/#website\",\"url\":\"http:\/\/www.bursaprofil.tr\/\",\"name\":\"BURSA PROF\u0130L\",\"description\":\"TOPTAN VE PERAKENDE PROF\u0130L SATI\u015eI\",\"publisher\":{\"@id\":\"http:\/\/www.bursaprofil.tr\/#organization\"},\"potentialAction\":[{\"@type\":\"SearchAction\",\"target\":{\"@type\":\"EntryPoint\",\"urlTemplate\":\"http:\/\/www.bursaprofil.tr\/?s={search_term_string}\"},\"query-input\":{\"@type\":\"PropertyValueSpecification\",\"valueRequired\":true,\"valueName\":\"search_term_string\"}}],\"inLanguage\":\"tr\"},{\"@type\":\"Organization\",\"@id\":\"http:\/\/www.bursaprofil.tr\/#organization\",\"name\":\"BURSA PROF\u0130L\",\"url\":\"http:\/\/www.bursaprofil.tr\/\",\"logo\":{\"@type\":\"ImageObject\",\"inLanguage\":\"tr\",\"@id\":\"http:\/\/www.bursaprofil.tr\/#\/schema\/logo\/image\/\",\"url\":\"http:\/\/www.bursaprofil.tr\/wp-content\/uploads\/2024\/10\/dikdortgen-kutu-profil-agirlik-tablosu.jpg\",\"contentUrl\":\"http:\/\/www.bursaprofil.tr\/wp-content\/uploads\/2024\/10\/dikdortgen-kutu-profil-agirlik-tablosu.jpg\",\"width\":500,\"height\":331,\"caption\":\"BURSA PROF\u0130L\"},\"image\":{\"@id\":\"http:\/\/www.bursaprofil.tr\/#\/schema\/logo\/image\/\"}}]}<\/script>\n<!-- \/ Yoast SEO plugin. -->","yoast_head_json":{"title":"BURSA PROF\u0130L - BURSA PROF\u0130L","robots":{"index":"index","follow":"follow","max-snippet":"max-snippet:-1","max-image-preview":"max-image-preview:large","max-video-preview":"max-video-preview:-1"},"canonical":"http:\/\/www.bursaprofil.tr\/?page_id=45","og_locale":"tr_TR","og_type":"article","og_title":"BURSA PROF\u0130L - BURSA PROF\u0130L","og_url":"http:\/\/www.bursaprofil.tr\/?page_id=45","og_site_name":"BURSA PROF\u0130L","article_modified_time":"2025-08-28T18:06:31+00:00","og_image":[{"width":135,"height":40,"url":"http:\/\/www.bursaprofil.tr\/wp-content\/uploads\/2021\/08\/bp.jpg","type":"image\/jpeg"}],"twitter_card":"summary_large_image","schema":{"@context":"https:\/\/schema.org","@graph":[{"@type":"WebPage","@id":"http:\/\/www.bursaprofil.tr\/?page_id=45","url":"http:\/\/www.bursaprofil.tr\/?page_id=45","name":"BURSA PROF\u0130L - BURSA PROF\u0130L","isPartOf":{"@id":"http:\/\/www.bursaprofil.tr\/#website"},"primaryImageOfPage":{"@id":"http:\/\/www.bursaprofil.tr\/?page_id=45#primaryimage"},"image":{"@id":"http:\/\/www.bursaprofil.tr\/?page_id=45#primaryimage"},"thumbnailUrl":"http:\/\/www.bursaprofil.tr\/wp-content\/uploads\/2021\/08\/bp.jpg","datePublished":"2021-08-26T12:21:44+00:00","dateModified":"2025-08-28T18:06:31+00:00","breadcrumb":{"@id":"http:\/\/www.bursaprofil.tr\/?page_id=45#breadcrumb"},"inLanguage":"tr","potentialAction":[{"@type":"ReadAction","target":["http:\/\/www.bursaprofil.tr\/?page_id=45"]}]},{"@type":"ImageObject","inLanguage":"tr","@id":"http:\/\/www.bursaprofil.tr\/?page_id=45#primaryimage","url":"http:\/\/www.bursaprofil.tr\/wp-content\/uploads\/2021\/08\/bp.jpg","contentUrl":"http:\/\/www.bursaprofil.tr\/wp-content\/uploads\/2021\/08\/bp.jpg","width":135,"height":40},{"@type":"BreadcrumbList","@id":"http:\/\/www.bursaprofil.tr\/?page_id=45#breadcrumb","itemListElement":[{"@type":"ListItem","position":1,"name":"Home","item":"http:\/\/www.bursaprofil.tr\/"},{"@type":"ListItem","position":2,"name":"BURSA PROF\u0130L"}]},{"@type":"WebSite","@id":"http:\/\/www.bursaprofil.tr\/#website","url":"http:\/\/www.bursaprofil.tr\/","name":"BURSA PROF\u0130L","description":"TOPTAN VE PERAKENDE PROF\u0130L SATI\u015eI","publisher":{"@id":"http:\/\/www.bursaprofil.tr\/#organization"},"potentialAction":[{"@type":"SearchAction","target":{"@type":"EntryPoint","urlTemplate":"http:\/\/www.bursaprofil.tr\/?s={search_term_string}"},"query-input":{"@type":"PropertyValueSpecification","valueRequired":true,"valueName":"search_term_string"}}],"inLanguage":"tr"},{"@type":"Organization","@id":"http:\/\/www.bursaprofil.tr\/#organization","name":"BURSA PROF\u0130L","url":"http:\/\/www.bursaprofil.tr\/","logo":{"@type":"ImageObject","inLanguage":"tr","@id":"http:\/\/www.bursaprofil.tr\/#\/schema\/logo\/image\/","url":"http:\/\/www.bursaprofil.tr\/wp-content\/uploads\/2024\/10\/dikdortgen-kutu-profil-agirlik-tablosu.jpg","contentUrl":"http:\/\/www.bursaprofil.tr\/wp-content\/uploads\/2024\/10\/dikdortgen-kutu-profil-agirlik-tablosu.jpg","width":500,"height":331,"caption":"BURSA PROF\u0130L"},"image":{"@id":"http:\/\/www.bursaprofil.tr\/#\/schema\/logo\/image\/"}}]}},"_links":{"self":[{"href":"http:\/\/www.bursaprofil.tr\/index.php?rest_route=\/wp\/v2\/pages\/45","targetHints":{"allow":["GET"]}}],"collection":[{"href":"http:\/\/www.bursaprofil.tr\/index.php?rest_route=\/wp\/v2\/pages"}],"about":[{"href":"http:\/\/www.bursaprofil.tr\/index.php?rest_route=\/wp\/v2\/types\/page"}],"author":[{"embeddable":true,"href":"http:\/\/www.bursaprofil.tr\/index.php?rest_route=\/wp\/v2\/users\/1"}],"replies":[{"embeddable":true,"href":"http:\/\/www.bursaprofil.tr\/index.php?rest_route=%2Fwp%2Fv2%2Fcomments&post=45"}],"version-history":[{"count":4,"href":"http:\/\/www.bursaprofil.tr\/index.php?rest_route=\/wp\/v2\/pages\/45\/revisions"}],"predecessor-version":[{"id":16191,"href":"http:\/\/www.bursaprofil.tr\/index.php?rest_route=\/wp\/v2\/pages\/45\/revisions\/16191"}],"wp:featuredmedia":[{"embeddable":true,"href":"http:\/\/www.bursaprofil.tr\/index.php?rest_route=\/wp\/v2\/media\/15745"}],"wp:attachment":[{"href":"http:\/\/www.bursaprofil.tr\/index.php?rest_route=%2Fwp%2Fv2%2Fmedia&parent=45"}],"curies":[{"name":"wp","href":"https:\/\/api.w.org\/{rel}","templated":true}]}}